{"id":1509,"date":"2025-12-08T16:02:31","date_gmt":"2025-12-08T16:02:31","guid":{"rendered":"https:\/\/goocater.com\/?post_type=product&#038;p=1509"},"modified":"2025-12-08T17:16:20","modified_gmt":"2025-12-08T17:16:20","slug":"commercial-automatic-skewer-machine-high-efficiency-kebab-maker","status":"publish","type":"product","link":"https:\/\/goocater.com\/vi\/san-pham\/commercial-automatic-skewer-machine-high-efficiency-kebab-maker\/","title":{"rendered":"M\u00e1y xi\u00ean t\u1ef1 \u0111\u1ed9ng th\u01b0\u01a1ng m\u1ea1i"},"content":{"rendered":"<p><b>N\u00e2ng cao hi\u1ec7u qu\u1ea3 ho\u1ea1t \u0111\u1ed9ng c\u1ee7a nh\u00e0 b\u1ebfp th\u01b0\u01a1ng m\u1ea1i c\u1ee7a b\u1ea1n.<\/b> Gi\u1ea3i ph\u00f3ng \u0111\u00f4i tay c\u1ee7a b\u1ea1n v\u00e0 m\u1edf r\u1ed9ng quy m\u00f4 kinh doanh n\u01b0\u1edbng th\u1ecbt v\u1edbi M\u00e1y xi\u00ean th\u1ecbt t\u1ef1 \u0111\u1ed9ng th\u01b0\u01a1ng m\u1ea1i c\u1ee7a ch\u00fang t\u00f4i. \u0110\u01b0\u1ee3c thi\u1ebft k\u1ebf cho vi\u1ec7c ch\u1ebf bi\u1ebfn th\u1ef1c ph\u1ea9m s\u1ed1 l\u01b0\u1ee3ng l\u1edbn, m\u00e1y n\u00e0y k\u1ebft h\u1ee3p \u0111\u1ed9ng c\u01a1 ho\u00e0n to\u00e0n b\u1eb1ng \u0111\u1ed3ng v\u1edbi h\u1ec7 th\u1ed1ng \u0111i\u1ec1u khi\u1ec3n kh\u00ed n\u00e9n ch\u00ednh x\u00e1c \u0111\u1ec3 t\u1ea1o ra nh\u1eefng xi\u00ean th\u1ecbt ch\u1ea5t l\u01b0\u1ee3ng cao, \u0111\u1ed3ng nh\u1ea5t ch\u1ec9 trong v\u00e0i gi\u00e2y. Cho d\u00f9 b\u1ea1n \u0111ang l\u00e0m satay, yakitori, shish kebab hay xi\u00ean th\u1ecbt c\u1eebu n\u01b0\u1edbng BBQ truy\u1ec1n th\u1ed1ng, m\u00e1y n\u00e0y l\u00e0 gi\u1ea3i ph\u00e1p t\u1ef1 \u0111\u1ed9ng h\u00f3a t\u1ed1i \u01b0u d\u00e0nh cho b\u1ea1n.<\/p>\n<p>&nbsp;<\/p>\n<p>C\u00e1c t\u00ednh n\u0103ng ch\u00ednh<\/p>\n<p>1. Hi\u1ec7u qu\u1ea3 c\u1ef1c nhanh<\/p>\n<p>C\u00f3 kh\u1ea3 n\u0103ng s\u1ea3n xu\u1ea5t <b>1800-2000 xi\u00ean m\u1ed7i gi\u1edd<\/b> v\u1edbi t\u1ed1c \u0111\u1ed9 ch\u1ec9 <b>1,5 \u0111\u1ebfn 2,0 gi\u00e2y cho m\u1ed7i xi\u00ean.<\/b>N\u00f3 thay th\u1ebf hi\u1ec7u qu\u1ea3 lao \u0111\u1ed9ng th\u1ee7 c\u00f4ng, gi\u00fap gi\u1ea3m chi ph\u00ed v\u00e0 t\u0103ng s\u1ea3n l\u01b0\u1ee3ng.<\/p>\n<p>2. Ch\u1ea5t l\u01b0\u1ee3ng ch\u1ebf t\u1ea1o cao c\u1ea5p<\/p>\n<p>\u0110\u01b0\u1ee3c ch\u1ebf t\u1ea1o v\u1edbi ch\u1ea5t l\u01b0\u1ee3ng cao <b>Th\u00e2n b\u1eb1ng th\u00e9p kh\u00f4ng g\u1ec9<\/b> V\u00e0 <b>Khu\u00f4n PP d\u00f9ng trong th\u1ef1c ph\u1ea9m<\/b>\u0110\u1ea3m b\u1ea3o \u0111\u1ed9 b\u1ec1n, kh\u1ea3 n\u0103ng ch\u1ed1ng g\u1ec9 v\u00e0 ho\u00e0n to\u00e0n tu\u00e2n th\u1ee7 c\u00e1c ti\u00eau chu\u1ea9n v\u1ec7 sinh an to\u00e0n th\u1ef1c ph\u1ea9m. D\u1ec5 d\u00e0ng v\u1ec7 sinh v\u00e0 b\u1ea3o tr\u00ec.<\/p>\n<p>3. H\u1ec7 th\u1ed1ng \u0111i\u1ec1u khi\u1ec3n ti\u00ean ti\u1ebfn<\/p>\n<p>\u0110\u01b0\u1ee3c trang b\u1ecb m\u1ed9t <b>H\u1ec7 th\u1ed1ng \u0111i\u1ec1u khi\u1ec3n PLC vi t\u00ednh<\/b> v\u00e0 \u0111\u1ed9ng c\u01a1 ho\u00e0n to\u00e0n b\u1eb1ng \u0111\u1ed3ng. Ho\u1ea1t \u0111\u1ed9ng \u1ed5n \u0111\u1ecbnh, ch\u00ednh x\u00e1c v\u00e0 th\u00e2n thi\u1ec7n v\u1edbi ng\u01b0\u1eddi d\u00f9ng\u2014nh\u00e2n vi\u00ean c\u00f3 th\u1ec3 h\u1ecdc c\u00e1ch v\u1eadn h\u00e0nh ch\u1ec9 trong v\u00e0i ph\u00fat.<\/p>\n<p>4. Kh\u1ea3 n\u0103ng t\u01b0\u01a1ng th\u00edch \u0111a d\u1ea1ng<\/p>\n<p>T\u01b0\u01a1ng th\u00edch v\u1edbi nhi\u1ec1u lo\u1ea1i xi\u00ean n\u01b0\u1edbng kh\u00e1c nhau (tre ho\u1eb7c th\u00e9p), c\u00f3 k\u00edch th\u01b0\u1edbc t\u1eeb... <b>250mm \u0111\u1ebfn 300mm<\/b>Khu\u00f4n \u0111\u01b0\u1ee3c thi\u1ebft k\u1ebf \u0111\u1ec3 x\u1eed l\u00fd c\u00e1c mi\u1ebfng th\u1ecbt c\u00f3 chi\u1ec1u r\u1ed9ng t\u1eeb 12-18mm v\u00e0 \u0111\u1ed9 d\u00e0y t\u1eeb 8-15mm.<\/p>\n<p>5. Ch\u1ee9ng nh\u1eadn an to\u00e0n<\/p>\n<p>\u0110\u1ea1t ch\u1ee9ng nh\u1eadn CE v\u1ec1 ch\u1ea5t l\u01b0\u1ee3ng xu\u1ea5t kh\u1ea9u. C\u00f3 t\u00ednh n\u0103ng ch\u1ed1ng r\u00f2 r\u1ec9 v\u00e0 v\u1eadn h\u00e0nh kh\u00ed n\u00e9n an to\u00e0n.<\/p>\n<p>&nbsp;<\/p>\n<table data-path-to-node=\"22\">\n<thead>\n<tr>\n<td><strong>T\u00ednh n\u0103ng\u00a0<\/strong><\/td>\n<td><strong>Th\u00f4ng s\u1ed1 k\u1ef9 thu\u1eadt<\/strong><\/td>\n<\/tr>\n<\/thead>\n<tbody>\n<tr>\n<td><span data-path-to-node=\"22,1,0,0\"><b>Ng\u01b0\u1eddi m\u1eabu\u00a0<\/b><\/span><\/td>\n<td><span data-path-to-node=\"22,1,1,0\">M\u00e1y xi\u00ean que ho\u00e0n to\u00e0n t\u1ef1 \u0111\u1ed9ng<\/span><\/td>\n<\/tr>\n<tr>\n<td><span data-path-to-node=\"22,3,0,0\"><b>K\u00edch th\u01b0\u1edbc\u00a0<\/b><\/span><\/td>\n<td><span data-path-to-node=\"22,3,1,0\">900 x 500 x 185 mm<\/span><\/td>\n<\/tr>\n<tr>\n<td><\/td>\n<td><\/td>\n<\/tr>\n<tr>\n<td><span data-path-to-node=\"22,4,0,0\"><b>Tr\u1ecdng l\u01b0\u1ee3ng t\u1ecbnh\u00a0<\/b><\/span><\/td>\n<td><span data-path-to-node=\"22,4,1,0\">35 kg<\/span><\/td>\n<\/tr>\n<tr>\n<td><span data-path-to-node=\"22,5,0,0\"><b>V\u1eadt li\u1ec7u\u00a0<\/b><\/span><\/td>\n<td><span data-path-to-node=\"22,5,1,0\">Th\u00e9p kh\u00f4ng g\u1ec9 + Nh\u1ef1a PP d\u00f9ng trong th\u1ef1c ph\u1ea9m\u00a0<\/span><\/td>\n<\/tr>\n<tr>\n<td><span data-path-to-node=\"22,6,0,0\"><b>T\u1ed1c \u0111\u1ed9\u00a0<\/b><\/span><\/td>\n<td><span data-path-to-node=\"22,6,1,0\">1,5 \u2013 2,0 gi\u00e2y m\u1ed7i xi\u00ean\u00a0<\/span><\/td>\n<\/tr>\n<tr>\n<td><span data-path-to-node=\"22,7,0,0\"><b>Hi\u1ec7u qu\u1ea3\u00a0<\/b><\/span><\/td>\n<td><span data-path-to-node=\"22,7,1,0\">1800 \u2013 2000 xi\u00ean m\u1ed7i gi\u1edd\u00a0<\/span><\/td>\n<\/tr>\n<tr>\n<td><span data-path-to-node=\"22,8,0,0\"><b>Quy\u1ec1n l\u1ef1c\u00a0<\/b><\/span><\/td>\n<td><span data-path-to-node=\"22,8,1,0\">220V<\/span><\/td>\n<\/tr>\n<tr>\n<td><span data-path-to-node=\"22,9,0,0\"><b>C\u00f4ng su\u1ea5t \u0111\u1ed9ng c\u01a1\u00a0<\/b><\/span><\/td>\n<td><span data-path-to-node=\"22,9,1,0\">15W (Ti\u1ebft ki\u1ec7m n\u0103ng l\u01b0\u1ee3ng)<\/span><\/td>\n<\/tr>\n<tr>\n<td><span data-path-to-node=\"22,10,0,0\"><b>M\u1ee9c ti\u00eau th\u1ee5 \u0111i\u1ec7n n\u0103ng\u00a0<\/b><\/span><\/td>\n<td><span data-path-to-node=\"22,10,1,0\">~200W\/gi\u1edd<\/span><\/td>\n<\/tr>\n<tr>\n<td><span data-path-to-node=\"22,11,0,0\"><b>Lo\u1ea1i truy\u1ec1n \u0111\u1ed9ng\u00a0<\/b><\/span><\/td>\n<td><span data-path-to-node=\"22,11,1,0\">Kh\u00ed n\u00e9n (C\u1ea7n m\u00e1y n\u00e9n kh\u00ed)\u00a0<\/span><\/td>\n<\/tr>\n<tr>\n<td><span data-path-to-node=\"22,12,0,0\"><b>Chi\u1ec1u d\u00e0i xi\u00ean\u00a0<\/b><\/span><\/td>\n<td><span data-path-to-node=\"22,12,1,0\">250 \u2013 300 mm<\/span><\/td>\n<\/tr>\n<tr>\n<td><span data-path-to-node=\"22,13,0,0\"><b>K\u00edch th\u01b0\u1edbc th\u1ecbt\u00a0<\/b><\/span><\/td>\n<td><span data-path-to-node=\"22,13,1,0\">Chi\u1ec1u r\u1ed9ng: 12-18mm; \u0110\u1ed9 d\u00e0y: 8-15mm<\/span><\/td>\n<\/tr>\n<\/tbody>\n<\/table>","protected":false},"excerpt":{"rendered":"<p>N\u00e2ng cao hi\u1ec7u qu\u1ea3 ho\u1ea1t \u0111\u1ed9ng nh\u00e0 b\u1ebfp th\u01b0\u01a1ng m\u1ea1i c\u1ee7a b\u1ea1n. Gi\u1ea3i ph\u00f3ng \u0111\u00f4i tay v\u00e0 m\u1edf r\u1ed9ng quy m\u00f4 kinh doanh n\u01b0\u1edbng BBQ c\u1ee7a b\u1ea1n v\u1edbi M\u00e1y xi\u00ean t\u1ef1 \u0111\u1ed9ng th\u01b0\u01a1ng m\u1ea1i c\u1ee7a ch\u00fang t\u00f4i. \u0110\u01b0\u1ee3c thi\u1ebft k\u1ebf<\/p>","protected":false},"featured_media":1510,"template":"","meta":[],"product_brand":[],"product_cat":[92],"product_tag":[],"class_list":{"0":"post-1509","1":"product","2":"type-product","3":"status-publish","4":"has-post-thumbnail","6":"product_cat-machine","8":"first","9":"instock","10":"shipping-taxable","11":"product-type-external"},"yoast_head":"<!-- This site is optimized with the Yoast SEO Premium plugin v25.8 (Yoast SEO v25.8) - https:\/\/yoast.com\/wordpress\/plugins\/seo\/ -->\n<title>Commercial Automatic Skewer Machine - Goocater<\/title>\n<meta name=\"robots\" content=\"index, follow, max-snippet:-1, max-image-preview:large, max-video-preview:-1\" \/>\n<link rel=\"canonical\" href=\"https:\/\/goocater.com\/vi\/san-pham\/commercial-automatic-skewer-machine-high-efficiency-kebab-maker\/\" \/>\n<meta property=\"og:locale\" content=\"vi_VN\" \/>\n<meta property=\"og:type\" content=\"article\" \/>\n<meta property=\"og:title\" content=\"Commercial Automatic Skewer Machine\" \/>\n<meta property=\"og:description\" content=\"Revolutionize Your Commercial Kitchen Efficiency Free your hands and scale your barbecue business with our Commercial Automatic Skewer Machine. Designed\" \/>\n<meta property=\"og:url\" content=\"https:\/\/goocater.com\/vi\/san-pham\/commercial-automatic-skewer-machine-high-efficiency-kebab-maker\/\" \/>\n<meta property=\"og:site_name\" content=\"Goocater\" \/>\n<meta property=\"article:modified_time\" content=\"2025-12-08T17:16:20+00:00\" \/>\n<meta property=\"og:image\" content=\"https:\/\/goocater.com\/wp-content\/uploads\/2025\/12\/\u672a\u6807\u9898-1.jpg\" \/>\n\t<meta property=\"og:image:width\" content=\"2048\" \/>\n\t<meta property=\"og:image:height\" content=\"2048\" \/>\n\t<meta property=\"og:image:type\" content=\"image\/jpeg\" \/>\n<meta name=\"twitter:card\" content=\"summary_large_image\" \/>\n<meta name=\"twitter:label1\" content=\"\u01af\u1edbc t\u00ednh th\u1eddi gian \u0111\u1ecdc\" \/>\n\t<meta name=\"twitter:data1\" content=\"2 ph\u00fat\" \/>\n<script type=\"application\/ld+json\" class=\"yoast-schema-graph\">{\"@context\":\"https:\/\/schema.org\",\"@graph\":[{\"@type\":\"WebPage\",\"@id\":\"https:\/\/goocater.com\/product\/commercial-automatic-skewer-machine-high-efficiency-kebab-maker\/\",\"url\":\"https:\/\/goocater.com\/product\/commercial-automatic-skewer-machine-high-efficiency-kebab-maker\/\",\"name\":\"Commercial Automatic Skewer Machine - Goocater\",\"isPartOf\":{\"@id\":\"https:\/\/goocater.com\/#website\"},\"primaryImageOfPage\":{\"@id\":\"https:\/\/goocater.com\/product\/commercial-automatic-skewer-machine-high-efficiency-kebab-maker\/#primaryimage\"},\"image\":{\"@id\":\"https:\/\/goocater.com\/product\/commercial-automatic-skewer-machine-high-efficiency-kebab-maker\/#primaryimage\"},\"thumbnailUrl\":\"https:\/\/goocater.com\/wp-content\/uploads\/2025\/12\/\u672a\u6807\u9898-1.jpg\",\"datePublished\":\"2025-12-08T16:02:31+00:00\",\"dateModified\":\"2025-12-08T17:16:20+00:00\",\"breadcrumb\":{\"@id\":\"https:\/\/goocater.com\/product\/commercial-automatic-skewer-machine-high-efficiency-kebab-maker\/#breadcrumb\"},\"inLanguage\":\"vi\",\"potentialAction\":[{\"@type\":\"ReadAction\",\"target\":[\"https:\/\/goocater.com\/product\/commercial-automatic-skewer-machine-high-efficiency-kebab-maker\/\"]}]},{\"@type\":\"ImageObject\",\"inLanguage\":\"vi\",\"@id\":\"https:\/\/goocater.com\/product\/commercial-automatic-skewer-machine-high-efficiency-kebab-maker\/#primaryimage\",\"url\":\"https:\/\/goocater.com\/wp-content\/uploads\/2025\/12\/\u672a\u6807\u9898-1.jpg\",\"contentUrl\":\"https:\/\/goocater.com\/wp-content\/uploads\/2025\/12\/\u672a\u6807\u9898-1.jpg\",\"width\":2048,\"height\":2048},{\"@type\":\"BreadcrumbList\",\"@id\":\"https:\/\/goocater.com\/product\/commercial-automatic-skewer-machine-high-efficiency-kebab-maker\/#breadcrumb\",\"itemListElement\":[{\"@type\":\"ListItem\",\"position\":1,\"name\":\"Home\",\"item\":\"https:\/\/goocater.com\/\"},{\"@type\":\"ListItem\",\"position\":2,\"name\":\"Products\",\"item\":\"https:\/\/goocater.com\/products\/\"},{\"@type\":\"ListItem\",\"position\":3,\"name\":\"Commercial Automatic Skewer Machine\"}]},{\"@type\":\"WebSite\",\"@id\":\"https:\/\/goocater.com\/#website\",\"url\":\"https:\/\/goocater.com\/\",\"name\":\"Goocater\",\"description\":\"Global Catering Kitchenware Supply Chain - One stop Procurement Platform | Goocater\u200b\",\"potentialAction\":[{\"@type\":\"SearchAction\",\"target\":{\"@type\":\"EntryPoint\",\"urlTemplate\":\"https:\/\/goocater.com\/?s={search_term_string}\"},\"query-input\":{\"@type\":\"PropertyValueSpecification\",\"valueRequired\":true,\"valueName\":\"search_term_string\"}}],\"inLanguage\":\"vi\"}]}<\/script>\n<!-- \/ Yoast SEO Premium plugin. -->","yoast_head_json":{"title":"Commercial Automatic Skewer Machine - Goocater","robots":{"index":"index","follow":"follow","max-snippet":"max-snippet:-1","max-image-preview":"max-image-preview:large","max-video-preview":"max-video-preview:-1"},"canonical":"https:\/\/goocater.com\/vi\/san-pham\/commercial-automatic-skewer-machine-high-efficiency-kebab-maker\/","og_locale":"vi_VN","og_type":"article","og_title":"Commercial Automatic Skewer Machine","og_description":"Revolutionize Your Commercial Kitchen Efficiency Free your hands and scale your barbecue business with our Commercial Automatic Skewer Machine. Designed","og_url":"https:\/\/goocater.com\/vi\/san-pham\/commercial-automatic-skewer-machine-high-efficiency-kebab-maker\/","og_site_name":"Goocater","article_modified_time":"2025-12-08T17:16:20+00:00","og_image":[{"width":2048,"height":2048,"url":"https:\/\/goocater.com\/wp-content\/uploads\/2025\/12\/\u672a\u6807\u9898-1.jpg","type":"image\/jpeg"}],"twitter_card":"summary_large_image","twitter_misc":{"\u01af\u1edbc t\u00ednh th\u1eddi gian \u0111\u1ecdc":"2 ph\u00fat"},"schema":{"@context":"https:\/\/schema.org","@graph":[{"@type":"WebPage","@id":"https:\/\/goocater.com\/product\/commercial-automatic-skewer-machine-high-efficiency-kebab-maker\/","url":"https:\/\/goocater.com\/product\/commercial-automatic-skewer-machine-high-efficiency-kebab-maker\/","name":"Commercial Automatic Skewer Machine - Goocater","isPartOf":{"@id":"https:\/\/goocater.com\/#website"},"primaryImageOfPage":{"@id":"https:\/\/goocater.com\/product\/commercial-automatic-skewer-machine-high-efficiency-kebab-maker\/#primaryimage"},"image":{"@id":"https:\/\/goocater.com\/product\/commercial-automatic-skewer-machine-high-efficiency-kebab-maker\/#primaryimage"},"thumbnailUrl":"https:\/\/goocater.com\/wp-content\/uploads\/2025\/12\/\u672a\u6807\u9898-1.jpg","datePublished":"2025-12-08T16:02:31+00:00","dateModified":"2025-12-08T17:16:20+00:00","breadcrumb":{"@id":"https:\/\/goocater.com\/product\/commercial-automatic-skewer-machine-high-efficiency-kebab-maker\/#breadcrumb"},"inLanguage":"vi","potentialAction":[{"@type":"ReadAction","target":["https:\/\/goocater.com\/product\/commercial-automatic-skewer-machine-high-efficiency-kebab-maker\/"]}]},{"@type":"ImageObject","inLanguage":"vi","@id":"https:\/\/goocater.com\/product\/commercial-automatic-skewer-machine-high-efficiency-kebab-maker\/#primaryimage","url":"https:\/\/goocater.com\/wp-content\/uploads\/2025\/12\/\u672a\u6807\u9898-1.jpg","contentUrl":"https:\/\/goocater.com\/wp-content\/uploads\/2025\/12\/\u672a\u6807\u9898-1.jpg","width":2048,"height":2048},{"@type":"BreadcrumbList","@id":"https:\/\/goocater.com\/product\/commercial-automatic-skewer-machine-high-efficiency-kebab-maker\/#breadcrumb","itemListElement":[{"@type":"ListItem","position":1,"name":"Home","item":"https:\/\/goocater.com\/"},{"@type":"ListItem","position":2,"name":"Products","item":"https:\/\/goocater.com\/products\/"},{"@type":"ListItem","position":3,"name":"Commercial Automatic Skewer Machine"}]},{"@type":"WebSite","@id":"https:\/\/goocater.com\/#website","url":"https:\/\/goocater.com\/","name":"Goocater","description":"Global Catering Kitchenware Supply Chain - One stop Procurement Platform | Goocater\u200b","potentialAction":[{"@type":"SearchAction","target":{"@type":"EntryPoint","urlTemplate":"https:\/\/goocater.com\/?s={search_term_string}"},"query-input":{"@type":"PropertyValueSpecification","valueRequired":true,"valueName":"search_term_string"}}],"inLanguage":"vi"}]}},"_links":{"self":[{"href":"https:\/\/goocater.com\/vi\/wp-json\/wp\/v2\/product\/1509","targetHints":{"allow":["GET"]}}],"collection":[{"href":"https:\/\/goocater.com\/vi\/wp-json\/wp\/v2\/product"}],"about":[{"href":"https:\/\/goocater.com\/vi\/wp-json\/wp\/v2\/types\/product"}],"version-history":[{"count":3,"href":"https:\/\/goocater.com\/vi\/wp-json\/wp\/v2\/product\/1509\/revisions"}],"predecessor-version":[{"id":1521,"href":"https:\/\/goocater.com\/vi\/wp-json\/wp\/v2\/product\/1509\/revisions\/1521"}],"wp:featuredmedia":[{"embeddable":true,"href":"https:\/\/goocater.com\/vi\/wp-json\/wp\/v2\/media\/1510"}],"wp:attachment":[{"href":"https:\/\/goocater.com\/vi\/wp-json\/wp\/v2\/media?parent=1509"}],"wp:term":[{"taxonomy":"product_brand","embeddable":true,"href":"https:\/\/goocater.com\/vi\/wp-json\/wp\/v2\/product_brand?post=1509"},{"taxonomy":"product_cat","embeddable":true,"href":"https:\/\/goocater.com\/vi\/wp-json\/wp\/v2\/product_cat?post=1509"},{"taxonomy":"product_tag","embeddable":true,"href":"https:\/\/goocater.com\/vi\/wp-json\/wp\/v2\/product_tag?post=1509"}],"curies":[{"name":"wp","href":"https:\/\/api.w.org\/{rel}","templated":true}]}}