{"id":1412,"date":"2025-12-02T03:43:25","date_gmt":"2025-12-02T03:43:25","guid":{"rendered":"https:\/\/goocater.com\/?post_type=product&#038;p=1412"},"modified":"2025-12-08T17:32:34","modified_gmt":"2025-12-08T17:32:34","slug":"fully-automatic-quick-meat-dicing-machine","status":"publish","type":"product","link":"https:\/\/goocater.com\/vi\/san-pham\/fully-automatic-quick-meat-dicing-machine\/","title":{"rendered":"M\u00e1y th\u00e1i th\u1ecbt nhanh ho\u00e0n to\u00e0n t\u1ef1 \u0111\u1ed9ng"},"content":{"rendered":"<p>M\u00e1y th\u00e1i th\u1ecbt nhanh ho\u00e0n to\u00e0n t\u1ef1 \u0111\u1ed9ng \u0111\u01b0\u1ee3c thi\u1ebft k\u1ebf \u0111\u1ec3 ch\u1ebf bi\u1ebfn th\u1ef1c ph\u1ea9m hi\u1ec7u qu\u1ea3, c\u00f3 kh\u1ea3 n\u0103ng c\u1eaft nhanh th\u1ecbt t\u01b0\u01a1i ho\u1eb7c th\u1ecbt h\u01a1i \u0111\u00f4ng l\u1ea1nh th\u00e0nh nh\u1eefng kh\u1ed1i vu\u00f4ng \u0111\u1ed3ng \u0111\u1ec1u. \u0110\u01b0\u1ee3c ch\u1ebf t\u1ea1o b\u1eb1ng th\u00e9p kh\u00f4ng g\u1ec9 an to\u00e0n th\u1ef1c ph\u1ea9m, m\u00e1y \u0111\u1ea3m b\u1ea3o v\u1ec7 sinh, \u0111\u1ed9 b\u1ec1n v\u00e0 d\u1ec5 d\u00e0ng v\u1ec7 sinh. \u0110\u00e2y l\u00e0 gi\u1ea3i ph\u00e1p l\u00fd t\u01b0\u1edfng cho nh\u00e0 h\u00e0ng, b\u1ebfp \u0103n t\u1eadp th\u1ec3 v\u00e0 c\u00e1c c\u01a1 s\u1edf ch\u1ebf bi\u1ebfn th\u1ecbt.<\/p>\n<p>T\u00ednh n\u0103ng &amp; L\u1ee3i \u00edch<\/p>\n<p>1. C\u1eaft hi\u1ec7u qu\u1ea3 cao<\/p>\n<ul>\n<li data-start=\"839\" data-end=\"939\">\n<p data-start=\"841\" data-end=\"939\">C\u00f3 kh\u1ea3 n\u0103ng x\u1eed l\u00fd th\u1ecbt t\u01b0\u01a1i v\u00e0 th\u1ecbt \u0111\u00f4ng l\u1ea1nh m\u1ed9t ph\u1ea7n m\u1ed9t c\u00e1ch hi\u1ec7u qu\u1ea3 v\u1edbi c\u00f4ng su\u1ea5t <strong data-start=\"924\" data-end=\"936\">150 kg\/gi\u1edd<\/strong>.<\/p>\n<\/li>\n<li data-start=\"940\" data-end=\"990\">\n<p data-start=\"942\" data-end=\"990\">Ph\u00f9 h\u1ee3p cho s\u1ea3n xu\u1ea5t li\u00ean t\u1ee5c, quy m\u00f4 l\u1edbn.<\/p>\n<\/li>\n<\/ul>\n<p>2.K\u00edch th\u01b0\u1edbc c\u1eaft ch\u00ednh x\u00e1c<\/p>\n<ul>\n<li data-start=\"1084\" data-end=\"1157\">\n<p data-start=\"1086\" data-end=\"1157\">\u0110\u1ed9 d\u00e0y c\u1eaft c\u00f3 th\u1ec3 \u0111i\u1ec1u ch\u1ec9nh \u0111\u1ec3 ph\u00f9 h\u1ee3p v\u1edbi nhi\u1ec1u y\u00eau c\u1ea7u x\u1eed l\u00fd kh\u00e1c nhau.<\/p>\n<\/li>\n<li data-start=\"1158\" data-end=\"1229\">\n<p data-start=\"1160\" data-end=\"1229\">Thi\u1ebft k\u1ebf l\u01b0\u1ee1i dao \u0111\u1eb7c bi\u1ec7t \u0111\u1ea3m b\u1ea3o t\u1ea1o ra nh\u1eefng kh\u1ed1i th\u1ecbt \u0111\u1ed3ng \u0111\u1ec1u v\u1edbi b\u1ec1 m\u1eb7t nh\u1eb5n m\u1ecbn.<\/p>\n<\/li>\n<\/ul>\n<p>3. Th\u00e2n m\u00e1y b\u1eb1ng th\u00e9p kh\u00f4ng g\u1ec9 c\u1ea5p th\u1ef1c ph\u1ea9m<\/p>\n<ul>\n<li data-start=\"1333\" data-end=\"1418\">\n<p data-start=\"1335\" data-end=\"1418\">\u0110\u01b0\u1ee3c ch\u1ebf t\u1ea1o t\u1eeb th\u00e9p kh\u00f4ng g\u1ec9 d\u00f9ng trong th\u1ef1c ph\u1ea9m \u0111\u1ec3 \u0111\u1ea3m b\u1ea3o v\u1ec7 sinh v\u00e0 ch\u1ed1ng \u0103n m\u00f2n.<\/p>\n<\/li>\n<li data-start=\"1419\" data-end=\"1479\">\n<p data-start=\"1421\" data-end=\"1479\">Tu\u1ed5i th\u1ecd cao, th\u00edch h\u1ee3p s\u1eed d\u1ee5ng trong c\u00f4ng nghi\u1ec7p n\u1eb7ng.<\/p>\n<\/li>\n<\/ul>\n<p>4.C\u1ed5ng n\u1ea1p li\u1ec7u l\u1edbn<\/p>\n<ul>\n<li data-start=\"1563\" data-end=\"1646\">\n<p data-start=\"1565\" data-end=\"1646\">M\u1ed8T <strong data-start=\"1567\" data-end=\"1583\">100 \u00d7 100 mm<\/strong> l\u1ed7 n\u1ea1p th\u1ecbt cho ph\u00e9p n\u1ea1p nh\u1eefng mi\u1ebfng th\u1ecbt l\u1edbn d\u1ec5 d\u00e0ng.<\/p>\n<\/li>\n<\/ul>\n<p>5. V\u1eadn h\u00e0nh v\u00e0 b\u1ea3o tr\u00ec d\u1ec5 d\u00e0ng<\/p>\n<ul>\n<li data-start=\"1742\" data-end=\"1807\">\n<p data-start=\"1744\" data-end=\"1807\">H\u1ec7 th\u1ed1ng \u0111i\u1ec1u khi\u1ec3n m\u1ed9t n\u00fat b\u1ea5m cho thao t\u00e1c \u0111\u01a1n gi\u1ea3n v\u00e0 tr\u1ef1c quan.<\/p>\n<\/li>\n<li data-start=\"1808\" data-end=\"1859\">\n<p data-start=\"1810\" data-end=\"1859\">C\u1ea5u tr\u00fac m\u00e1y tr\u01a1n tru gi\u00fap v\u1ec7 sinh d\u1ec5 d\u00e0ng.<\/p>\n<\/li>\n<\/ul>\n<p>&nbsp;<\/p>\n<p><img fetchpriority=\"high\" decoding=\"async\" class=\"aligncenter wp-image-1414\" src=\"https:\/\/goocater.com\/wp-content\/uploads\/2025\/12\/WPS\u56fe\u72470-1.png\" alt=\"\" width=\"476\" height=\"306\" srcset=\"https:\/\/goocater.com\/wp-content\/uploads\/2025\/12\/WPS\u56fe\u72470-1.png 1500w, https:\/\/goocater.com\/wp-content\/uploads\/2025\/12\/WPS\u56fe\u72470-1-150x96.png 150w, https:\/\/goocater.com\/wp-content\/uploads\/2025\/12\/WPS\u56fe\u72470-1-600x386.png 600w, https:\/\/goocater.com\/wp-content\/uploads\/2025\/12\/WPS\u56fe\u72470-1-500x321.png 500w, https:\/\/goocater.com\/wp-content\/uploads\/2025\/12\/WPS\u56fe\u72470-1-1200x771.png 1200w, https:\/\/goocater.com\/wp-content\/uploads\/2025\/12\/WPS\u56fe\u72470-1-300x193.png 300w, https:\/\/goocater.com\/wp-content\/uploads\/2025\/12\/WPS\u56fe\u72470-1-768x494.png 768w, https:\/\/goocater.com\/wp-content\/uploads\/2025\/12\/WPS\u56fe\u72470-1-18x12.png 18w\" sizes=\"(max-width: 476px) 100vw, 476px\" \/><\/p>\n<p>C\u00e1c t\u00ecnh hu\u1ed1ng \u1ee9ng d\u1ee5ng<\/p>\n<ul>\n<li data-start=\"1946\" data-end=\"1972\">\n<p data-start=\"1948\" data-end=\"1972\">Nh\u00e0 m\u00e1y ch\u1ebf bi\u1ebfn th\u1ecbt<\/p>\n<\/li>\n<li data-start=\"1973\" data-end=\"1994\">\n<p data-start=\"1975\" data-end=\"1994\">Chu\u1ed7i nh\u00e0 h\u00e0ng<\/p>\n<\/li>\n<li data-start=\"1995\" data-end=\"2028\">\n<p data-start=\"1997\" data-end=\"2028\">Trung t\u00e2m ch\u1ebf bi\u1ebfn l\u1ea1nh-t\u01b0\u01a1i<\/p>\n<\/li>\n<li data-start=\"2029\" data-end=\"2064\">\n<p data-start=\"2031\" data-end=\"2064\">C\u00e1c c\u00f4ng ty s\u1ea3n xu\u1ea5t th\u1ee9c \u0103n s\u1eb5n<\/p>\n<\/li>\n<\/ul>\n<p>Th\u00f4ng s\u1ed1 k\u1ef9 thu\u1eadt<\/p>\n<p>| Th\u00f4ng s\u1ed1 k\u1ef9 thu\u1eadt | Gi\u00e1 tr\u1ecb |<br \/>\n| &#8212;&#8212;&#8212;&#8212;&#8212;&#8212;&#8212;&#8211;| &#8212;&#8212;&#8212;&#8212;&#8212;&#8212;&#8212;&#8212;&#8212;&#8212;&#8211;|<br \/>\n| Ch\u1ea5t li\u1ec7u | Th\u00e9p kh\u00f4ng g\u1ec9 c\u1ea5p th\u1ef1c ph\u1ea9m |<br \/>\n| \u0110\u1ed9 d\u00e0y c\u1eaft | C\u00f3 th\u1ec3 t\u00f9y ch\u1ec9nh |<br \/>\n| C\u1ed5ng n\u1ea1p li\u1ec7u | 100\u00d7100 mm |<br \/>\n| C\u00f4ng su\u1ea5t | 150 kg\/h |<\/p>\n<p>&nbsp;<\/p>\n<p>&nbsp;<\/p>\n<p>&nbsp;<\/p>","protected":false},"excerpt":{"rendered":"<p>M\u00e1y th\u00e1i th\u1ecbt nhanh ho\u00e0n to\u00e0n t\u1ef1 \u0111\u1ed9ng \u0111\u01b0\u1ee3c thi\u1ebft k\u1ebf \u0111\u1ec3 ch\u1ebf bi\u1ebfn th\u1ef1c ph\u1ea9m hi\u1ec7u qu\u1ea3, c\u00f3 kh\u1ea3 n\u0103ng c\u1eaft nhanh th\u1ef1c ph\u1ea9m t\u01b0\u01a1i ho\u1eb7c h\u01a1i<\/p>","protected":false},"featured_media":1413,"template":"","meta":[],"product_brand":[],"product_cat":[92],"product_tag":[101],"class_list":{"0":"post-1412","1":"product","2":"type-product","3":"status-publish","4":"has-post-thumbnail","6":"product_cat-machine","7":"product_tag-more-machine","9":"first","10":"instock","11":"shipping-taxable","12":"product-type-external"},"yoast_head":"<!-- This site is optimized with the Yoast SEO Premium plugin v25.8 (Yoast SEO v25.8) - https:\/\/yoast.com\/wordpress\/plugins\/seo\/ -->\n<title>Fully Automatic Quick Meat Dicing Machine - Goocater<\/title>\n<meta name=\"robots\" content=\"index, follow, max-snippet:-1, max-image-preview:large, max-video-preview:-1\" \/>\n<link rel=\"canonical\" href=\"https:\/\/goocater.com\/vi\/san-pham\/fully-automatic-quick-meat-dicing-machine\/\" \/>\n<meta property=\"og:locale\" content=\"vi_VN\" \/>\n<meta property=\"og:type\" content=\"article\" \/>\n<meta property=\"og:title\" content=\"Fully Automatic Quick Meat Dicing Machine\" \/>\n<meta property=\"og:description\" content=\"The Fully Automatic Quick Meat Dicing Machine is engineered for efficient food processing, capable of quickly cutting fresh or slightly\" \/>\n<meta property=\"og:url\" content=\"https:\/\/goocater.com\/vi\/san-pham\/fully-automatic-quick-meat-dicing-machine\/\" \/>\n<meta property=\"og:site_name\" content=\"Goocater\" \/>\n<meta property=\"article:modified_time\" content=\"2025-12-08T17:32:34+00:00\" \/>\n<meta property=\"og:image\" content=\"https:\/\/goocater.com\/wp-content\/uploads\/2025\/12\/WPS\u56fe\u72470.png\" \/>\n\t<meta property=\"og:image:width\" content=\"1500\" \/>\n\t<meta property=\"og:image:height\" content=\"964\" \/>\n\t<meta property=\"og:image:type\" content=\"image\/png\" \/>\n<meta name=\"twitter:card\" content=\"summary_large_image\" \/>\n<meta name=\"twitter:label1\" content=\"\u01af\u1edbc t\u00ednh th\u1eddi gian \u0111\u1ecdc\" \/>\n\t<meta name=\"twitter:data1\" content=\"2 ph\u00fat\" \/>\n<script type=\"application\/ld+json\" class=\"yoast-schema-graph\">{\"@context\":\"https:\/\/schema.org\",\"@graph\":[{\"@type\":\"WebPage\",\"@id\":\"https:\/\/goocater.com\/product\/fully-automatic-quick-meat-dicing-machine\/\",\"url\":\"https:\/\/goocater.com\/product\/fully-automatic-quick-meat-dicing-machine\/\",\"name\":\"Fully Automatic Quick Meat Dicing Machine - Goocater\",\"isPartOf\":{\"@id\":\"https:\/\/goocater.com\/#website\"},\"primaryImageOfPage\":{\"@id\":\"https:\/\/goocater.com\/product\/fully-automatic-quick-meat-dicing-machine\/#primaryimage\"},\"image\":{\"@id\":\"https:\/\/goocater.com\/product\/fully-automatic-quick-meat-dicing-machine\/#primaryimage\"},\"thumbnailUrl\":\"https:\/\/goocater.com\/wp-content\/uploads\/2025\/12\/WPS\u56fe\u72470.png\",\"datePublished\":\"2025-12-02T03:43:25+00:00\",\"dateModified\":\"2025-12-08T17:32:34+00:00\",\"breadcrumb\":{\"@id\":\"https:\/\/goocater.com\/product\/fully-automatic-quick-meat-dicing-machine\/#breadcrumb\"},\"inLanguage\":\"vi\",\"potentialAction\":[{\"@type\":\"ReadAction\",\"target\":[\"https:\/\/goocater.com\/product\/fully-automatic-quick-meat-dicing-machine\/\"]}]},{\"@type\":\"ImageObject\",\"inLanguage\":\"vi\",\"@id\":\"https:\/\/goocater.com\/product\/fully-automatic-quick-meat-dicing-machine\/#primaryimage\",\"url\":\"https:\/\/goocater.com\/wp-content\/uploads\/2025\/12\/WPS\u56fe\u72470.png\",\"contentUrl\":\"https:\/\/goocater.com\/wp-content\/uploads\/2025\/12\/WPS\u56fe\u72470.png\",\"width\":1500,\"height\":964},{\"@type\":\"BreadcrumbList\",\"@id\":\"https:\/\/goocater.com\/product\/fully-automatic-quick-meat-dicing-machine\/#breadcrumb\",\"itemListElement\":[{\"@type\":\"ListItem\",\"position\":1,\"name\":\"Home\",\"item\":\"https:\/\/goocater.com\/\"},{\"@type\":\"ListItem\",\"position\":2,\"name\":\"Products\",\"item\":\"https:\/\/goocater.com\/products\/\"},{\"@type\":\"ListItem\",\"position\":3,\"name\":\"Fully Automatic Quick Meat Dicing Machine\"}]},{\"@type\":\"WebSite\",\"@id\":\"https:\/\/goocater.com\/#website\",\"url\":\"https:\/\/goocater.com\/\",\"name\":\"Goocater\",\"description\":\"Global Catering Kitchenware Supply Chain - One stop Procurement Platform | Goocater\u200b\",\"potentialAction\":[{\"@type\":\"SearchAction\",\"target\":{\"@type\":\"EntryPoint\",\"urlTemplate\":\"https:\/\/goocater.com\/?s={search_term_string}\"},\"query-input\":{\"@type\":\"PropertyValueSpecification\",\"valueRequired\":true,\"valueName\":\"search_term_string\"}}],\"inLanguage\":\"vi\"}]}<\/script>\n<!-- \/ Yoast SEO Premium plugin. -->","yoast_head_json":{"title":"Fully Automatic Quick Meat Dicing Machine - Goocater","robots":{"index":"index","follow":"follow","max-snippet":"max-snippet:-1","max-image-preview":"max-image-preview:large","max-video-preview":"max-video-preview:-1"},"canonical":"https:\/\/goocater.com\/vi\/san-pham\/fully-automatic-quick-meat-dicing-machine\/","og_locale":"vi_VN","og_type":"article","og_title":"Fully Automatic Quick Meat Dicing Machine","og_description":"The Fully Automatic Quick Meat Dicing Machine is engineered for efficient food processing, capable of quickly cutting fresh or slightly","og_url":"https:\/\/goocater.com\/vi\/san-pham\/fully-automatic-quick-meat-dicing-machine\/","og_site_name":"Goocater","article_modified_time":"2025-12-08T17:32:34+00:00","og_image":[{"width":1500,"height":964,"url":"https:\/\/goocater.com\/wp-content\/uploads\/2025\/12\/WPS\u56fe\u72470.png","type":"image\/png"}],"twitter_card":"summary_large_image","twitter_misc":{"\u01af\u1edbc t\u00ednh th\u1eddi gian \u0111\u1ecdc":"2 ph\u00fat"},"schema":{"@context":"https:\/\/schema.org","@graph":[{"@type":"WebPage","@id":"https:\/\/goocater.com\/product\/fully-automatic-quick-meat-dicing-machine\/","url":"https:\/\/goocater.com\/product\/fully-automatic-quick-meat-dicing-machine\/","name":"Fully Automatic Quick Meat Dicing Machine - Goocater","isPartOf":{"@id":"https:\/\/goocater.com\/#website"},"primaryImageOfPage":{"@id":"https:\/\/goocater.com\/product\/fully-automatic-quick-meat-dicing-machine\/#primaryimage"},"image":{"@id":"https:\/\/goocater.com\/product\/fully-automatic-quick-meat-dicing-machine\/#primaryimage"},"thumbnailUrl":"https:\/\/goocater.com\/wp-content\/uploads\/2025\/12\/WPS\u56fe\u72470.png","datePublished":"2025-12-02T03:43:25+00:00","dateModified":"2025-12-08T17:32:34+00:00","breadcrumb":{"@id":"https:\/\/goocater.com\/product\/fully-automatic-quick-meat-dicing-machine\/#breadcrumb"},"inLanguage":"vi","potentialAction":[{"@type":"ReadAction","target":["https:\/\/goocater.com\/product\/fully-automatic-quick-meat-dicing-machine\/"]}]},{"@type":"ImageObject","inLanguage":"vi","@id":"https:\/\/goocater.com\/product\/fully-automatic-quick-meat-dicing-machine\/#primaryimage","url":"https:\/\/goocater.com\/wp-content\/uploads\/2025\/12\/WPS\u56fe\u72470.png","contentUrl":"https:\/\/goocater.com\/wp-content\/uploads\/2025\/12\/WPS\u56fe\u72470.png","width":1500,"height":964},{"@type":"BreadcrumbList","@id":"https:\/\/goocater.com\/product\/fully-automatic-quick-meat-dicing-machine\/#breadcrumb","itemListElement":[{"@type":"ListItem","position":1,"name":"Home","item":"https:\/\/goocater.com\/"},{"@type":"ListItem","position":2,"name":"Products","item":"https:\/\/goocater.com\/products\/"},{"@type":"ListItem","position":3,"name":"Fully Automatic Quick Meat Dicing Machine"}]},{"@type":"WebSite","@id":"https:\/\/goocater.com\/#website","url":"https:\/\/goocater.com\/","name":"Goocater","description":"Global Catering Kitchenware Supply Chain - One stop Procurement Platform | Goocater\u200b","potentialAction":[{"@type":"SearchAction","target":{"@type":"EntryPoint","urlTemplate":"https:\/\/goocater.com\/?s={search_term_string}"},"query-input":{"@type":"PropertyValueSpecification","valueRequired":true,"valueName":"search_term_string"}}],"inLanguage":"vi"}]}},"_links":{"self":[{"href":"https:\/\/goocater.com\/vi\/wp-json\/wp\/v2\/product\/1412","targetHints":{"allow":["GET"]}}],"collection":[{"href":"https:\/\/goocater.com\/vi\/wp-json\/wp\/v2\/product"}],"about":[{"href":"https:\/\/goocater.com\/vi\/wp-json\/wp\/v2\/types\/product"}],"version-history":[{"count":1,"href":"https:\/\/goocater.com\/vi\/wp-json\/wp\/v2\/product\/1412\/revisions"}],"predecessor-version":[{"id":1415,"href":"https:\/\/goocater.com\/vi\/wp-json\/wp\/v2\/product\/1412\/revisions\/1415"}],"wp:featuredmedia":[{"embeddable":true,"href":"https:\/\/goocater.com\/vi\/wp-json\/wp\/v2\/media\/1413"}],"wp:attachment":[{"href":"https:\/\/goocater.com\/vi\/wp-json\/wp\/v2\/media?parent=1412"}],"wp:term":[{"taxonomy":"product_brand","embeddable":true,"href":"https:\/\/goocater.com\/vi\/wp-json\/wp\/v2\/product_brand?post=1412"},{"taxonomy":"product_cat","embeddable":true,"href":"https:\/\/goocater.com\/vi\/wp-json\/wp\/v2\/product_cat?post=1412"},{"taxonomy":"product_tag","embeddable":true,"href":"https:\/\/goocater.com\/vi\/wp-json\/wp\/v2\/product_tag?post=1412"}],"curies":[{"name":"wp","href":"https:\/\/api.w.org\/{rel}","templated":true}]}}