{"id":1025,"date":"2025-10-14T12:34:20","date_gmt":"2025-10-14T12:34:20","guid":{"rendered":"https:\/\/goocater.com\/?post_type=product&#038;p=1025"},"modified":"2025-12-08T17:42:26","modified_gmt":"2025-12-08T17:42:26","slug":"xj700a","status":"publish","type":"product","link":"https:\/\/goocater.com\/vi\/san-pham\/xj700a\/","title":{"rendered":"M\u00e1y th\u00e1i th\u1ecbt t\u01b0\u01a1i \u0111a n\u0103ng th\u01b0\u01a1ng m\u1ea1i"},"content":{"rendered":"<p><strong>T\u1ed5ng quan s\u1ea3n ph\u1ea9m<\/strong><\/p>\n<p>N\u00e2ng cao hi\u1ec7u qu\u1ea3 ho\u1ea1t \u0111\u1ed9ng nh\u00e0 b\u1ebfp c\u1ee7a b\u1ea1n v\u1edbi k\u1ef9 thu\u1eadt ch\u00ednh x\u00e1c.<\/p>\n<p><span data-path-to-node=\"6,0\">M\u00e1y th\u00e1i th\u1ecbt XJ-700A kh\u00f4ng ch\u1ec9 l\u00e0 m\u1ed9t chi\u1ebfc m\u00e1y; n\u00f3 l\u00e0 ng\u01b0\u1eddi b\u1ea1n \u0111\u1ed3ng h\u00e0nh \u0111\u00e1ng tin c\u1eady nh\u1ea5t trong nh\u00e0 b\u1ebfp c\u1ee7a b\u1ea1n. \u0110\u01b0\u1ee3c thi\u1ebft k\u1ebf \u0111\u1eb7c bi\u1ec7t cho ng\u00e0nh c\u00f4ng nghi\u1ec7p ph\u1ee5c v\u1ee5 \u0103n u\u1ed1ng \u0111\u00f2i h\u1ecfi cao, m\u00e1y th\u00e1i th\u1ecbt c\u00f4ng nghi\u1ec7p n\u00e0y k\u1ebft h\u1ee3p t\u1ed1c \u0111\u1ed9 cao v\u1edbi \u0111\u1ed9 ch\u00ednh x\u00e1c tinh t\u1ebf. <\/span><span data-path-to-node=\"6,2\"><span class=\"citation-119\">D\u00f9 b\u1ea1n l\u00e0 chu\u1ed7i nh\u00e0 h\u00e0ng l\u1ea9u, b\u1ebfp trung t\u00e2m hay si\u00eau th\u1ecb b\u1eadn r\u1ed9n, m\u00e1y c\u1eaft XJ-700A \u0111\u1ec1u cho ra nh\u1eefng l\u00e1t c\u1eaft \u0111\u1ed3ng \u0111\u1ec1u, gi\u1ea3m chi ph\u00ed nh\u00e2n c\u00f4ng v\u00e0 \u0111\u1ea3m b\u1ea3o \u0111\u00e1p \u1ee9ng c\u00e1c ti\u00eau chu\u1ea9n an to\u00e0n th\u1ef1c ph\u1ea9m m\u1ecdi l\u00fac.<\/span><\/span><\/p>\n<p><strong>C\u00e1c t\u00ednh n\u0103ng v\u00e0 l\u1ee3i \u00edch ch\u00ednh<\/strong><\/p>\n<p><strong>N\u0103ng su\u1ea5t v\u00e0 hi\u1ec7u qu\u1ea3 v\u01b0\u1ee3t tr\u1ed9i<\/strong><\/p>\n<ul>\n<li>\n<p data-path-to-node=\"12,0,0\"><span data-path-to-node=\"12,0,0,0\"><b>Thay th\u1ebf 5-8 c\u00f4ng nh\u00e2n l\u00e0nh ngh\u1ec1:<\/b> C\u00f3 kh\u1ea3 n\u0103ng x\u1eed l\u00fd <b>150-250kg th\u1ecbt m\u1ed7i gi\u1edd<\/b>. <\/span><span data-path-to-node=\"12,0,0,2\"><span class=\"citation-117\">C\u1ed7 m\u00e1y n\u00e0y \u0111\u1ea3m nhi\u1ec7m c\u00f4ng vi\u1ec7c c\u1ee7a c\u1ea3 m\u1ed9t nh\u00f3m, cho ph\u00e9p b\u1ea1n ph\u00e2n b\u1ed5 l\u1ea1i nh\u00e2n vi\u00ean cho c\u00e1c nhi\u1ec7m v\u1ee5 c\u00f3 gi\u00e1 tr\u1ecb cao h\u01a1n. <\/span><\/span><\/p>\n<\/li>\n<li>\n<p data-path-to-node=\"12,1,1\"><span data-path-to-node=\"12,1,1,0\"><b><span class=\"citation-116\">Ho\u00e0n v\u1ed1n nhanh ch\u00f3ng:<\/span><\/b><span class=\"citation-116\"> T\u1ea1i c\u00e1c khu v\u1ef1c c\u00f3 chi ph\u00ed lao \u0111\u1ed9ng cao (nh\u01b0 ch\u00e2u \u00c2u v\u00e0 B\u1eafc M\u1ef9), kho\u1ea3n \u0111\u1ea7u t\u01b0 c\u00f3 th\u1ec3 \u0111\u01b0\u1ee3c thu h\u1ed3i ch\u1ec9 trong th\u1eddi gian ng\u1eafn. <\/span><b><span class=\"citation-116\">3-6 th\u00e1ng<\/span><\/b><span class=\"citation-116\"> Ch\u1ec9 ri\u00eang nh\u1edd ti\u1ebft ki\u1ec7m chi ph\u00ed nh\u00e2n c\u00f4ng. <\/span><\/span><\/p>\n<\/li>\n<\/ul>\n<p data-path-to-node=\"12,1,1\"><strong>C\u00f4ng ngh\u1ec7 c\u1eaft v\u01b0\u1ee3t tr\u1ed9i &amp; \u0110\u1ed9 b\u1ec1n cao<\/strong><\/p>\n<ul>\n<li>\n<p data-path-to-node=\"15,0,0\"><span data-path-to-node=\"15,0,0,0\"><b>L\u01b0\u1ee1i dao th\u00e9p cacbon cao c\u1ea5p nh\u1eadp kh\u1ea9u:<\/b> \u0110\u01b0\u1ee3c r\u00e8n b\u1eb1ng ph\u01b0\u01a1ng ph\u00e1p x\u1eed l\u00fd \u1edf nhi\u1ec7t \u0111\u1ed9 c\u1ef1c th\u1ea5p v\u00e0 m\u00e0i ch\u00ednh x\u00e1c. <\/span><span data-path-to-node=\"15,0,0,2\"><span class=\"citation-113\">Nh\u1eefng l\u01b0\u1ee1i dao n\u00e0y c\u1ef1c k\u1ef3 s\u1eafc b\u00e9n, ch\u1eafc ch\u1eafn v\u00e0 b\u1ec1n b\u1ec9, c\u00f3 th\u1ec3 x\u1eed l\u00fd th\u1ecbt \u0111\u00f4ng l\u1ea1nh c\u1ee9ng (-4\u00b0C \u0111\u1ebfn -18\u00b0C) m\u00e0 kh\u00f4ng b\u1ecb k\u1eb9t. <\/span><\/span><\/p>\n<\/li>\n<li>\n<p data-path-to-node=\"15,1,1\"><span data-path-to-node=\"15,1,1,0\"><b><span class=\"citation-112\">H\u1ec7 th\u1ed1ng d\u1eabn h\u01b0\u1edbng ch\u00ednh x\u00e1c:<\/span><\/b><span class=\"citation-112\"> S\u1ea3n ph\u1ea9m c\u00f3 h\u1ec7 th\u1ed1ng truy\u1ec1n \u0111\u1ed9ng v\u00edt me bi k\u00e9p ch\u00ednh x\u00e1c, \u0111\u1ea3m b\u1ea3o m\u1ecdi l\u00e1t, d\u1ea3i ho\u1eb7c mi\u1ebfng c\u1eaft \u0111\u1ec1u c\u00f3 \u0111\u1ed9 d\u00e0y \u0111\u1ed3ng \u0111\u1ec1u, kh\u00f4ng b\u1ecb th\u1eeba ho\u1eb7c g\u00e3y.<\/span><\/span><\/p>\n<\/li>\n<\/ul>\n<p>&nbsp;<\/p>\n<p><strong>An to\u00e0n th\u1ef1c ph\u1ea9m &amp; Ch\u1ea5t l\u01b0\u1ee3ng cao<\/strong><\/p>\n<ul>\n<li>\n<p data-path-to-node=\"18,0,1\"><span data-path-to-node=\"18,0,1,0\"><b><span class=\"citation-109\">Th\u00e9p kh\u00f4ng g\u1ec9 304 d\u00f9ng trong th\u1ef1c ph\u1ea9m:<\/span><\/b><span class=\"citation-109\"> Th\u00e2n m\u00e1y c\u00f3 kh\u1ea3 n\u0103ng ch\u1ed1ng \u0103n m\u00f2n, ch\u1ed1ng g\u1ec9 v\u00e0 d\u1ec5 v\u1ec7 sinh, ho\u00e0n to\u00e0n \u0111\u00e1p \u1ee9ng c\u00e1c ti\u00eau chu\u1ea9n an to\u00e0n th\u1ef1c ph\u1ea9m nghi\u00eam ng\u1eb7t. <\/span><\/span><\/p>\n<\/li>\n<li>\n<p data-path-to-node=\"18,1,0\"><span data-path-to-node=\"18,1,0,0\"><b>T\u1ed1i \u01b0u h\u00f3a v\u1ec7 sinh:<\/b> H\u1ec7 th\u1ed1ng truy\u1ec1n \u0111\u1ed9ng b\u00ean trong s\u1eed d\u1ee5ng m\u1ee1 b\u00f4i tr\u01a1n \u0111\u1ea1t ti\u00eau chu\u1ea9n th\u1ef1c ph\u1ea9m \u0111\u1ec3 ng\u0103n ng\u1eeba \u00f4 nhi\u1ec5m. <\/span><span data-path-to-node=\"18,1,0,2\"><span class=\"citation-108\">C\u1ea5u tr\u00fac n\u00e0y \u0111\u01b0\u1ee3c thi\u1ebft k\u1ebf \u0111\u1ec3 d\u1ec5 d\u00e0ng v\u1ec7 sinh v\u00e0 kh\u1eed tr\u00f9ng. <\/span><\/span><\/p>\n<\/li>\n<li>\n<p data-path-to-node=\"18,2,1\"><span data-path-to-node=\"18,2,1,0\"><b><span class=\"citation-107\">Thi\u1ebft k\u1ebf th\u00e2n thi\u1ec7n v\u1edbi m\u00f4i tr\u01b0\u1eddng:<\/span><\/b><span class=\"citation-107\"> 901 t\u1ea5n v\u1eadt li\u1ec7u c\u00f3 th\u1ec3 t\u00e1i ch\u1ebf (tu\u00e2n th\u1ee7 RoHS), v\u00e0 \u0111\u1ed9ng c\u01a1 bi\u1ebfn t\u1ea7n ti\u1ebft ki\u1ec7m n\u0103ng l\u01b0\u1ee3ng gi\u00fap gi\u1ea3m m\u1ee9c ti\u00eau th\u1ee5 \u0111i\u1ec7n n\u0103ng kho\u1ea3ng 201 t\u1ea5n.<\/span><\/span><\/p>\n<\/li>\n<\/ul>\n<p>&nbsp;<\/p>\n<p><strong>V\u1eadn h\u00e0nh th\u00e2n thi\u1ec7n v\u1edbi ng\u01b0\u1eddi d\u00f9ng<\/strong><\/p>\n<ul>\n<li>\n<p data-path-to-node=\"21,0,0\"><span data-path-to-node=\"21,0,0,0\"><b>\u0110i\u1ec1u khi\u1ec3n tr\u1ef1c quan:<\/b> \u0110\u01b0\u1ee3c trang b\u1ecb m\u00e0n h\u00ecnh k\u1ef9 thu\u1eadt s\u1ed1 LED hi\u1ec3n th\u1ecb \u0111\u1ed9 d\u00e0y v\u00e0 t\u1ed1c \u0111\u1ed9 c\u1eaft. <\/span><span data-path-to-node=\"21,0,0,2\"><span class=\"citation-103\">\u0110\u01a1n gi\u1ea3n \u0111\u1ebfn m\u1ee9c ng\u01b0\u1eddi m\u1edbi b\u1eaft \u0111\u1ea7u c\u0169ng c\u00f3 th\u1ec3 n\u1eafm v\u1eefng trong 10 ph\u00fat. <\/span><\/span><\/p>\n<\/li>\n<li>\n<p data-path-to-node=\"21,1,1\"><span data-path-to-node=\"21,1,1,0\"><b><span class=\"citation-102\">An to\u00e0n l\u00e0 tr\u00ean h\u1ebft:<\/span><\/b><span class=\"citation-102\"> S\u1ea3n ph\u1ea9m c\u00f3 t\u1ea5m ch\u1eafn PVC trong su\u1ed1t gi\u00fap d\u1ec5 quan s\u00e1t v\u00e0 b\u1ea3o v\u1ec7, c\u00f9ng v\u1edbi n\u00fat d\u1eebng kh\u1ea9n c\u1ea5p h\u00ecnh \u0111\u1ea7u n\u1ea5m m\u00e0u \u0111\u1ecf n\u1ed5i b\u1eadt \u0111\u1ec3 t\u1eaft m\u00e1y ngay l\u1eadp t\u1ee9c.<\/span><\/span><\/p>\n<\/li>\n<\/ul>\n<p>&nbsp;<\/p>\n<table data-path-to-node=\"24\">\n<thead>\n<tr>\n<td><strong>T\u00ednh n\u0103ng\u00a0<\/strong><\/td>\n<td><strong>Th\u00f4ng s\u1ed1 k\u1ef9 thu\u1eadt\u00a0<\/strong><\/td>\n<td><strong>\u00a0<\/strong><\/td>\n<\/tr>\n<\/thead>\n<tbody>\n<tr>\n<td><span data-path-to-node=\"24,1,0,0\"><b>Ng\u01b0\u1eddi m\u1eabu\u00a0<\/b><\/span><\/td>\n<td>\n<p data-path-to-node=\"24,1,1,0\"><span data-path-to-node=\"24,1,1,0,1\"><span class=\"citation-99\">XJ-700A<\/span><\/span><\/p>\n<\/td>\n<td><\/td>\n<\/tr>\n<tr>\n<td><span data-path-to-node=\"24,2,0,0\"><b>K\u00edch th\u01b0\u1edbc\u00a0<\/b><\/span><\/td>\n<td>\n<p data-path-to-node=\"24,2,1,0\"><span data-path-to-node=\"24,2,1,0,1\"><span class=\"citation-98\">750mm (D\u00e0i) \u00d7 480mm (R\u1ed9ng) \u00d7 380mm (Cao)<\/span><\/span><\/p>\n<\/td>\n<td><\/td>\n<\/tr>\n<tr>\n<td><span data-path-to-node=\"24,3,0,0\"><b>Tr\u1ecdng l\u01b0\u1ee3ng t\u1ecbnh\u00a0<\/b><\/span><\/td>\n<td>\n<p data-path-to-node=\"24,3,1,0\"><span data-path-to-node=\"24,3,1,0,1\"><span class=\"citation-97\">68 kg<\/span><\/span><\/p>\n<\/td>\n<td><\/td>\n<\/tr>\n<tr>\n<td><span data-path-to-node=\"24,4,0,0\"><b>C\u00f4ng su\u1ea5t \u0111\u1ed9ng c\u01a1\u00a0<\/b><\/span><\/td>\n<td>\n<p data-path-to-node=\"24,4,1,0\"><span data-path-to-node=\"24,4,1,0,1\"><span class=\"citation-96\">750W \u2013 1100W (D\u00e2y \u0111\u1ed3ng ch\u1ecbu t\u1ea3i n\u1eb7ng)<\/span><\/span><\/p>\n<\/td>\n<td><\/td>\n<\/tr>\n<tr>\n<td><span data-path-to-node=\"24,5,0,0\"><b>\u0110i\u1ec7n \u00e1p\u00a0<\/b><\/span><\/td>\n<td>\n<p data-path-to-node=\"24,5,1,0\"><span data-path-to-node=\"24,5,1,0,1\"><span class=\"citation-95\">C\u00f3 th\u1ec3 t\u00f9y ch\u1ec9nh: 110V\/60Hz ho\u1eb7c 220-240V\/50Hz<\/span><\/span><\/p>\n<\/td>\n<td><\/td>\n<\/tr>\n<tr>\n<td><span data-path-to-node=\"24,6,0,0\"><b>N\u0103ng l\u1ef1c s\u1ea3n xu\u1ea5t\u00a0<\/b><\/span><\/td>\n<td>\n<p data-path-to-node=\"24,6,1,0\"><span data-path-to-node=\"24,6,1,0,1\"><span class=\"citation-94\">150 \u2013 250 kg\/gi\u1edd<\/span><\/span><\/p>\n<\/td>\n<td><\/td>\n<\/tr>\n<tr>\n<td><span data-path-to-node=\"24,7,0,0\"><b>V\u1eadt li\u1ec7u\u00a0<\/b><\/span><\/td>\n<td>\n<p data-path-to-node=\"24,7,1,0\"><span data-path-to-node=\"24,7,1,0,1\"><span class=\"citation-93\">Th\u00e2n b\u1eb1ng th\u00e9p kh\u00f4ng g\u1ec9 304, v\u1ecf b\u1eb1ng nh\u1ef1a k\u1ef9 thu\u1eadt.<\/span><\/span><\/p>\n<\/td>\n<td><\/td>\n<\/tr>\n<tr>\n<td><span data-path-to-node=\"24,8,0,0\"><b>K\u00edch th\u01b0\u1edbc khay\u00a0<\/b><\/span><\/td>\n<td>\n<p data-path-to-node=\"24,8,1,0\"><span data-path-to-node=\"24,8,1,0,1\"><span class=\"citation-92\">Ti\u00eau chu\u1ea9n 450mm (C\u00f3 t\u00f9y ch\u1ecdn chi\u1ec1u d\u00e0i l\u1edbn h\u01a1n)<\/span><\/span><\/p>\n<\/td>\n<td><\/td>\n<\/tr>\n<\/tbody>\n<\/table>\n<h2 data-path-to-node=\"26\"><\/h2>\n<h2 data-path-to-node=\"26\">\u1ee8ng d\u1ee5ng l\u00fd t\u01b0\u1edfng<\/h2>\n<ul>\n<li>\n<p data-path-to-node=\"27,0,1\"><span data-path-to-node=\"27,0,1,0\"><b><span class=\"citation-91\">C\u00e1c chu\u1ed7i nh\u00e0 h\u00e0ng l\u1ea9u v\u00e0 n\u01b0\u1edbng BBQ:<\/span><\/b><span class=\"citation-91\"> D\u00f9ng cho c\u00e1c l\u00e1t th\u1ecbt v\u00e0 cu\u1ed9n th\u1ecbt ti\u00eau chu\u1ea9n. <\/span><\/span><\/p>\n<\/li>\n<li>\n<p data-path-to-node=\"27,1,1\"><span data-path-to-node=\"27,1,1,0\"><b><span class=\"citation-90\">B\u1ebfp trung t\u00e2m:<\/span><\/b><span class=\"citation-90\"> D\u00f9ng cho qu\u00e1 tr\u00ecnh ti\u1ec1n x\u1eed l\u00fd nguy\u00ean li\u1ec7u quy m\u00f4 l\u1edbn. <\/span><\/span><\/p>\n<\/li>\n<li>\n<p data-path-to-node=\"27,2,1\"><span data-path-to-node=\"27,2,1,0\"><b><span class=\"citation-89\">Nh\u00e0 h\u00e0ng Hoa ki\u1ec1u \u1edf n\u01b0\u1edbc ngo\u00e0i:<\/span><\/b><span class=\"citation-89\"> Gi\u1ea3i quy\u1ebft v\u1ea5n \u0111\u1ec1 thi\u1ebfu h\u1ee5t lao \u0111\u1ed9ng v\u00e0 l\u01b0\u01a1ng cao. <\/span><\/span><\/p>\n<\/li>\n<li>\n<p data-path-to-node=\"27,3,1\"><span data-path-to-node=\"27,3,1,0\"><b><span class=\"citation-88\">Si\u00eau th\u1ecb &amp; Ch\u1ee3 t\u01b0\u01a1i s\u1ed1ng:<\/span><\/b><span class=\"citation-88\"> Th\u1ecbt t\u01b0\u01a1i \u0111\u01b0\u1ee3c c\u1eaft theo y\u00eau c\u1ea7u. <\/span><\/span><\/p>\n<\/li>\n<\/ul>","protected":false},"excerpt":{"rendered":"<p>m\u00e1y ho\u00e0n to\u00e0n t\u1ef1 \u0111\u1ed9ng\/M\u00e1y th\u00e1i th\u1ecbt t\u01b0\u01a1i\/M\u00e1y th\u00e1i th\u1ecbt\/M\u00e1y th\u00e1i h\u1ea1t l\u1ef1u\/M\u00e1y th\u00e1i th\u1ecbt t\u01b0\u01a1i ho\u00e0n to\u00e0n t\u1ef1 \u0111\u1ed9ng<\/p>\n<p>ti\u1ebft ki\u1ec7m s\u1ee9c lao \u0111\u1ed9ng; n\u00e2ng cao hi\u1ec7u qu\u1ea3; ti\u1ebft ki\u1ec7m th\u1eddi gian v\u00e0 s\u1ee9c lao \u0111\u1ed9ng; ti\u1ec7n l\u1ee3i v\u00e0 hi\u1ec7u qu\u1ea3<\/p>","protected":false},"featured_media":1223,"template":"","meta":[],"product_brand":[],"product_cat":[92],"product_tag":[100],"class_list":{"0":"post-1025","1":"product","2":"type-product","3":"status-publish","4":"has-post-thumbnail","6":"product_cat-machine","7":"product_tag-popular-product","9":"first","10":"instock","11":"sold-individually","12":"shipping-taxable","13":"product-type-external"},"yoast_head":"<!-- This site is optimized with the Yoast SEO Premium plugin v25.8 (Yoast SEO v25.8) - https:\/\/yoast.com\/wordpress\/plugins\/seo\/ -->\n<title>Commercial Multi-functional Fresh Meat Dicer - Goocater<\/title>\n<meta name=\"robots\" content=\"index, follow, max-snippet:-1, max-image-preview:large, max-video-preview:-1\" \/>\n<link rel=\"canonical\" href=\"https:\/\/goocater.com\/vi\/san-pham\/xj700a\/\" \/>\n<meta property=\"og:locale\" content=\"vi_VN\" \/>\n<meta property=\"og:type\" content=\"article\" \/>\n<meta property=\"og:title\" content=\"Commercial Multi-functional Fresh Meat Dicer\" \/>\n<meta property=\"og:description\" content=\"fully automatic machine\/Fresh meat machine\/meat slicer\/Dicer\/Fully automatic fresh meat slicer  labor-saving\uff1bimprove efficiency\uff1btime-saving and labor-saving\uff1bconvenient and efficient\" \/>\n<meta property=\"og:url\" content=\"https:\/\/goocater.com\/vi\/san-pham\/xj700a\/\" \/>\n<meta property=\"og:site_name\" content=\"Goocater\" \/>\n<meta property=\"article:modified_time\" content=\"2025-12-08T17:42:26+00:00\" \/>\n<meta property=\"og:image\" content=\"https:\/\/goocater.com\/wp-content\/uploads\/2025\/10\/19826505595674992641128351.jpg\" \/>\n\t<meta property=\"og:image:width\" content=\"330\" \/>\n\t<meta property=\"og:image:height\" content=\"330\" \/>\n\t<meta property=\"og:image:type\" content=\"image\/jpeg\" \/>\n<meta name=\"twitter:card\" content=\"summary_large_image\" \/>\n<meta name=\"twitter:label1\" content=\"\u01af\u1edbc t\u00ednh th\u1eddi gian \u0111\u1ecdc\" \/>\n\t<meta name=\"twitter:data1\" content=\"2 ph\u00fat\" \/>\n<script type=\"application\/ld+json\" class=\"yoast-schema-graph\">{\"@context\":\"https:\/\/schema.org\",\"@graph\":[{\"@type\":\"WebPage\",\"@id\":\"https:\/\/goocater.com\/product\/xj700a\/\",\"url\":\"https:\/\/goocater.com\/product\/xj700a\/\",\"name\":\"Commercial Multi-functional Fresh Meat Dicer - Goocater\",\"isPartOf\":{\"@id\":\"https:\/\/goocater.com\/#website\"},\"primaryImageOfPage\":{\"@id\":\"https:\/\/goocater.com\/product\/xj700a\/#primaryimage\"},\"image\":{\"@id\":\"https:\/\/goocater.com\/product\/xj700a\/#primaryimage\"},\"thumbnailUrl\":\"https:\/\/goocater.com\/wp-content\/uploads\/2025\/10\/19826505595674992641128351.jpg\",\"datePublished\":\"2025-10-14T12:34:20+00:00\",\"dateModified\":\"2025-12-08T17:42:26+00:00\",\"breadcrumb\":{\"@id\":\"https:\/\/goocater.com\/product\/xj700a\/#breadcrumb\"},\"inLanguage\":\"vi\",\"potentialAction\":[{\"@type\":\"ReadAction\",\"target\":[\"https:\/\/goocater.com\/product\/xj700a\/\"]}]},{\"@type\":\"ImageObject\",\"inLanguage\":\"vi\",\"@id\":\"https:\/\/goocater.com\/product\/xj700a\/#primaryimage\",\"url\":\"https:\/\/goocater.com\/wp-content\/uploads\/2025\/10\/19826505595674992641128351.jpg\",\"contentUrl\":\"https:\/\/goocater.com\/wp-content\/uploads\/2025\/10\/19826505595674992641128351.jpg\",\"width\":330,\"height\":330},{\"@type\":\"BreadcrumbList\",\"@id\":\"https:\/\/goocater.com\/product\/xj700a\/#breadcrumb\",\"itemListElement\":[{\"@type\":\"ListItem\",\"position\":1,\"name\":\"Home\",\"item\":\"https:\/\/goocater.com\/\"},{\"@type\":\"ListItem\",\"position\":2,\"name\":\"Products\",\"item\":\"https:\/\/goocater.com\/products\/\"},{\"@type\":\"ListItem\",\"position\":3,\"name\":\"Commercial Multi-functional Fresh Meat Dicer\"}]},{\"@type\":\"WebSite\",\"@id\":\"https:\/\/goocater.com\/#website\",\"url\":\"https:\/\/goocater.com\/\",\"name\":\"Goocater\",\"description\":\"Global Catering Kitchenware Supply Chain - One stop Procurement Platform | Goocater\u200b\",\"potentialAction\":[{\"@type\":\"SearchAction\",\"target\":{\"@type\":\"EntryPoint\",\"urlTemplate\":\"https:\/\/goocater.com\/?s={search_term_string}\"},\"query-input\":{\"@type\":\"PropertyValueSpecification\",\"valueRequired\":true,\"valueName\":\"search_term_string\"}}],\"inLanguage\":\"vi\"}]}<\/script>\n<!-- \/ Yoast SEO Premium plugin. -->","yoast_head_json":{"title":"Commercial Multi-functional Fresh Meat Dicer - Goocater","robots":{"index":"index","follow":"follow","max-snippet":"max-snippet:-1","max-image-preview":"max-image-preview:large","max-video-preview":"max-video-preview:-1"},"canonical":"https:\/\/goocater.com\/vi\/san-pham\/xj700a\/","og_locale":"vi_VN","og_type":"article","og_title":"Commercial Multi-functional Fresh Meat Dicer","og_description":"fully automatic machine\/Fresh meat machine\/meat slicer\/Dicer\/Fully automatic fresh meat slicer  labor-saving\uff1bimprove efficiency\uff1btime-saving and labor-saving\uff1bconvenient and efficient","og_url":"https:\/\/goocater.com\/vi\/san-pham\/xj700a\/","og_site_name":"Goocater","article_modified_time":"2025-12-08T17:42:26+00:00","og_image":[{"width":330,"height":330,"url":"https:\/\/goocater.com\/wp-content\/uploads\/2025\/10\/19826505595674992641128351.jpg","type":"image\/jpeg"}],"twitter_card":"summary_large_image","twitter_misc":{"\u01af\u1edbc t\u00ednh th\u1eddi gian \u0111\u1ecdc":"2 ph\u00fat"},"schema":{"@context":"https:\/\/schema.org","@graph":[{"@type":"WebPage","@id":"https:\/\/goocater.com\/product\/xj700a\/","url":"https:\/\/goocater.com\/product\/xj700a\/","name":"Commercial Multi-functional Fresh Meat Dicer - Goocater","isPartOf":{"@id":"https:\/\/goocater.com\/#website"},"primaryImageOfPage":{"@id":"https:\/\/goocater.com\/product\/xj700a\/#primaryimage"},"image":{"@id":"https:\/\/goocater.com\/product\/xj700a\/#primaryimage"},"thumbnailUrl":"https:\/\/goocater.com\/wp-content\/uploads\/2025\/10\/19826505595674992641128351.jpg","datePublished":"2025-10-14T12:34:20+00:00","dateModified":"2025-12-08T17:42:26+00:00","breadcrumb":{"@id":"https:\/\/goocater.com\/product\/xj700a\/#breadcrumb"},"inLanguage":"vi","potentialAction":[{"@type":"ReadAction","target":["https:\/\/goocater.com\/product\/xj700a\/"]}]},{"@type":"ImageObject","inLanguage":"vi","@id":"https:\/\/goocater.com\/product\/xj700a\/#primaryimage","url":"https:\/\/goocater.com\/wp-content\/uploads\/2025\/10\/19826505595674992641128351.jpg","contentUrl":"https:\/\/goocater.com\/wp-content\/uploads\/2025\/10\/19826505595674992641128351.jpg","width":330,"height":330},{"@type":"BreadcrumbList","@id":"https:\/\/goocater.com\/product\/xj700a\/#breadcrumb","itemListElement":[{"@type":"ListItem","position":1,"name":"Home","item":"https:\/\/goocater.com\/"},{"@type":"ListItem","position":2,"name":"Products","item":"https:\/\/goocater.com\/products\/"},{"@type":"ListItem","position":3,"name":"Commercial Multi-functional Fresh Meat Dicer"}]},{"@type":"WebSite","@id":"https:\/\/goocater.com\/#website","url":"https:\/\/goocater.com\/","name":"Goocater","description":"Global Catering Kitchenware Supply Chain - One stop Procurement Platform | Goocater\u200b","potentialAction":[{"@type":"SearchAction","target":{"@type":"EntryPoint","urlTemplate":"https:\/\/goocater.com\/?s={search_term_string}"},"query-input":{"@type":"PropertyValueSpecification","valueRequired":true,"valueName":"search_term_string"}}],"inLanguage":"vi"}]}},"_links":{"self":[{"href":"https:\/\/goocater.com\/vi\/wp-json\/wp\/v2\/product\/1025","targetHints":{"allow":["GET"]}}],"collection":[{"href":"https:\/\/goocater.com\/vi\/wp-json\/wp\/v2\/product"}],"about":[{"href":"https:\/\/goocater.com\/vi\/wp-json\/wp\/v2\/types\/product"}],"version-history":[{"count":5,"href":"https:\/\/goocater.com\/vi\/wp-json\/wp\/v2\/product\/1025\/revisions"}],"predecessor-version":[{"id":1531,"href":"https:\/\/goocater.com\/vi\/wp-json\/wp\/v2\/product\/1025\/revisions\/1531"}],"wp:featuredmedia":[{"embeddable":true,"href":"https:\/\/goocater.com\/vi\/wp-json\/wp\/v2\/media\/1223"}],"wp:attachment":[{"href":"https:\/\/goocater.com\/vi\/wp-json\/wp\/v2\/media?parent=1025"}],"wp:term":[{"taxonomy":"product_brand","embeddable":true,"href":"https:\/\/goocater.com\/vi\/wp-json\/wp\/v2\/product_brand?post=1025"},{"taxonomy":"product_cat","embeddable":true,"href":"https:\/\/goocater.com\/vi\/wp-json\/wp\/v2\/product_cat?post=1025"},{"taxonomy":"product_tag","embeddable":true,"href":"https:\/\/goocater.com\/vi\/wp-json\/wp\/v2\/product_tag?post=1025"}],"curies":[{"name":"wp","href":"https:\/\/api.w.org\/{rel}","templated":true}]}}