{"id":1475,"date":"2025-12-07T10:46:42","date_gmt":"2025-12-07T10:46:42","guid":{"rendered":"https:\/\/goocater.com\/?page_id=1475"},"modified":"2025-12-07T10:48:30","modified_gmt":"2025-12-07T10:48:30","slug":"warranty-after-sales-policy","status":"publish","type":"page","link":"https:\/\/goocater.com\/vi\/warranty-after-sales-policy\/","title":{"rendered":"Ch\u00ednh s\u00e1ch b\u1ea3o h\u00e0nh v\u00e0 h\u1eadu m\u00e3i"},"content":{"rendered":"<div data-elementor-type=\"wp-page\" data-elementor-id=\"1475\" class=\"elementor elementor-1475\">\n\t\t\t\t<div class=\"wd-negative-gap elementor-element elementor-element-05fbd51 e-flex e-con-boxed e-con e-parent\" data-id=\"05fbd51\" data-element_type=\"container\">\n\t\t\t\t\t<div class=\"e-con-inner\">\n\t\t\t\t<div class=\"elementor-element elementor-element-6e452cb elementor-widget elementor-widget-heading\" data-id=\"6e452cb\" data-element_type=\"widget\" data-widget_type=\"heading.default\">\n\t\t\t\t\t<h2 class=\"elementor-heading-title elementor-size-default\">Ch\u00ednh s\u00e1ch b\u1ea3o h\u00e0nh v\u00e0 h\u1eadu m\u00e3i<\/h2>\t\t\t\t<\/div>\n\t\t\t\t<div class=\"elementor-element elementor-element-edb06ee color-scheme-inherit text-left elementor-widget elementor-widget-text-editor\" data-id=\"edb06ee\" data-element_type=\"widget\" data-widget_type=\"text-editor.default\">\n\t\t\t\t\t\t\t\t\t<ol><li><b><\/b><h5><strong><b>Th\u1eddi gian ki\u1ec3m tra<\/b><\/strong><\/h5><\/li><\/ol><h5>Sau khi nh\u1eadn h\u00e0ng, ng\u01b0\u1eddi mua c\u00f3 [7-14] ng\u00e0y \u0111\u1ec3 ki\u1ec3m tra ch\u1ea5t l\u01b0\u1ee3ng v\u00e0 s\u1ed1 l\u01b0\u1ee3ng. N\u1ebfu c\u00f3 b\u1ea5t k\u1ef3 sai l\u1ec7ch ho\u1eb7c khi\u1ebfm khuy\u1ebft n\u00e0o, vui l\u00f2ng th\u00f4ng b\u00e1o cho ch\u00fang t\u00f4i trong th\u1eddi gian n\u00e0y.<\/h5><ol start=\"2\"><li><h5><b><\/b><strong><b>\u0110\u1ea3m b\u1ea3o ch\u1ea5t l\u01b0\u1ee3ng<\/b><\/strong><\/h5><\/li><\/ol><h5>Ch\u00fang t\u00f4i cam k\u1ebft ch\u1ea5t l\u01b0\u1ee3ng s\u1ea3n ph\u1ea9m. N\u1ebfu ph\u00e1t hi\u1ec7n b\u1ea5t k\u1ef3 s\u1ea3n ph\u1ea9m n\u00e0o b\u1ecb l\u1ed7i do l\u1ed7i s\u1ea3n xu\u1ea5t:<\/h5><h5>Ch\u00fang t\u00f4i s\u1ebd thay th\u1ebf c\u00e1c s\u1ea3n ph\u1ea9m b\u1ecb l\u1ed7i trong l\u00f4 h\u00e0ng ti\u1ebfp theo.<\/h5><h5>HO\u1eb6C ch\u00fang t\u00f4i s\u1ebd ho\u00e0n l\u1ea1i ti\u1ec1n\/ghi c\u00f3 cho gi\u00e1 tr\u1ecb l\u1ed7i.<\/h5><h5><em><i>L\u01b0u \u00fd: Nh\u00f3m k\u1ef9 thu\u1eadt c\u1ee7a ch\u00fang t\u00f4i c\u1ea7n ph\u1ea3i cung c\u1ea5p \u1ea3nh ho\u1eb7c video v\u1ec1 c\u00e1c l\u1ed7i \u0111\u1ec3 ph\u00e2n t\u00edch.<\/i><\/em><\/h5><ol start=\"3\"><li><h5><b><\/b><strong><b>C\u00e1c m\u1eb7t h\u00e0ng kh\u00f4ng \u0111\u01b0\u1ee3c tr\u1ea3 l\u1ea1i<\/b><\/strong><\/h5><\/li><\/ol><h5>V\u00ec s\u1ea3n ph\u1ea9m c\u1ee7a ch\u00fang t\u00f4i th\u01b0\u1eddng \u0111\u01b0\u1ee3c t\u00f9y ch\u1ec9nh cho c\u00e1c \u0111\u01a1n h\u00e0ng B2B n\u00ean ch\u00fang t\u00f4i kh\u00f4ng ch\u1ea5p nh\u1eadn tr\u1ea3 l\u1ea1i h\u00e0ng v\u00ec l\u00fd do kh\u00f4ng \u0111\u1ea3m b\u1ea3o ch\u1ea5t l\u01b0\u1ee3ng (v\u00ed d\u1ee5: \u0111\u1ed5i \u00fd) sau khi s\u1ea3n xu\u1ea5t \u0111\u00e3 b\u1eaft \u0111\u1ea7u ho\u1eb7c h\u00e0ng \u0111\u00e3 \u0111\u01b0\u1ee3c giao, tr\u1eeb khi c\u00f3 th\u1ecfa thu\u1eadn kh\u00e1c b\u1eb1ng v\u0103n b\u1ea3n.<\/h5><ol start=\"4\"><li><h5><b><\/b><strong><b>\u0110\u01a1n h\u00e0ng m\u1eabu<\/b><\/strong><\/h5><\/li><\/ol><h5>\u0110\u1ed1i v\u1edbi \u0111\u01a1n h\u00e0ng m\u1eabu, n\u1ebfu b\u1ea1n kh\u00f4ng h\u00e0i l\u00f2ng v\u1ec1 ch\u1ea5t l\u01b0\u1ee3ng, chi ph\u00ed m\u1eabu (kh\u00f4ng bao g\u1ed3m ph\u00ed v\u1eadn chuy\u1ec3n) c\u00f3 th\u1ec3 \u0111\u01b0\u1ee3c ho\u00e0n l\u1ea1i ho\u1eb7c kh\u1ea5u tr\u1eeb v\u00e0o \u0111\u01a1n h\u00e0ng s\u1ed1 l\u01b0\u1ee3ng l\u1edbn ch\u00ednh th\u1ee9c c\u1ee7a b\u1ea1n.<\/h5><h5>\u00a0<\/h5>\t\t\t\t\t\t\t\t<\/div>\n\t\t\t\t\t<\/div>\n\t\t\t\t<\/div>\n\t\t\t\t<\/div>","protected":false},"excerpt":{"rendered":"<p>Ch\u00ednh s\u00e1ch b\u1ea3o h\u00e0nh &amp; h\u1eadu m\u00e3i Th\u1eddi gian ki\u1ec3m tra Sau khi nh\u1eadn h\u00e0ng, ng\u01b0\u1eddi mua c\u00f3 [7-14] ng\u00e0y \u0111\u1ec3 ki\u1ec3m tra ch\u1ea5t l\u01b0\u1ee3ng v\u00e0<\/p>","protected":false},"author":1,"featured_media":0,"parent":0,"menu_order":0,"comment_status":"closed","ping_status":"closed","template":"","meta":{"footnotes":""},"class_list":["post-1475","page","type-page","status-publish","hentry"],"yoast_head":"<!-- This site is optimized with the Yoast SEO Premium plugin v25.8 (Yoast SEO v25.8) - https:\/\/yoast.com\/wordpress\/plugins\/seo\/ -->\n<title>Warranty &amp; After-Sales Policy - Goocater<\/title>\n<meta name=\"robots\" content=\"index, follow, max-snippet:-1, max-image-preview:large, max-video-preview:-1\" \/>\n<link rel=\"canonical\" href=\"https:\/\/goocater.com\/vi\/warranty-after-sales-policy\/\" \/>\n<meta property=\"og:locale\" content=\"vi_VN\" \/>\n<meta property=\"og:type\" content=\"article\" \/>\n<meta property=\"og:title\" content=\"Warranty &amp; After-Sales Policy\" \/>\n<meta property=\"og:description\" content=\"Warranty &amp; After-Sales Policy Inspection Period Upon receiving the goods, the buyer has [7-14] days to inspect the quality and\" \/>\n<meta property=\"og:url\" content=\"https:\/\/goocater.com\/vi\/warranty-after-sales-policy\/\" \/>\n<meta property=\"og:site_name\" content=\"Goocater\" \/>\n<meta property=\"article:modified_time\" content=\"2025-12-07T10:48:30+00:00\" \/>\n<meta name=\"twitter:card\" content=\"summary_large_image\" \/>\n<meta name=\"twitter:label1\" content=\"\u01af\u1edbc t\u00ednh th\u1eddi gian \u0111\u1ecdc\" \/>\n\t<meta name=\"twitter:data1\" content=\"1 ph\u00fat\" \/>\n<script type=\"application\/ld+json\" class=\"yoast-schema-graph\">{\"@context\":\"https:\/\/schema.org\",\"@graph\":[{\"@type\":\"WebPage\",\"@id\":\"https:\/\/goocater.com\/warranty-after-sales-policy\/\",\"url\":\"https:\/\/goocater.com\/warranty-after-sales-policy\/\",\"name\":\"Warranty & After-Sales Policy - Goocater\",\"isPartOf\":{\"@id\":\"https:\/\/goocater.com\/#website\"},\"datePublished\":\"2025-12-07T10:46:42+00:00\",\"dateModified\":\"2025-12-07T10:48:30+00:00\",\"breadcrumb\":{\"@id\":\"https:\/\/goocater.com\/warranty-after-sales-policy\/#breadcrumb\"},\"inLanguage\":\"vi\",\"potentialAction\":[{\"@type\":\"ReadAction\",\"target\":[\"https:\/\/goocater.com\/warranty-after-sales-policy\/\"]}]},{\"@type\":\"BreadcrumbList\",\"@id\":\"https:\/\/goocater.com\/warranty-after-sales-policy\/#breadcrumb\",\"itemListElement\":[{\"@type\":\"ListItem\",\"position\":1,\"name\":\"Home\",\"item\":\"https:\/\/goocater.com\/\"},{\"@type\":\"ListItem\",\"position\":2,\"name\":\"Warranty &#038; After-Sales Policy\"}]},{\"@type\":\"WebSite\",\"@id\":\"https:\/\/goocater.com\/#website\",\"url\":\"https:\/\/goocater.com\/\",\"name\":\"Goocater\",\"description\":\"Global Catering Kitchenware Supply Chain - One stop Procurement Platform | Goocater\u200b\",\"potentialAction\":[{\"@type\":\"SearchAction\",\"target\":{\"@type\":\"EntryPoint\",\"urlTemplate\":\"https:\/\/goocater.com\/?s={search_term_string}\"},\"query-input\":{\"@type\":\"PropertyValueSpecification\",\"valueRequired\":true,\"valueName\":\"search_term_string\"}}],\"inLanguage\":\"vi\"}]}<\/script>\n<!-- \/ Yoast SEO Premium plugin. -->","yoast_head_json":{"title":"Warranty & After-Sales Policy - Goocater","robots":{"index":"index","follow":"follow","max-snippet":"max-snippet:-1","max-image-preview":"max-image-preview:large","max-video-preview":"max-video-preview:-1"},"canonical":"https:\/\/goocater.com\/vi\/warranty-after-sales-policy\/","og_locale":"vi_VN","og_type":"article","og_title":"Warranty & After-Sales Policy","og_description":"Warranty &amp; After-Sales Policy Inspection Period Upon receiving the goods, the buyer has [7-14] days to inspect the quality and","og_url":"https:\/\/goocater.com\/vi\/warranty-after-sales-policy\/","og_site_name":"Goocater","article_modified_time":"2025-12-07T10:48:30+00:00","twitter_card":"summary_large_image","twitter_misc":{"\u01af\u1edbc t\u00ednh th\u1eddi gian \u0111\u1ecdc":"1 ph\u00fat"},"schema":{"@context":"https:\/\/schema.org","@graph":[{"@type":"WebPage","@id":"https:\/\/goocater.com\/warranty-after-sales-policy\/","url":"https:\/\/goocater.com\/warranty-after-sales-policy\/","name":"Warranty & After-Sales Policy - Goocater","isPartOf":{"@id":"https:\/\/goocater.com\/#website"},"datePublished":"2025-12-07T10:46:42+00:00","dateModified":"2025-12-07T10:48:30+00:00","breadcrumb":{"@id":"https:\/\/goocater.com\/warranty-after-sales-policy\/#breadcrumb"},"inLanguage":"vi","potentialAction":[{"@type":"ReadAction","target":["https:\/\/goocater.com\/warranty-after-sales-policy\/"]}]},{"@type":"BreadcrumbList","@id":"https:\/\/goocater.com\/warranty-after-sales-policy\/#breadcrumb","itemListElement":[{"@type":"ListItem","position":1,"name":"Home","item":"https:\/\/goocater.com\/"},{"@type":"ListItem","position":2,"name":"Warranty &#038; After-Sales Policy"}]},{"@type":"WebSite","@id":"https:\/\/goocater.com\/#website","url":"https:\/\/goocater.com\/","name":"Goocater","description":"Global Catering Kitchenware Supply Chain - One stop Procurement Platform | Goocater\u200b","potentialAction":[{"@type":"SearchAction","target":{"@type":"EntryPoint","urlTemplate":"https:\/\/goocater.com\/?s={search_term_string}"},"query-input":{"@type":"PropertyValueSpecification","valueRequired":true,"valueName":"search_term_string"}}],"inLanguage":"vi"}]}},"_links":{"self":[{"href":"https:\/\/goocater.com\/vi\/wp-json\/wp\/v2\/pages\/1475","targetHints":{"allow":["GET"]}}],"collection":[{"href":"https:\/\/goocater.com\/vi\/wp-json\/wp\/v2\/pages"}],"about":[{"href":"https:\/\/goocater.com\/vi\/wp-json\/wp\/v2\/types\/page"}],"author":[{"embeddable":true,"href":"https:\/\/goocater.com\/vi\/wp-json\/wp\/v2\/users\/1"}],"replies":[{"embeddable":true,"href":"https:\/\/goocater.com\/vi\/wp-json\/wp\/v2\/comments?post=1475"}],"version-history":[{"count":8,"href":"https:\/\/goocater.com\/vi\/wp-json\/wp\/v2\/pages\/1475\/revisions"}],"predecessor-version":[{"id":1483,"href":"https:\/\/goocater.com\/vi\/wp-json\/wp\/v2\/pages\/1475\/revisions\/1483"}],"wp:attachment":[{"href":"https:\/\/goocater.com\/vi\/wp-json\/wp\/v2\/media?parent=1475"}],"curies":[{"name":"wp","href":"https:\/\/api.w.org\/{rel}","templated":true}]}}