{"id":1466,"date":"2025-12-07T10:43:13","date_gmt":"2025-12-07T10:43:13","guid":{"rendered":"https:\/\/goocater.com\/?page_id=1466"},"modified":"2025-12-07T10:46:24","modified_gmt":"2025-12-07T10:46:24","slug":"terms-of-service","status":"publish","type":"page","link":"https:\/\/goocater.com\/vi\/terms-of-service\/","title":{"rendered":"\u0110i\u1ec1u kho\u1ea3n d\u1ecbch v\u1ee5"},"content":{"rendered":"<div data-elementor-type=\"wp-page\" data-elementor-id=\"1466\" class=\"elementor elementor-1466\">\n\t\t\t\t<div class=\"wd-negative-gap elementor-element elementor-element-3b69e52 e-flex e-con-boxed e-con e-parent\" data-id=\"3b69e52\" data-element_type=\"container\">\n\t\t\t\t\t<div class=\"e-con-inner\">\n\t\t\t\t<div class=\"elementor-element elementor-element-9b2485d elementor-widget elementor-widget-heading\" data-id=\"9b2485d\" data-element_type=\"widget\" data-widget_type=\"heading.default\">\n\t\t\t\t\t<h2 class=\"elementor-heading-title elementor-size-default\">\u0110i\u1ec1u kho\u1ea3n d\u1ecbch v\u1ee5<\/h2>\t\t\t\t<\/div>\n\t\t\t\t<div class=\"elementor-element elementor-element-359ecfa color-scheme-inherit text-left elementor-widget elementor-widget-text-editor\" data-id=\"359ecfa\" data-element_type=\"widget\" data-widget_type=\"text-editor.default\">\n\t\t\t\t\t\t\t\t\t<h5><strong>\u0110I\u1ec0U KHO\u1ea2N D\u1ecaCH V\u1ee4 C\u1ee6A GOOCATER<\/strong><\/h5><h5><strong>C\u1eadp nh\u1eadt l\u1ea7n cu\u1ed1i: Th\u00e1ng 11 n\u0103m 2025<\/strong><\/h5><ol><li><h5><strong>T\u1ed5ng quan<\/strong><\/h5><\/li><\/ol><h5><strong>Trang web n\u00e0y \u0111\u01b0\u1ee3c \u0111i\u1ec1u h\u00e0nh b\u1edfi C\u00f4ng ty TNHH Th\u01b0\u01a1ng m\u1ea1i Qu\u1ed1c t\u1ebf C\u1eedu Giang Qiugou (Goocater). Khi truy c\u1eadp trang web c\u1ee7a ch\u00fang t\u00f4i, b\u1ea1n \u0111\u1ed3ng \u00fd b\u1ecb r\u00e0ng bu\u1ed9c b\u1edfi c\u00e1c \u0110i\u1ec1u kho\u1ea3n D\u1ecbch v\u1ee5 n\u00e0y. C\u00e1c \u0111i\u1ec1u kho\u1ea3n n\u00e0y \u00e1p d\u1ee5ng cho t\u1ea5t c\u1ea3 ng\u01b0\u1eddi d\u00f9ng trang web, bao g\u1ed3m tr\u00ecnh duy\u1ec7t, nh\u00e0 cung c\u1ea5p, kh\u00e1ch h\u00e0ng v\u00e0 ng\u01b0\u1eddi b\u00e1n.<\/strong><\/h5><ol start=\"2\"><li><h5><strong>Th\u00f4ng tin s\u1ea3n ph\u1ea9m<\/strong><\/h5><\/li><\/ol><h5><strong>Ch\u00fang t\u00f4i c\u1ed1 g\u1eafng hi\u1ec3n th\u1ecb m\u00e0u s\u1eafc v\u00e0 th\u00f4ng s\u1ed1 k\u1ef9 thu\u1eadt c\u1ee7a s\u1ea3n ph\u1ea9m m\u1ed9t c\u00e1ch ch\u00ednh x\u00e1c nh\u1ea5t c\u00f3 th\u1ec3. Tuy nhi\u00ean, v\u00ec \u0111\u00e2y l\u00e0 catalogue B2B, th\u00f4ng s\u1ed1 k\u1ef9 thu\u1eadt c\u00f3 th\u1ec3 thay \u0111\u1ed5i t\u00f9y theo y\u00eau c\u1ea7u c\u1ee7a kh\u00e1ch h\u00e0ng. T\u1ea5t c\u1ea3 m\u00f4 t\u1ea3 s\u1ea3n ph\u1ea9m v\u00e0 gi\u00e1 c\u1ea3 \u0111\u1ec1u ph\u1ea3i \u0111\u01b0\u1ee3c x\u00e1c nh\u1eadn th\u00f4ng qua b\u00e1o gi\u00e1 ch\u00ednh th\u1ee9c.<\/strong><\/h5><ol start=\"3\"><li><h5><strong>Giao d\u1ecbch B2B<\/strong><\/h5><\/li><\/ol><h5><strong>Trang web n\u00e0y \u0111\u00f3ng vai tr\u00f2 l\u00e0 n\u1ec1n t\u1ea3ng tra c\u1ee9u th\u00f4ng tin. Kh\u00f4ng c\u00f3 giao d\u1ecbch tr\u1ef1c tuy\u1ebfn n\u00e0o di\u1ec5n ra t\u1ea1i \u0111\u00e2y. M\u1ecdi giao d\u1ecbch mua b\u00e1n \u0111\u1ec1u \u0111\u01b0\u1ee3c \u0111i\u1ec1u ch\u1ec9nh b\u1edfi H\u1ee3p \u0111\u1ed3ng Mua b\u00e1n ho\u1eb7c H\u00f3a \u0111\u01a1n Proforma c\u1ee5 th\u1ec3 \u0111\u01b0\u1ee3c k\u00fd k\u1ebft gi\u1eefa hai b\u00ean, trong \u0111\u00f3 n\u00eau chi ti\u1ebft c\u00e1c \u0111i\u1ec1u kho\u1ea3n thanh to\u00e1n (v\u00ed d\u1ee5: T\/T, L\/C) v\u00e0 \u0111i\u1ec1u kho\u1ea3n giao h\u00e0ng.<\/strong><\/h5><ol start=\"4\"><li><h5><strong>S\u1edf h\u1eefu tr\u00ed tu\u1ec7<\/strong><\/h5><\/li><\/ol><h5><strong>M\u1ecdi n\u1ed9i dung c\u00f3 tr\u00ean trang web n\u00e0y, ch\u1eb3ng h\u1ea1n nh\u01b0 v\u0103n b\u1ea3n, \u0111\u1ed3 h\u1ecda, logo, h\u00ecnh \u1ea3nh v\u00e0 ph\u1ea7n m\u1ec1m, \u0111\u1ec1u l\u00e0 t\u00e0i s\u1ea3n c\u1ee7a Goocater v\u00e0 \u0111\u01b0\u1ee3c b\u1ea3o v\u1ec7 b\u1edfi lu\u1eadt b\u1ea3n quy\u1ec1n qu\u1ed1c t\u1ebf.<\/strong><\/h5><ol start=\"5\"><li><h5><strong>Gi\u1edbi h\u1ea1n tr\u00e1ch nhi\u1ec7m<\/strong><\/h5><\/li><\/ol><h5><strong>Goocater s\u1ebd kh\u00f4ng ch\u1ecbu tr\u00e1ch nhi\u1ec7m cho b\u1ea5t k\u1ef3 thi\u1ec7t h\u1ea1i tr\u1ef1c ti\u1ebfp, gi\u00e1n ti\u1ebfp ho\u1eb7c h\u1eadu qu\u1ea3 n\u00e0o ph\u00e1t sinh t\u1eeb vi\u1ec7c s\u1eed d\u1ee5ng ho\u1eb7c kh\u00f4ng s\u1eed d\u1ee5ng c\u00e1c t\u00e0i li\u1ec7u tr\u00ean trang web n\u00e0y.<\/strong><\/h5>\t\t\t\t\t\t\t\t<\/div>\n\t\t\t\t\t<\/div>\n\t\t\t\t<\/div>\n\t\t\t\t<\/div>","protected":false},"excerpt":{"rendered":"<p>\u0110i\u1ec1u kho\u1ea3n d\u1ecbch v\u1ee5 GOOCATER \u0110I\u1ec0U KHO\u1ea2N D\u1ecaCH V\u1ee4 C\u1eadp nh\u1eadt l\u1ea7n cu\u1ed1i: Th\u00e1ng 11 n\u0103m 2025 T\u1ed5ng quan Trang web n\u00e0y \u0111\u01b0\u1ee3c v\u1eadn h\u00e0nh b\u1edfi C\u00f4ng ty TNHH Th\u01b0\u01a1ng m\u1ea1i Qu\u1ed1c t\u1ebf Jiujiang Qiugou,<\/p>","protected":false},"author":1,"featured_media":0,"parent":0,"menu_order":0,"comment_status":"closed","ping_status":"closed","template":"","meta":{"footnotes":""},"class_list":["post-1466","page","type-page","status-publish","hentry"],"yoast_head":"<!-- This site is optimized with the Yoast SEO Premium plugin v25.8 (Yoast SEO v25.8) - https:\/\/yoast.com\/wordpress\/plugins\/seo\/ -->\n<title>Terms of Service - Goocater<\/title>\n<meta name=\"robots\" content=\"index, follow, max-snippet:-1, max-image-preview:large, max-video-preview:-1\" \/>\n<link rel=\"canonical\" href=\"https:\/\/goocater.com\/vi\/terms-of-service\/\" \/>\n<meta property=\"og:locale\" content=\"vi_VN\" \/>\n<meta property=\"og:type\" content=\"article\" \/>\n<meta property=\"og:title\" content=\"Terms of Service\" \/>\n<meta property=\"og:description\" content=\"Terms of Service GOOCATER\u00a0TERMS OF SERVICE Last Updated: November\u00a02025 General This website is operated by Jiujiang Qiugou International Trade Co.,\" \/>\n<meta property=\"og:url\" content=\"https:\/\/goocater.com\/vi\/terms-of-service\/\" \/>\n<meta property=\"og:site_name\" content=\"Goocater\" \/>\n<meta property=\"article:modified_time\" content=\"2025-12-07T10:46:24+00:00\" \/>\n<meta name=\"twitter:card\" content=\"summary_large_image\" \/>\n<meta name=\"twitter:label1\" content=\"\u01af\u1edbc t\u00ednh th\u1eddi gian \u0111\u1ecdc\" \/>\n\t<meta name=\"twitter:data1\" content=\"1 ph\u00fat\" \/>\n<script type=\"application\/ld+json\" class=\"yoast-schema-graph\">{\"@context\":\"https:\/\/schema.org\",\"@graph\":[{\"@type\":\"WebPage\",\"@id\":\"https:\/\/goocater.com\/terms-of-service\/\",\"url\":\"https:\/\/goocater.com\/terms-of-service\/\",\"name\":\"Terms of Service - Goocater\",\"isPartOf\":{\"@id\":\"https:\/\/goocater.com\/#website\"},\"datePublished\":\"2025-12-07T10:43:13+00:00\",\"dateModified\":\"2025-12-07T10:46:24+00:00\",\"breadcrumb\":{\"@id\":\"https:\/\/goocater.com\/terms-of-service\/#breadcrumb\"},\"inLanguage\":\"vi\",\"potentialAction\":[{\"@type\":\"ReadAction\",\"target\":[\"https:\/\/goocater.com\/terms-of-service\/\"]}]},{\"@type\":\"BreadcrumbList\",\"@id\":\"https:\/\/goocater.com\/terms-of-service\/#breadcrumb\",\"itemListElement\":[{\"@type\":\"ListItem\",\"position\":1,\"name\":\"Home\",\"item\":\"https:\/\/goocater.com\/\"},{\"@type\":\"ListItem\",\"position\":2,\"name\":\"Terms of Service\"}]},{\"@type\":\"WebSite\",\"@id\":\"https:\/\/goocater.com\/#website\",\"url\":\"https:\/\/goocater.com\/\",\"name\":\"Goocater\",\"description\":\"Global Catering Kitchenware Supply Chain - One stop Procurement Platform | Goocater\u200b\",\"potentialAction\":[{\"@type\":\"SearchAction\",\"target\":{\"@type\":\"EntryPoint\",\"urlTemplate\":\"https:\/\/goocater.com\/?s={search_term_string}\"},\"query-input\":{\"@type\":\"PropertyValueSpecification\",\"valueRequired\":true,\"valueName\":\"search_term_string\"}}],\"inLanguage\":\"vi\"}]}<\/script>\n<!-- \/ Yoast SEO Premium plugin. -->","yoast_head_json":{"title":"Terms of Service - Goocater","robots":{"index":"index","follow":"follow","max-snippet":"max-snippet:-1","max-image-preview":"max-image-preview:large","max-video-preview":"max-video-preview:-1"},"canonical":"https:\/\/goocater.com\/vi\/terms-of-service\/","og_locale":"vi_VN","og_type":"article","og_title":"Terms of Service","og_description":"Terms of Service GOOCATER\u00a0TERMS OF SERVICE Last Updated: November\u00a02025 General This website is operated by Jiujiang Qiugou International Trade Co.,","og_url":"https:\/\/goocater.com\/vi\/terms-of-service\/","og_site_name":"Goocater","article_modified_time":"2025-12-07T10:46:24+00:00","twitter_card":"summary_large_image","twitter_misc":{"\u01af\u1edbc t\u00ednh th\u1eddi gian \u0111\u1ecdc":"1 ph\u00fat"},"schema":{"@context":"https:\/\/schema.org","@graph":[{"@type":"WebPage","@id":"https:\/\/goocater.com\/terms-of-service\/","url":"https:\/\/goocater.com\/terms-of-service\/","name":"Terms of Service - Goocater","isPartOf":{"@id":"https:\/\/goocater.com\/#website"},"datePublished":"2025-12-07T10:43:13+00:00","dateModified":"2025-12-07T10:46:24+00:00","breadcrumb":{"@id":"https:\/\/goocater.com\/terms-of-service\/#breadcrumb"},"inLanguage":"vi","potentialAction":[{"@type":"ReadAction","target":["https:\/\/goocater.com\/terms-of-service\/"]}]},{"@type":"BreadcrumbList","@id":"https:\/\/goocater.com\/terms-of-service\/#breadcrumb","itemListElement":[{"@type":"ListItem","position":1,"name":"Home","item":"https:\/\/goocater.com\/"},{"@type":"ListItem","position":2,"name":"Terms of Service"}]},{"@type":"WebSite","@id":"https:\/\/goocater.com\/#website","url":"https:\/\/goocater.com\/","name":"Goocater","description":"Global Catering Kitchenware Supply Chain - One stop Procurement Platform | Goocater\u200b","potentialAction":[{"@type":"SearchAction","target":{"@type":"EntryPoint","urlTemplate":"https:\/\/goocater.com\/?s={search_term_string}"},"query-input":{"@type":"PropertyValueSpecification","valueRequired":true,"valueName":"search_term_string"}}],"inLanguage":"vi"}]}},"_links":{"self":[{"href":"https:\/\/goocater.com\/vi\/wp-json\/wp\/v2\/pages\/1466","targetHints":{"allow":["GET"]}}],"collection":[{"href":"https:\/\/goocater.com\/vi\/wp-json\/wp\/v2\/pages"}],"about":[{"href":"https:\/\/goocater.com\/vi\/wp-json\/wp\/v2\/types\/page"}],"author":[{"embeddable":true,"href":"https:\/\/goocater.com\/vi\/wp-json\/wp\/v2\/users\/1"}],"replies":[{"embeddable":true,"href":"https:\/\/goocater.com\/vi\/wp-json\/wp\/v2\/comments?post=1466"}],"version-history":[{"count":8,"href":"https:\/\/goocater.com\/vi\/wp-json\/wp\/v2\/pages\/1466\/revisions"}],"predecessor-version":[{"id":1474,"href":"https:\/\/goocater.com\/vi\/wp-json\/wp\/v2\/pages\/1466\/revisions\/1474"}],"wp:attachment":[{"href":"https:\/\/goocater.com\/vi\/wp-json\/wp\/v2\/media?parent=1466"}],"curies":[{"name":"wp","href":"https:\/\/api.w.org\/{rel}","templated":true}]}}