{"id":1457,"date":"2025-12-07T10:39:56","date_gmt":"2025-12-07T10:39:56","guid":{"rendered":"https:\/\/goocater.com\/?page_id=1457"},"modified":"2025-12-07T10:42:26","modified_gmt":"2025-12-07T10:42:26","slug":"shipping-fulfillment-info","status":"publish","type":"page","link":"https:\/\/goocater.com\/vi\/shipping-fulfillment-info\/","title":{"rendered":"Th\u00f4ng tin v\u1eadn chuy\u1ec3n v\u00e0 ho\u00e0n thi\u1ec7n"},"content":{"rendered":"<div data-elementor-type=\"wp-page\" data-elementor-id=\"1457\" class=\"elementor elementor-1457\">\n\t\t\t\t<div class=\"wd-negative-gap elementor-element elementor-element-e461ff4 e-flex e-con-boxed e-con e-parent\" data-id=\"e461ff4\" data-element_type=\"container\">\n\t\t\t\t\t<div class=\"e-con-inner\">\n\t\t\t\t<div class=\"elementor-element elementor-element-177dcaa elementor-widget elementor-widget-heading\" data-id=\"177dcaa\" data-element_type=\"widget\" data-widget_type=\"heading.default\">\n\t\t\t\t\t<h2 class=\"elementor-heading-title elementor-size-default\">Th\u00f4ng tin v\u1eadn chuy\u1ec3n v\u00e0 ho\u00e0n thi\u1ec7n<\/h2>\t\t\t\t<\/div>\n\t\t\t\t<div class=\"elementor-element elementor-element-744ee26 color-scheme-inherit text-left elementor-widget elementor-widget-text-editor\" data-id=\"744ee26\" data-element_type=\"widget\" data-widget_type=\"text-editor.default\">\n\t\t\t\t\t\t\t\t\t<ol><li><b><\/b><h5><strong>Ph\u01b0\u01a1ng th\u1ee9c v\u1eadn chuy\u1ec3n<\/strong><\/h5><\/li><\/ol><h5><strong>L\u00e0 nh\u00e0 b\u00e1n bu\u00f4n\/s\u1ea3n xu\u1ea5t B2B, ch\u00fang t\u00f4i cung c\u1ea5p c\u00e1c t\u00f9y ch\u1ecdn v\u1eadn chuy\u1ec3n linh ho\u1ea1t d\u1ef1a tr\u00ean kh\u1ed1i l\u01b0\u1ee3ng \u0111\u01a1n h\u00e0ng v\u00e0 \u0111i\u1ec3m \u0111\u1ebfn c\u1ee7a b\u1ea1n. Ch\u00fang t\u00f4i h\u1ee3p t\u00e1c v\u1edbi c\u00e1c c\u00f4ng ty giao nh\u1eadn v\u1eadn t\u1ea3i qu\u1ed1c t\u1ebf l\u1edbn \u0111\u1ec3 \u0111\u1ea3m b\u1ea3o giao h\u00e0ng an to\u00e0n qua:<\/strong><\/h5><h5><strong>V\u1eadn chuy\u1ec3n \u0111\u01b0\u1eddng bi\u1ec3n: (FCL\/LCL) cho c\u00e1c \u0111\u01a1n h\u00e0ng s\u1ed1 l\u01b0\u1ee3ng l\u1edbn.<\/strong><\/h5><h5><strong>V\u1eadn chuy\u1ec3n h\u00e0ng kh\u00f4ng: D\u00e0nh cho c\u00e1c \u0111\u01a1n h\u00e0ng kh\u1ea9n c\u1ea5p.<\/strong><\/h5><h5><strong>Chuy\u1ec3n ph\u00e1t nhanh: (DHL\/FedEx\/UPS) cho c\u00e1c m\u1eabu.<\/strong><\/h5><ol start=\"2\"><li><h5><strong>Incoterms<\/strong><\/h5><\/li><\/ol><h5><strong>Ch\u00fang t\u00f4i h\u1ed7 tr\u1ee3 c\u00e1c \u0111i\u1ec1u kho\u1ea3n th\u01b0\u01a1ng m\u1ea1i qu\u1ed1c t\u1ebf (Incoterms) ti\u00eau chu\u1ea9n bao g\u1ed3m EXW, FOB, CIF, DDP v\u00e0 DAP. Ph\u01b0\u01a1ng th\u1ee9c v\u1eadn chuy\u1ec3n v\u00e0 c\u00e1c \u0111i\u1ec1u kho\u1ea3n c\u1ee5 th\u1ec3 s\u1ebd \u0111\u01b0\u1ee3c x\u00e1c nh\u1eadn trong H\u1ee3p \u0111\u1ed3ng mua b\u00e1n c\u1ee7a b\u1ea1n.<\/strong><\/h5><ol start=\"3\"><li><h5><strong>Th\u1eddi gian s\u1ea3n xu\u1ea5t (Th\u1eddi gian s\u1ea3n xu\u1ea5t)<\/strong><\/h5><\/li><\/ol><h5><strong>H\u00e0ng c\u00f3 s\u1eb5n: Giao h\u00e0ng trong v\u00f2ng [3-5] ng\u00e0y l\u00e0m vi\u1ec7c sau khi x\u00e1c nh\u1eadn thanh to\u00e1n.<\/strong><\/h5><h5><strong>\u0110\u01a1n h\u00e0ng t\u00f9y ch\u1ec9nh\/S\u1ed1 l\u01b0\u1ee3ng l\u1edbn: Th\u1eddi gian s\u1ea3n xu\u1ea5t th\u01b0\u1eddng dao \u0111\u1ed9ng t\u1eeb [15 \u0111\u1ebfn 45] ng\u00e0y t\u00f9y thu\u1ed9c v\u00e0o s\u1ed1 l\u01b0\u1ee3ng \u0111\u01a1n h\u00e0ng v\u00e0 y\u00eau c\u1ea7u t\u00f9y ch\u1ec9nh. Ng\u00e0y c\u1ee5 th\u1ec3 s\u1ebd \u0111\u01b0\u1ee3c cung c\u1ea5p trong b\u00e1o gi\u00e1 c\u1ee7a b\u1ea1n.<\/strong><\/h5><ol start=\"4\"><li><h5><strong>Theo d\u00f5i<\/strong><\/h5><\/li><\/ol><h5><strong>Sau khi h\u00e0ng h\u00f3a \u0111\u01b0\u1ee3c ch\u1ea5t l\u00ean xe, V\u1eadn \u0111\u01a1n (B\/L) ho\u1eb7c s\u1ed1 theo d\u00f5i s\u1ebd \u0111\u01b0\u1ee3c g\u1eedi ngay \u0111\u1ebfn email c\u1ee7a b\u1ea1n.<\/strong><\/h5><h5>\u00a0<\/h5>\t\t\t\t\t\t\t\t<\/div>\n\t\t\t\t\t<\/div>\n\t\t\t\t<\/div>\n\t\t\t\t<\/div>","protected":false},"excerpt":{"rendered":"<p>Th\u00f4ng tin v\u1eadn chuy\u1ec3n v\u00e0 ho\u00e0n t\u1ea5t \u0111\u01a1n h\u00e0ng Ph\u01b0\u01a1ng th\u1ee9c v\u1eadn chuy\u1ec3n L\u00e0 nh\u00e0 b\u00e1n bu\u00f4n\/nh\u00e0 s\u1ea3n xu\u1ea5t B2B, ch\u00fang t\u00f4i cung c\u1ea5p c\u00e1c t\u00f9y ch\u1ecdn v\u1eadn chuy\u1ec3n linh ho\u1ea1t d\u1ef1a tr\u00ean kh\u1ed1i l\u01b0\u1ee3ng \u0111\u01a1n h\u00e0ng c\u1ee7a b\u1ea1n<\/p>","protected":false},"author":1,"featured_media":0,"parent":0,"menu_order":0,"comment_status":"closed","ping_status":"closed","template":"","meta":{"footnotes":""},"class_list":["post-1457","page","type-page","status-publish","hentry"],"yoast_head":"<!-- This site is optimized with the Yoast SEO Premium plugin v25.8 (Yoast SEO v25.8) - https:\/\/yoast.com\/wordpress\/plugins\/seo\/ -->\n<title>Shipping &amp; Fulfillment Info - Goocater<\/title>\n<meta name=\"robots\" content=\"index, follow, max-snippet:-1, max-image-preview:large, max-video-preview:-1\" \/>\n<link rel=\"canonical\" href=\"https:\/\/goocater.com\/vi\/shipping-fulfillment-info\/\" \/>\n<meta property=\"og:locale\" content=\"vi_VN\" \/>\n<meta property=\"og:type\" content=\"article\" \/>\n<meta property=\"og:title\" content=\"Shipping &amp; Fulfillment Info\" \/>\n<meta property=\"og:description\" content=\"Shipping &amp; Fulfillment Info Shipping Methods As a B2B wholesaler\/manufacturer, we offer flexible shipping options based on your order volume\" \/>\n<meta property=\"og:url\" content=\"https:\/\/goocater.com\/vi\/shipping-fulfillment-info\/\" \/>\n<meta property=\"og:site_name\" content=\"Goocater\" \/>\n<meta property=\"article:modified_time\" content=\"2025-12-07T10:42:26+00:00\" \/>\n<meta name=\"twitter:card\" content=\"summary_large_image\" \/>\n<meta name=\"twitter:label1\" content=\"\u01af\u1edbc t\u00ednh th\u1eddi gian \u0111\u1ecdc\" \/>\n\t<meta name=\"twitter:data1\" content=\"1 ph\u00fat\" \/>\n<script type=\"application\/ld+json\" class=\"yoast-schema-graph\">{\"@context\":\"https:\/\/schema.org\",\"@graph\":[{\"@type\":\"WebPage\",\"@id\":\"https:\/\/goocater.com\/shipping-fulfillment-info\/\",\"url\":\"https:\/\/goocater.com\/shipping-fulfillment-info\/\",\"name\":\"Shipping & Fulfillment Info - Goocater\",\"isPartOf\":{\"@id\":\"https:\/\/goocater.com\/#website\"},\"datePublished\":\"2025-12-07T10:39:56+00:00\",\"dateModified\":\"2025-12-07T10:42:26+00:00\",\"breadcrumb\":{\"@id\":\"https:\/\/goocater.com\/shipping-fulfillment-info\/#breadcrumb\"},\"inLanguage\":\"vi\",\"potentialAction\":[{\"@type\":\"ReadAction\",\"target\":[\"https:\/\/goocater.com\/shipping-fulfillment-info\/\"]}]},{\"@type\":\"BreadcrumbList\",\"@id\":\"https:\/\/goocater.com\/shipping-fulfillment-info\/#breadcrumb\",\"itemListElement\":[{\"@type\":\"ListItem\",\"position\":1,\"name\":\"Home\",\"item\":\"https:\/\/goocater.com\/\"},{\"@type\":\"ListItem\",\"position\":2,\"name\":\"Shipping &#038; Fulfillment Info\"}]},{\"@type\":\"WebSite\",\"@id\":\"https:\/\/goocater.com\/#website\",\"url\":\"https:\/\/goocater.com\/\",\"name\":\"Goocater\",\"description\":\"Global Catering Kitchenware Supply Chain - One stop Procurement Platform | Goocater\u200b\",\"potentialAction\":[{\"@type\":\"SearchAction\",\"target\":{\"@type\":\"EntryPoint\",\"urlTemplate\":\"https:\/\/goocater.com\/?s={search_term_string}\"},\"query-input\":{\"@type\":\"PropertyValueSpecification\",\"valueRequired\":true,\"valueName\":\"search_term_string\"}}],\"inLanguage\":\"vi\"}]}<\/script>\n<!-- \/ Yoast SEO Premium plugin. -->","yoast_head_json":{"title":"Shipping & Fulfillment Info - Goocater","robots":{"index":"index","follow":"follow","max-snippet":"max-snippet:-1","max-image-preview":"max-image-preview:large","max-video-preview":"max-video-preview:-1"},"canonical":"https:\/\/goocater.com\/vi\/shipping-fulfillment-info\/","og_locale":"vi_VN","og_type":"article","og_title":"Shipping & Fulfillment Info","og_description":"Shipping &amp; Fulfillment Info Shipping Methods As a B2B wholesaler\/manufacturer, we offer flexible shipping options based on your order volume","og_url":"https:\/\/goocater.com\/vi\/shipping-fulfillment-info\/","og_site_name":"Goocater","article_modified_time":"2025-12-07T10:42:26+00:00","twitter_card":"summary_large_image","twitter_misc":{"\u01af\u1edbc t\u00ednh th\u1eddi gian \u0111\u1ecdc":"1 ph\u00fat"},"schema":{"@context":"https:\/\/schema.org","@graph":[{"@type":"WebPage","@id":"https:\/\/goocater.com\/shipping-fulfillment-info\/","url":"https:\/\/goocater.com\/shipping-fulfillment-info\/","name":"Shipping & Fulfillment Info - Goocater","isPartOf":{"@id":"https:\/\/goocater.com\/#website"},"datePublished":"2025-12-07T10:39:56+00:00","dateModified":"2025-12-07T10:42:26+00:00","breadcrumb":{"@id":"https:\/\/goocater.com\/shipping-fulfillment-info\/#breadcrumb"},"inLanguage":"vi","potentialAction":[{"@type":"ReadAction","target":["https:\/\/goocater.com\/shipping-fulfillment-info\/"]}]},{"@type":"BreadcrumbList","@id":"https:\/\/goocater.com\/shipping-fulfillment-info\/#breadcrumb","itemListElement":[{"@type":"ListItem","position":1,"name":"Home","item":"https:\/\/goocater.com\/"},{"@type":"ListItem","position":2,"name":"Shipping &#038; Fulfillment Info"}]},{"@type":"WebSite","@id":"https:\/\/goocater.com\/#website","url":"https:\/\/goocater.com\/","name":"Goocater","description":"Global Catering Kitchenware Supply Chain - One stop Procurement Platform | Goocater\u200b","potentialAction":[{"@type":"SearchAction","target":{"@type":"EntryPoint","urlTemplate":"https:\/\/goocater.com\/?s={search_term_string}"},"query-input":{"@type":"PropertyValueSpecification","valueRequired":true,"valueName":"search_term_string"}}],"inLanguage":"vi"}]}},"_links":{"self":[{"href":"https:\/\/goocater.com\/vi\/wp-json\/wp\/v2\/pages\/1457","targetHints":{"allow":["GET"]}}],"collection":[{"href":"https:\/\/goocater.com\/vi\/wp-json\/wp\/v2\/pages"}],"about":[{"href":"https:\/\/goocater.com\/vi\/wp-json\/wp\/v2\/types\/page"}],"author":[{"embeddable":true,"href":"https:\/\/goocater.com\/vi\/wp-json\/wp\/v2\/users\/1"}],"replies":[{"embeddable":true,"href":"https:\/\/goocater.com\/vi\/wp-json\/wp\/v2\/comments?post=1457"}],"version-history":[{"count":8,"href":"https:\/\/goocater.com\/vi\/wp-json\/wp\/v2\/pages\/1457\/revisions"}],"predecessor-version":[{"id":1465,"href":"https:\/\/goocater.com\/vi\/wp-json\/wp\/v2\/pages\/1457\/revisions\/1465"}],"wp:attachment":[{"href":"https:\/\/goocater.com\/vi\/wp-json\/wp\/v2\/media?parent=1457"}],"curies":[{"name":"wp","href":"https:\/\/api.w.org\/{rel}","templated":true}]}}