{"id":1448,"date":"2025-12-07T10:36:11","date_gmt":"2025-12-07T10:36:11","guid":{"rendered":"https:\/\/goocater.com\/?page_id=1448"},"modified":"2025-12-07T10:39:25","modified_gmt":"2025-12-07T10:39:25","slug":"privacy-policy","status":"publish","type":"page","link":"https:\/\/goocater.com\/vi\/privacy-policy\/","title":{"rendered":"Ch\u00ednh s\u00e1ch b\u1ea3o m\u1eadt"},"content":{"rendered":"<div data-elementor-type=\"wp-page\" data-elementor-id=\"1448\" class=\"elementor elementor-1448\">\n\t\t\t\t<div class=\"wd-negative-gap elementor-element elementor-element-ee25001 e-flex e-con-boxed e-con e-parent\" data-id=\"ee25001\" data-element_type=\"container\">\n\t\t\t\t\t<div class=\"e-con-inner\">\n\t\t\t\t<div class=\"elementor-element elementor-element-2df8e18 elementor-widget elementor-widget-heading\" data-id=\"2df8e18\" data-element_type=\"widget\" data-widget_type=\"heading.default\">\n\t\t\t\t\t<h2 class=\"elementor-heading-title elementor-size-default\">Ch\u00ednh s\u00e1ch b\u1ea3o m\u1eadt<\/h2>\t\t\t\t<\/div>\n\t\t\t\t<div class=\"elementor-element elementor-element-2128d17 color-scheme-inherit text-left elementor-widget elementor-widget-text-editor\" data-id=\"2128d17\" data-element_type=\"widget\" data-widget_type=\"text-editor.default\">\n\t\t\t\t\t\t\t\t\t<h5><strong>C\u1eadp nh\u1eadt l\u1ea7n cu\u1ed1i: Th\u00e1ng 11 n\u0103m 2025<\/strong><\/h5><h5><strong>PH\u1ea0M VI C\u1ee6A CH\u00cdNH S\u00c1CH N\u00c0Y<\/strong><\/h5><h5><strong>Ch\u00ednh s\u00e1ch b\u1ea3o m\u1eadt n\u00e0y (\u201cCh\u00ednh s\u00e1ch\u201d) \u00e1p d\u1ee5ng cho:<\/strong><\/h5><h5><strong>C\u00f4ng ty TNHH Th\u01b0\u01a1ng m\u1ea1i Qu\u1ed1c t\u1ebf Jiujiang Qiugou (\u201cGoocater,\u201d \u201cch\u00fang t\u00f4i,\u201d \u201cc\u1ee7a ch\u00fang t\u00f4i\u201d); v\u00e0<\/strong><\/h5><h5><strong>C\u00e1c t\u00e0i s\u1ea3n tr\u1ef1c tuy\u1ebfn c\u1ee7a Goocater (bao g\u1ed3m c\u00e1c trang web v\u00e0 trang web ho\u1eb7c \u1ee9ng d\u1ee5ng di \u0111\u1ed9ng c\u1ee7a ch\u00fang t\u00f4i c\u00f3 li\u00ean k\u1ebft \u0111\u1ebfn Goocater), c\u00e1c trang m\u1ea1ng x\u00e3 h\u1ed9i ho\u1eb7c t\u00e0i kho\u1ea3n m\u1ea1ng x\u00e3 h\u1ed9i c\u1ee7a ch\u00fang t\u00f4i, c\u0169ng nh\u01b0 c\u00e1c s\u1ea3n ph\u1ea9m v\u00e0 d\u1ecbch v\u1ee5 c\u1ee7a ch\u00fang t\u00f4i (\u201cD\u1ecbch v\u1ee5\u201d).<\/strong><\/h5><ol><li><h5><strong>Th\u00f4ng tin ch\u00fang t\u00f4i thu th\u1eadp<\/strong><\/h5><\/li><\/ol><h5><strong>Ch\u00fang t\u00f4i thu th\u1eadp th\u00f4ng tin b\u1ea1n cung c\u1ea5p tr\u1ef1c ti\u1ebfp cho ch\u00fang t\u00f4i khi b\u1ea1n \u0111i\u1ec1n v\u00e0o bi\u1ec3u m\u1eabu y\u00eau c\u1ea7u chuy\u00ean bi\u1ec7t, y\u00eau c\u1ea7u b\u00e1o gi\u00e1 ho\u1eb7c li\u00ean h\u1ec7 v\u1edbi ch\u00fang t\u00f4i qua email. Th\u00f4ng tin n\u00e0y bao g\u1ed3m:<\/strong><\/h5><h5><strong>H\u1ecd v\u00e0 t\u00ean v\u00e0 ch\u1ee9c danh<\/strong><\/h5><h5><strong>T\u00ean c\u00f4ng ty<\/strong><\/h5><h5><strong>\u0110\u1ecba ch\u1ec9 Email v\u00e0 S\u1ed1 \u0111i\u1ec7n tho\u1ea1i<\/strong><\/h5><h5><strong>\u0110i\u1ec3m \u0111\u1ebfn v\u1eadn chuy\u1ec3n (\u0111\u1ec3 b\u00e1o gi\u00e1)<\/strong><\/h5><h5><strong>Y\u00eau c\u1ea7u s\u1ea3n ph\u1ea9m<\/strong><\/h5><ol start=\"2\"><li><h5><strong>C\u00e1ch ch\u00fang t\u00f4i s\u1eed d\u1ee5ng th\u00f4ng tin c\u1ee7a b\u1ea1n<\/strong><\/h5><\/li><\/ol><h5><strong>Ch\u00fang t\u00f4i l\u00e0 nh\u00e0 s\u1ea3n xu\u1ea5t\/nh\u00e0 cung c\u1ea5p B2B. Ch\u00fang t\u00f4i ch\u1ec9 s\u1eed d\u1ee5ng th\u00f4ng tin c\u1ee7a b\u1ea1n cho:<\/strong><\/h5><h5><strong>X\u1eed l\u00fd y\u00eau c\u1ea7u c\u1ee7a b\u1ea1n v\u00e0 cung c\u1ea5p b\u00e1o gi\u00e1 (H\u00f3a \u0111\u01a1n t\u1ea1m t\u00ednh).<\/strong><\/h5><h5><strong>Trao \u0111\u1ed5i v\u1edbi b\u1ea1n v\u1ec1 th\u00f4ng s\u1ed1 k\u1ef9 thu\u1eadt \u0111\u01a1n h\u00e0ng v\u00e0 c\u1eadp nh\u1eadt s\u1ea3n xu\u1ea5t.<\/strong><\/h5><h5><strong>S\u1eafp x\u1ebfp th\u1ee7 t\u1ee5c h\u1eadu c\u1ea7n v\u00e0 th\u00f4ng quan.<\/strong><\/h5><h5><strong>Ch\u00fang t\u00f4i kh\u00f4ng b\u00e1n, giao d\u1ecbch ho\u1eb7c chuy\u1ec3n giao th\u00f4ng tin nh\u1eadn d\u1ea1ng c\u00e1 nh\u00e2n c\u1ee7a b\u1ea1n cho b\u00ean th\u1ee9 ba.<\/strong><\/h5><ol start=\"3\"><li><h5><strong>Cookie v\u00e0 C\u00f4ng ngh\u1ec7 theo d\u00f5i<\/strong><\/h5><\/li><\/ol><h5><strong>Ch\u00fang t\u00f4i s\u1eed d\u1ee5ng cookie \u0111\u1ec3 n\u00e2ng cao tr\u1ea3i nghi\u1ec7m duy\u1ec7t web c\u1ee7a b\u1ea1n v\u00e0 ph\u00e2n t\u00edch l\u01b0u l\u01b0\u1ee3ng truy c\u1eadp trang web. Ch\u00fang t\u00f4i c\u0169ng c\u00f3 th\u1ec3 s\u1eed d\u1ee5ng c\u00e1c d\u1ecbch v\u1ee5 c\u1ee7a b\u00ean th\u1ee9 ba, ch\u1eb3ng h\u1ea1n nh\u01b0 Google Analytics v\u00e0 Google Ads, \u0111\u1ec3 gi\u00fap ch\u00fang t\u00f4i hi\u1ec3u r\u00f5 kh\u00e1ch truy c\u1eadp v\u00e0 cung c\u1ea5p qu\u1ea3ng c\u00e1o ph\u00f9 h\u1ee3p. B\u1ea1n c\u00f3 th\u1ec3 ch\u1ecdn t\u1eaft cookie th\u00f4ng qua c\u00e0i \u0111\u1eb7t tr\u00ecnh duy\u1ec7t c\u1ee7a m\u00ecnh.<\/strong><\/h5><ol start=\"4\"><li><h5><strong>B\u1ea3o m\u1eadt d\u1eef li\u1ec7u<\/strong><\/h5><\/li><\/ol><h5><strong>Ch\u00fang t\u00f4i tri\u1ec3n khai nhi\u1ec1u bi\u1ec7n ph\u00e1p b\u1ea3o m\u1eadt kh\u00e1c nhau \u0111\u1ec3 \u0111\u1ea3m b\u1ea3o an to\u00e0n cho th\u00f4ng tin c\u00e1 nh\u00e2n c\u1ee7a b\u1ea1n. Ch\u1ec9 nh\u1eefng nh\u00e2n vi\u00ean c\u1ea7n th\u00f4ng tin \u0111\u1ec3 th\u1ef1c hi\u1ec7n m\u1ed9t c\u00f4ng vi\u1ec7c c\u1ee5 th\u1ec3 (v\u00ed d\u1ee5: thanh to\u00e1n ho\u1eb7c d\u1ecbch v\u1ee5 kh\u00e1ch h\u00e0ng) m\u1edbi \u0111\u01b0\u1ee3c c\u1ea5p quy\u1ec1n truy c\u1eadp v\u00e0o th\u00f4ng tin nh\u1eadn d\u1ea1ng c\u00e1 nh\u00e2n.<\/strong><\/h5><ol start=\"5\"><li><h5><strong>Li\u00ean h\u1ec7 v\u1edbi ch\u00fang t\u00f4i<\/strong><\/h5><\/li><\/ol><h5><strong>N\u1ebfu b\u1ea1n c\u00f3 b\u1ea5t k\u1ef3 c\u00e2u h\u1ecfi n\u00e0o li\u00ean quan \u0111\u1ebfn ch\u00ednh s\u00e1ch b\u1ea3o m\u1eadt n\u00e0y, b\u1ea1n c\u00f3 th\u1ec3 li\u00ean h\u1ec7 v\u1edbi ch\u00fang t\u00f4i t\u1ea1i:<\/strong><\/h5><h5><strong>Email: support@goocater.com<\/strong><\/h5><h5><strong>\u0110\u1ecba ch\u1ec9: T\u1ea7ng 4, T\u00f2a nh\u00e0 30, Khu c\u00f4ng ngh\u1ec7 khoa h\u1ecdc Hengsheng, Khu ph\u00e1t tri\u1ec3n kinh t\u1ebf, Th\u00e0nh ph\u1ed1 C\u1eedu Giang, T\u1ec9nh Giang T\u00e2y, Trung Qu\u1ed1c<\/strong><\/h5>\t\t\t\t\t\t\t\t<\/div>\n\t\t\t\t\t<\/div>\n\t\t\t\t<\/div>\n\t\t\t\t<\/div>","protected":false},"excerpt":{"rendered":"<p>Ch\u00ednh s\u00e1ch b\u1ea3o m\u1eadt C\u1eadp nh\u1eadt l\u1ea7n cu\u1ed1i: Th\u00e1ng 11 n\u0103m 2025 PH\u1ea0M VI \u00c1P D\u1ee4NG C\u1ee6A CH\u00cdNH S\u00c1CH N\u00c0Y Ch\u00ednh s\u00e1ch b\u1ea3o m\u1eadt n\u00e0y (\u201cCh\u00ednh s\u00e1ch\u201d) \u00e1p d\u1ee5ng cho: C\u00f4ng ty TNHH Th\u01b0\u01a1ng m\u1ea1i Qu\u1ed1c t\u1ebf Jiujiang Qiugou,<\/p>","protected":false},"author":1,"featured_media":0,"parent":0,"menu_order":0,"comment_status":"closed","ping_status":"closed","template":"","meta":{"footnotes":""},"class_list":["post-1448","page","type-page","status-publish","hentry"],"yoast_head":"<!-- This site is optimized with the Yoast SEO Premium plugin v25.8 (Yoast SEO v25.8) - https:\/\/yoast.com\/wordpress\/plugins\/seo\/ -->\n<title>Privacy Policy - Goocater<\/title>\n<meta name=\"robots\" content=\"index, follow, max-snippet:-1, max-image-preview:large, max-video-preview:-1\" \/>\n<link rel=\"canonical\" href=\"https:\/\/goocater.com\/vi\/privacy-policy\/\" \/>\n<meta property=\"og:locale\" content=\"vi_VN\" \/>\n<meta property=\"og:type\" content=\"article\" \/>\n<meta property=\"og:title\" content=\"Privacy Policy\" \/>\n<meta property=\"og:description\" content=\"Privacy Policy Last Updated: November\u00a02025 SCOPE OF THIS POLICY This Privacy Policy (\u201cPolicy\u201d) applies to: Jiujiang Qiugou International Trade Co.,\" \/>\n<meta property=\"og:url\" content=\"https:\/\/goocater.com\/vi\/privacy-policy\/\" \/>\n<meta property=\"og:site_name\" content=\"Goocater\" \/>\n<meta property=\"article:modified_time\" content=\"2025-12-07T10:39:25+00:00\" \/>\n<meta name=\"twitter:card\" content=\"summary_large_image\" \/>\n<meta name=\"twitter:label1\" content=\"\u01af\u1edbc t\u00ednh th\u1eddi gian \u0111\u1ecdc\" \/>\n\t<meta name=\"twitter:data1\" content=\"2 ph\u00fat\" \/>\n<script type=\"application\/ld+json\" class=\"yoast-schema-graph\">{\"@context\":\"https:\/\/schema.org\",\"@graph\":[{\"@type\":\"WebPage\",\"@id\":\"https:\/\/goocater.com\/privacy-policy\/\",\"url\":\"https:\/\/goocater.com\/privacy-policy\/\",\"name\":\"Privacy Policy - Goocater\",\"isPartOf\":{\"@id\":\"https:\/\/goocater.com\/#website\"},\"datePublished\":\"2025-12-07T10:36:11+00:00\",\"dateModified\":\"2025-12-07T10:39:25+00:00\",\"breadcrumb\":{\"@id\":\"https:\/\/goocater.com\/privacy-policy\/#breadcrumb\"},\"inLanguage\":\"vi\",\"potentialAction\":[{\"@type\":\"ReadAction\",\"target\":[\"https:\/\/goocater.com\/privacy-policy\/\"]}]},{\"@type\":\"BreadcrumbList\",\"@id\":\"https:\/\/goocater.com\/privacy-policy\/#breadcrumb\",\"itemListElement\":[{\"@type\":\"ListItem\",\"position\":1,\"name\":\"Home\",\"item\":\"https:\/\/goocater.com\/\"},{\"@type\":\"ListItem\",\"position\":2,\"name\":\"Privacy Policy\"}]},{\"@type\":\"WebSite\",\"@id\":\"https:\/\/goocater.com\/#website\",\"url\":\"https:\/\/goocater.com\/\",\"name\":\"Goocater\",\"description\":\"Global Catering Kitchenware Supply Chain - One stop Procurement Platform | Goocater\u200b\",\"potentialAction\":[{\"@type\":\"SearchAction\",\"target\":{\"@type\":\"EntryPoint\",\"urlTemplate\":\"https:\/\/goocater.com\/?s={search_term_string}\"},\"query-input\":{\"@type\":\"PropertyValueSpecification\",\"valueRequired\":true,\"valueName\":\"search_term_string\"}}],\"inLanguage\":\"vi\"}]}<\/script>\n<!-- \/ Yoast SEO Premium plugin. -->","yoast_head_json":{"title":"Privacy Policy - Goocater","robots":{"index":"index","follow":"follow","max-snippet":"max-snippet:-1","max-image-preview":"max-image-preview:large","max-video-preview":"max-video-preview:-1"},"canonical":"https:\/\/goocater.com\/vi\/privacy-policy\/","og_locale":"vi_VN","og_type":"article","og_title":"Privacy Policy","og_description":"Privacy Policy Last Updated: November\u00a02025 SCOPE OF THIS POLICY This Privacy Policy (\u201cPolicy\u201d) applies to: Jiujiang Qiugou International Trade Co.,","og_url":"https:\/\/goocater.com\/vi\/privacy-policy\/","og_site_name":"Goocater","article_modified_time":"2025-12-07T10:39:25+00:00","twitter_card":"summary_large_image","twitter_misc":{"\u01af\u1edbc t\u00ednh th\u1eddi gian \u0111\u1ecdc":"2 ph\u00fat"},"schema":{"@context":"https:\/\/schema.org","@graph":[{"@type":"WebPage","@id":"https:\/\/goocater.com\/privacy-policy\/","url":"https:\/\/goocater.com\/privacy-policy\/","name":"Privacy Policy - Goocater","isPartOf":{"@id":"https:\/\/goocater.com\/#website"},"datePublished":"2025-12-07T10:36:11+00:00","dateModified":"2025-12-07T10:39:25+00:00","breadcrumb":{"@id":"https:\/\/goocater.com\/privacy-policy\/#breadcrumb"},"inLanguage":"vi","potentialAction":[{"@type":"ReadAction","target":["https:\/\/goocater.com\/privacy-policy\/"]}]},{"@type":"BreadcrumbList","@id":"https:\/\/goocater.com\/privacy-policy\/#breadcrumb","itemListElement":[{"@type":"ListItem","position":1,"name":"Home","item":"https:\/\/goocater.com\/"},{"@type":"ListItem","position":2,"name":"Privacy Policy"}]},{"@type":"WebSite","@id":"https:\/\/goocater.com\/#website","url":"https:\/\/goocater.com\/","name":"Goocater","description":"Global Catering Kitchenware Supply Chain - One stop Procurement Platform | Goocater\u200b","potentialAction":[{"@type":"SearchAction","target":{"@type":"EntryPoint","urlTemplate":"https:\/\/goocater.com\/?s={search_term_string}"},"query-input":{"@type":"PropertyValueSpecification","valueRequired":true,"valueName":"search_term_string"}}],"inLanguage":"vi"}]}},"_links":{"self":[{"href":"https:\/\/goocater.com\/vi\/wp-json\/wp\/v2\/pages\/1448","targetHints":{"allow":["GET"]}}],"collection":[{"href":"https:\/\/goocater.com\/vi\/wp-json\/wp\/v2\/pages"}],"about":[{"href":"https:\/\/goocater.com\/vi\/wp-json\/wp\/v2\/types\/page"}],"author":[{"embeddable":true,"href":"https:\/\/goocater.com\/vi\/wp-json\/wp\/v2\/users\/1"}],"replies":[{"embeddable":true,"href":"https:\/\/goocater.com\/vi\/wp-json\/wp\/v2\/comments?post=1448"}],"version-history":[{"count":8,"href":"https:\/\/goocater.com\/vi\/wp-json\/wp\/v2\/pages\/1448\/revisions"}],"predecessor-version":[{"id":1456,"href":"https:\/\/goocater.com\/vi\/wp-json\/wp\/v2\/pages\/1448\/revisions\/1456"}],"wp:attachment":[{"href":"https:\/\/goocater.com\/vi\/wp-json\/wp\/v2\/media?parent=1448"}],"curies":[{"name":"wp","href":"https:\/\/api.w.org\/{rel}","templated":true}]}}