{"id":1412,"date":"2025-12-02T03:43:25","date_gmt":"2025-12-02T03:43:25","guid":{"rendered":"https:\/\/goocater.com\/?post_type=product&#038;p=1412"},"modified":"2025-12-08T17:32:34","modified_gmt":"2025-12-08T17:32:34","slug":"fully-automatic-quick-meat-dicing-machine","status":"publish","type":"product","link":"https:\/\/goocater.com\/pt\/produto\/fully-automatic-quick-meat-dicing-machine\/","title":{"rendered":"M\u00e1quina de cortar carne em cubos r\u00e1pida e totalmente autom\u00e1tica"},"content":{"rendered":"<p>A m\u00e1quina de cortar carne em cubos totalmente autom\u00e1tica foi projetada para um processamento de alimentos eficiente, capaz de cortar carne fresca ou levemente congelada em cubos uniformes rapidamente. Fabricada em a\u00e7o inoxid\u00e1vel de qualidade alimentar, garante higiene, durabilidade e facilidade de limpeza. \u00c9 a solu\u00e7\u00e3o ideal para restaurantes, cozinhas centrais e instala\u00e7\u00f5es de processamento de carne.<\/p>\n<p>Caracter\u00edsticas e benef\u00edcios<\/p>\n<p>1. Corte de Alta Efici\u00eancia<\/p>\n<ul>\n<li data-start=\"839\" data-end=\"939\">\n<p data-start=\"841\" data-end=\"939\">Capaz de processar carne fresca e ligeiramente congelada de forma eficiente, com uma produ\u00e7\u00e3o de <strong data-start=\"924\" data-end=\"936\">150 kg\/h<\/strong>.<\/p>\n<\/li>\n<li data-start=\"940\" data-end=\"990\">\n<p data-start=\"942\" data-end=\"990\">Adequado para produ\u00e7\u00e3o cont\u00ednua em larga escala.<\/p>\n<\/li>\n<\/ul>\n<p>2. Dimens\u00f5es de corte precisas<\/p>\n<ul>\n<li data-start=\"1084\" data-end=\"1157\">\n<p data-start=\"1086\" data-end=\"1157\">Espessura de corte ajust\u00e1vel para atender a diversas necessidades de processamento.<\/p>\n<\/li>\n<li data-start=\"1158\" data-end=\"1229\">\n<p data-start=\"1160\" data-end=\"1229\">O design especial da l\u00e2mina garante cubos de carne uniformes com superf\u00edcies lisas.<\/p>\n<\/li>\n<\/ul>\n<p>3. Corpo em a\u00e7o inoxid\u00e1vel de qualidade alimentar<\/p>\n<ul>\n<li data-start=\"1333\" data-end=\"1418\">\n<p data-start=\"1335\" data-end=\"1418\">Fabricado em a\u00e7o inoxid\u00e1vel de qualidade alimentar para maior higiene e resist\u00eancia \u00e0 corros\u00e3o.<\/p>\n<\/li>\n<li data-start=\"1419\" data-end=\"1479\">\n<p data-start=\"1421\" data-end=\"1479\">Longa vida \u00fatil, adequado para uso industrial pesado.<\/p>\n<\/li>\n<\/ul>\n<p>4. Porta de alimenta\u00e7\u00e3o grande<\/p>\n<ul>\n<li data-start=\"1563\" data-end=\"1646\">\n<p data-start=\"1565\" data-end=\"1646\">UM <strong data-start=\"1567\" data-end=\"1583\">100 \u00d7 100 mm<\/strong> A abertura de alimenta\u00e7\u00e3o permite o carregamento f\u00e1cil de peda\u00e7os maiores de carne.<\/p>\n<\/li>\n<\/ul>\n<p>5. Opera\u00e7\u00e3o e manuten\u00e7\u00e3o f\u00e1ceis<\/p>\n<ul>\n<li data-start=\"1742\" data-end=\"1807\">\n<p data-start=\"1744\" data-end=\"1807\">Sistema de controle com um \u00fanico bot\u00e3o para opera\u00e7\u00e3o simples e intuitiva.<\/p>\n<\/li>\n<li data-start=\"1808\" data-end=\"1859\">\n<p data-start=\"1810\" data-end=\"1859\">Estrutura da m\u00e1quina otimizada para uma limpeza sem esfor\u00e7o.<\/p>\n<\/li>\n<\/ul>\n<p>&nbsp;<\/p>\n<p><img fetchpriority=\"high\" decoding=\"async\" class=\"aligncenter wp-image-1414\" src=\"https:\/\/goocater.com\/wp-content\/uploads\/2025\/12\/WPS\u56fe\u72470-1.png\" alt=\"\" width=\"476\" height=\"306\" srcset=\"https:\/\/goocater.com\/wp-content\/uploads\/2025\/12\/WPS\u56fe\u72470-1.png 1500w, https:\/\/goocater.com\/wp-content\/uploads\/2025\/12\/WPS\u56fe\u72470-1-150x96.png 150w, https:\/\/goocater.com\/wp-content\/uploads\/2025\/12\/WPS\u56fe\u72470-1-600x386.png 600w, https:\/\/goocater.com\/wp-content\/uploads\/2025\/12\/WPS\u56fe\u72470-1-500x321.png 500w, https:\/\/goocater.com\/wp-content\/uploads\/2025\/12\/WPS\u56fe\u72470-1-1200x771.png 1200w, https:\/\/goocater.com\/wp-content\/uploads\/2025\/12\/WPS\u56fe\u72470-1-300x193.png 300w, https:\/\/goocater.com\/wp-content\/uploads\/2025\/12\/WPS\u56fe\u72470-1-768x494.png 768w, https:\/\/goocater.com\/wp-content\/uploads\/2025\/12\/WPS\u56fe\u72470-1-18x12.png 18w\" sizes=\"(max-width: 476px) 100vw, 476px\" \/><\/p>\n<p>Cen\u00e1rios de aplica\u00e7\u00e3o<\/p>\n<ul>\n<li data-start=\"1946\" data-end=\"1972\">\n<p data-start=\"1948\" data-end=\"1972\">f\u00e1bricas de processamento de carne<\/p>\n<\/li>\n<li data-start=\"1973\" data-end=\"1994\">\n<p data-start=\"1975\" data-end=\"1994\">Cadeias de restaurantes<\/p>\n<\/li>\n<li data-start=\"1995\" data-end=\"2028\">\n<p data-start=\"1997\" data-end=\"2028\">centros de processamento a frio<\/p>\n<\/li>\n<li data-start=\"2029\" data-end=\"2064\">\n<p data-start=\"2031\" data-end=\"2064\">Empresas de produ\u00e7\u00e3o de refei\u00e7\u00f5es prontas<\/p>\n<\/li>\n<\/ul>\n<p>Especifica\u00e7\u00f5es t\u00e9cnicas<\/p>\n<p>| Especifica\u00e7\u00e3o | Valor |<br \/>\n| &#8212;&#8212;&#8212;&#8212;&#8212;&#8212;&#8212;&#8211;| &#8212;&#8212;&#8212;&#8212;&#8212;&#8212;&#8212;&#8212;&#8212;&#8212;&#8211;|<br \/>\n| Material | A\u00e7o inoxid\u00e1vel de qualidade alimentar |<br \/>\n| Espessura de corte | Personaliz\u00e1vel |<br \/>\n| Porta de alimenta\u00e7\u00e3o | 100\u00d7100 mm |<br \/>\n| Produ\u00e7\u00e3o | 150 kg\/h |<\/p>\n<p>&nbsp;<\/p>\n<p>&nbsp;<\/p>\n<p>&nbsp;<\/p>","protected":false},"excerpt":{"rendered":"<p>A m\u00e1quina de cortar carne em cubos totalmente autom\u00e1tica foi projetada para um processamento de alimentos eficiente, capaz de cortar rapidamente carne fresca ou ligeiramente picada.<\/p>","protected":false},"featured_media":1413,"template":"","meta":[],"product_brand":[],"product_cat":[92],"product_tag":[101],"class_list":{"0":"post-1412","1":"product","2":"type-product","3":"status-publish","4":"has-post-thumbnail","6":"product_cat-machine","7":"product_tag-more-machine","9":"first","10":"instock","11":"shipping-taxable","12":"product-type-external"},"yoast_head":"<!-- This site is optimized with the Yoast SEO Premium plugin v25.8 (Yoast SEO v25.8) - https:\/\/yoast.com\/wordpress\/plugins\/seo\/ -->\n<title>Fully Automatic Quick Meat Dicing Machine - Goocater<\/title>\n<meta name=\"robots\" content=\"index, follow, max-snippet:-1, max-image-preview:large, max-video-preview:-1\" \/>\n<link rel=\"canonical\" href=\"https:\/\/goocater.com\/pt\/produto\/fully-automatic-quick-meat-dicing-machine\/\" \/>\n<meta property=\"og:locale\" content=\"pt_PT\" \/>\n<meta property=\"og:type\" content=\"article\" \/>\n<meta property=\"og:title\" content=\"Fully Automatic Quick Meat Dicing Machine\" \/>\n<meta property=\"og:description\" content=\"The Fully Automatic Quick Meat Dicing Machine is engineered for efficient food processing, capable of quickly cutting fresh or slightly\" \/>\n<meta property=\"og:url\" content=\"https:\/\/goocater.com\/pt\/produto\/fully-automatic-quick-meat-dicing-machine\/\" \/>\n<meta property=\"og:site_name\" content=\"Goocater\" \/>\n<meta property=\"article:modified_time\" content=\"2025-12-08T17:32:34+00:00\" \/>\n<meta property=\"og:image\" content=\"https:\/\/goocater.com\/wp-content\/uploads\/2025\/12\/WPS\u56fe\u72470.png\" \/>\n\t<meta property=\"og:image:width\" content=\"1500\" \/>\n\t<meta property=\"og:image:height\" content=\"964\" \/>\n\t<meta property=\"og:image:type\" content=\"image\/png\" \/>\n<meta name=\"twitter:card\" content=\"summary_large_image\" \/>\n<meta name=\"twitter:label1\" content=\"Tempo estimado de leitura\" \/>\n\t<meta name=\"twitter:data1\" content=\"2 minutos\" \/>\n<script type=\"application\/ld+json\" class=\"yoast-schema-graph\">{\"@context\":\"https:\/\/schema.org\",\"@graph\":[{\"@type\":\"WebPage\",\"@id\":\"https:\/\/goocater.com\/product\/fully-automatic-quick-meat-dicing-machine\/\",\"url\":\"https:\/\/goocater.com\/product\/fully-automatic-quick-meat-dicing-machine\/\",\"name\":\"Fully Automatic Quick Meat Dicing Machine - Goocater\",\"isPartOf\":{\"@id\":\"https:\/\/goocater.com\/#website\"},\"primaryImageOfPage\":{\"@id\":\"https:\/\/goocater.com\/product\/fully-automatic-quick-meat-dicing-machine\/#primaryimage\"},\"image\":{\"@id\":\"https:\/\/goocater.com\/product\/fully-automatic-quick-meat-dicing-machine\/#primaryimage\"},\"thumbnailUrl\":\"https:\/\/goocater.com\/wp-content\/uploads\/2025\/12\/WPS\u56fe\u72470.png\",\"datePublished\":\"2025-12-02T03:43:25+00:00\",\"dateModified\":\"2025-12-08T17:32:34+00:00\",\"breadcrumb\":{\"@id\":\"https:\/\/goocater.com\/product\/fully-automatic-quick-meat-dicing-machine\/#breadcrumb\"},\"inLanguage\":\"pt-PT\",\"potentialAction\":[{\"@type\":\"ReadAction\",\"target\":[\"https:\/\/goocater.com\/product\/fully-automatic-quick-meat-dicing-machine\/\"]}]},{\"@type\":\"ImageObject\",\"inLanguage\":\"pt-PT\",\"@id\":\"https:\/\/goocater.com\/product\/fully-automatic-quick-meat-dicing-machine\/#primaryimage\",\"url\":\"https:\/\/goocater.com\/wp-content\/uploads\/2025\/12\/WPS\u56fe\u72470.png\",\"contentUrl\":\"https:\/\/goocater.com\/wp-content\/uploads\/2025\/12\/WPS\u56fe\u72470.png\",\"width\":1500,\"height\":964},{\"@type\":\"BreadcrumbList\",\"@id\":\"https:\/\/goocater.com\/product\/fully-automatic-quick-meat-dicing-machine\/#breadcrumb\",\"itemListElement\":[{\"@type\":\"ListItem\",\"position\":1,\"name\":\"Home\",\"item\":\"https:\/\/goocater.com\/\"},{\"@type\":\"ListItem\",\"position\":2,\"name\":\"Products\",\"item\":\"https:\/\/goocater.com\/products\/\"},{\"@type\":\"ListItem\",\"position\":3,\"name\":\"Fully Automatic Quick Meat Dicing Machine\"}]},{\"@type\":\"WebSite\",\"@id\":\"https:\/\/goocater.com\/#website\",\"url\":\"https:\/\/goocater.com\/\",\"name\":\"Goocater\",\"description\":\"Global Catering Kitchenware Supply Chain - One stop Procurement Platform | Goocater\u200b\",\"potentialAction\":[{\"@type\":\"SearchAction\",\"target\":{\"@type\":\"EntryPoint\",\"urlTemplate\":\"https:\/\/goocater.com\/?s={search_term_string}\"},\"query-input\":{\"@type\":\"PropertyValueSpecification\",\"valueRequired\":true,\"valueName\":\"search_term_string\"}}],\"inLanguage\":\"pt-PT\"}]}<\/script>\n<!-- \/ Yoast SEO Premium plugin. -->","yoast_head_json":{"title":"Fully Automatic Quick Meat Dicing Machine - Goocater","robots":{"index":"index","follow":"follow","max-snippet":"max-snippet:-1","max-image-preview":"max-image-preview:large","max-video-preview":"max-video-preview:-1"},"canonical":"https:\/\/goocater.com\/pt\/produto\/fully-automatic-quick-meat-dicing-machine\/","og_locale":"pt_PT","og_type":"article","og_title":"Fully Automatic Quick Meat Dicing Machine","og_description":"The Fully Automatic Quick Meat Dicing Machine is engineered for efficient food processing, capable of quickly cutting fresh or slightly","og_url":"https:\/\/goocater.com\/pt\/produto\/fully-automatic-quick-meat-dicing-machine\/","og_site_name":"Goocater","article_modified_time":"2025-12-08T17:32:34+00:00","og_image":[{"width":1500,"height":964,"url":"https:\/\/goocater.com\/wp-content\/uploads\/2025\/12\/WPS\u56fe\u72470.png","type":"image\/png"}],"twitter_card":"summary_large_image","twitter_misc":{"Tempo estimado de leitura":"2 minutos"},"schema":{"@context":"https:\/\/schema.org","@graph":[{"@type":"WebPage","@id":"https:\/\/goocater.com\/product\/fully-automatic-quick-meat-dicing-machine\/","url":"https:\/\/goocater.com\/product\/fully-automatic-quick-meat-dicing-machine\/","name":"Fully Automatic Quick Meat Dicing Machine - Goocater","isPartOf":{"@id":"https:\/\/goocater.com\/#website"},"primaryImageOfPage":{"@id":"https:\/\/goocater.com\/product\/fully-automatic-quick-meat-dicing-machine\/#primaryimage"},"image":{"@id":"https:\/\/goocater.com\/product\/fully-automatic-quick-meat-dicing-machine\/#primaryimage"},"thumbnailUrl":"https:\/\/goocater.com\/wp-content\/uploads\/2025\/12\/WPS\u56fe\u72470.png","datePublished":"2025-12-02T03:43:25+00:00","dateModified":"2025-12-08T17:32:34+00:00","breadcrumb":{"@id":"https:\/\/goocater.com\/product\/fully-automatic-quick-meat-dicing-machine\/#breadcrumb"},"inLanguage":"pt-PT","potentialAction":[{"@type":"ReadAction","target":["https:\/\/goocater.com\/product\/fully-automatic-quick-meat-dicing-machine\/"]}]},{"@type":"ImageObject","inLanguage":"pt-PT","@id":"https:\/\/goocater.com\/product\/fully-automatic-quick-meat-dicing-machine\/#primaryimage","url":"https:\/\/goocater.com\/wp-content\/uploads\/2025\/12\/WPS\u56fe\u72470.png","contentUrl":"https:\/\/goocater.com\/wp-content\/uploads\/2025\/12\/WPS\u56fe\u72470.png","width":1500,"height":964},{"@type":"BreadcrumbList","@id":"https:\/\/goocater.com\/product\/fully-automatic-quick-meat-dicing-machine\/#breadcrumb","itemListElement":[{"@type":"ListItem","position":1,"name":"Home","item":"https:\/\/goocater.com\/"},{"@type":"ListItem","position":2,"name":"Products","item":"https:\/\/goocater.com\/products\/"},{"@type":"ListItem","position":3,"name":"Fully Automatic Quick Meat Dicing Machine"}]},{"@type":"WebSite","@id":"https:\/\/goocater.com\/#website","url":"https:\/\/goocater.com\/","name":"Goocater","description":"Global Catering Kitchenware Supply Chain - One stop Procurement Platform | Goocater\u200b","potentialAction":[{"@type":"SearchAction","target":{"@type":"EntryPoint","urlTemplate":"https:\/\/goocater.com\/?s={search_term_string}"},"query-input":{"@type":"PropertyValueSpecification","valueRequired":true,"valueName":"search_term_string"}}],"inLanguage":"pt-PT"}]}},"_links":{"self":[{"href":"https:\/\/goocater.com\/pt\/wp-json\/wp\/v2\/product\/1412","targetHints":{"allow":["GET"]}}],"collection":[{"href":"https:\/\/goocater.com\/pt\/wp-json\/wp\/v2\/product"}],"about":[{"href":"https:\/\/goocater.com\/pt\/wp-json\/wp\/v2\/types\/product"}],"version-history":[{"count":1,"href":"https:\/\/goocater.com\/pt\/wp-json\/wp\/v2\/product\/1412\/revisions"}],"predecessor-version":[{"id":1415,"href":"https:\/\/goocater.com\/pt\/wp-json\/wp\/v2\/product\/1412\/revisions\/1415"}],"wp:featuredmedia":[{"embeddable":true,"href":"https:\/\/goocater.com\/pt\/wp-json\/wp\/v2\/media\/1413"}],"wp:attachment":[{"href":"https:\/\/goocater.com\/pt\/wp-json\/wp\/v2\/media?parent=1412"}],"wp:term":[{"taxonomy":"product_brand","embeddable":true,"href":"https:\/\/goocater.com\/pt\/wp-json\/wp\/v2\/product_brand?post=1412"},{"taxonomy":"product_cat","embeddable":true,"href":"https:\/\/goocater.com\/pt\/wp-json\/wp\/v2\/product_cat?post=1412"},{"taxonomy":"product_tag","embeddable":true,"href":"https:\/\/goocater.com\/pt\/wp-json\/wp\/v2\/product_tag?post=1412"}],"curies":[{"name":"wp","href":"https:\/\/api.w.org\/{rel}","templated":true}]}}