{"id":1025,"date":"2025-10-14T12:34:20","date_gmt":"2025-10-14T12:34:20","guid":{"rendered":"https:\/\/goocater.com\/?post_type=product&#038;p=1025"},"modified":"2025-12-08T17:42:26","modified_gmt":"2025-12-08T17:42:26","slug":"xj700a","status":"publish","type":"product","link":"https:\/\/goocater.com\/pt\/produto\/xj700a\/","title":{"rendered":"Cortador de Carne Fresca Multifuncional Comercial"},"content":{"rendered":"<p><strong>Vis\u00e3o geral do produto<\/strong><\/p>\n<p>Revolucione a efici\u00eancia da sua cozinha com engenharia de precis\u00e3o.<\/p>\n<p><span data-path-to-node=\"6,0\">A XJ-700A n\u00e3o \u00e9 apenas uma m\u00e1quina; \u00e9 a sua parceira mais confi\u00e1vel na cozinha. Projetada especificamente para o exigente setor de catering, esta robusta cortadora de carnes combina alta velocidade de produ\u00e7\u00e3o com precis\u00e3o artesanal. <\/span><span data-path-to-node=\"6,2\"><span class=\"citation-119\">Seja voc\u00ea uma rede de restaurantes de fondue, uma cozinha central ou um supermercado movimentado, a XJ-700A proporciona cortes uniformes, reduz custos de m\u00e3o de obra e garante que os padr\u00f5es de seguran\u00e7a alimentar sejam atendidos sempre.<\/span><\/span><\/p>\n<p><strong>Principais caracter\u00edsticas e benef\u00edcios<\/strong><\/p>\n<p><strong>Produtividade e efici\u00eancia incompar\u00e1veis<\/strong><\/p>\n<ul>\n<li>\n<p data-path-to-node=\"12,0,0\"><span data-path-to-node=\"12,0,0,0\"><b>Substitui de 5 a 8 trabalhadores qualificados:<\/b> Capaz de processar <b>150-250 kg de carne por hora<\/b>. <\/span><span data-path-to-node=\"12,0,0,2\"><span class=\"citation-117\">Esta m\u00e1quina realiza o trabalho de uma equipe inteira, permitindo que voc\u00ea realoque funcion\u00e1rios para tarefas de maior valor agregado. <\/span><\/span><\/p>\n<\/li>\n<li>\n<p data-path-to-node=\"12,1,1\"><span data-path-to-node=\"12,1,1,0\"><b><span class=\"citation-116\">Retorno r\u00e1pido do investimento:<\/span><\/b><span class=\"citation-116\"> Em regi\u00f5es com altos custos de m\u00e3o de obra (como a Europa e a Am\u00e9rica do Norte), o investimento pode ser recuperado em pouco tempo. <\/span><b><span class=\"citation-116\">3 a 6 meses<\/span><\/b><span class=\"citation-116\"> somente por meio da economia de m\u00e3o de obra. <\/span><\/span><\/p>\n<\/li>\n<\/ul>\n<p data-path-to-node=\"12,1,1\"><strong>Tecnologia de corte superior e durabilidade<\/strong><\/p>\n<ul>\n<li>\n<p data-path-to-node=\"15,0,0\"><span data-path-to-node=\"15,0,0,0\"><b>L\u00e2minas importadas de a\u00e7o especial de alto carbono:<\/b> Forjado com tratamento a temperaturas ultrabaixas e retifica\u00e7\u00e3o de precis\u00e3o. <\/span><span data-path-to-node=\"15,0,0,2\"><span class=\"citation-113\">Essas l\u00e2minas s\u00e3o extremamente afiadas, resistentes e dur\u00e1veis o suficiente para lidar com carne congelada (de -4\u00b0C a -18\u00b0C) sem emperrar. <\/span><\/span><\/p>\n<\/li>\n<li>\n<p data-path-to-node=\"15,1,1\"><span data-path-to-node=\"15,1,1,0\"><b><span class=\"citation-112\">Sistema de orienta\u00e7\u00e3o de precis\u00e3o:<\/span><\/b><span class=\"citation-112\"> Possui um sistema de propuls\u00e3o com parafuso de esferas de dupla precis\u00e3o que garante que cada fatia, tira ou cubo tenha espessura uniforme, sem pontas soltas ou quebras.<\/span><\/span><\/p>\n<\/li>\n<\/ul>\n<p>&nbsp;<\/p>\n<p><strong>Seguran\u00e7a alimentar e constru\u00e7\u00e3o premium<\/strong><\/p>\n<ul>\n<li>\n<p data-path-to-node=\"18,0,1\"><span data-path-to-node=\"18,0,1,0\"><b><span class=\"citation-109\">A\u00e7o inoxid\u00e1vel 304 de qualidade alimentar:<\/span><\/b><span class=\"citation-109\"> O corpo principal \u00e9 resistente \u00e0 corros\u00e3o, \u00e0 ferrugem e f\u00e1cil de limpar, estando em total conformidade com as rigorosas normas de seguran\u00e7a alimentar. <\/span><\/span><\/p>\n<\/li>\n<li>\n<p data-path-to-node=\"18,1,0\"><span data-path-to-node=\"18,1,0,0\"><b>Otimiza\u00e7\u00e3o da Higiene:<\/b> O sistema de transmiss\u00e3o interna utiliza graxa de qualidade alimentar para evitar contamina\u00e7\u00e3o. <\/span><span data-path-to-node=\"18,1,0,2\"><span class=\"citation-108\">A estrutura foi projetada para facilitar a lavagem e a desinfec\u00e7\u00e3o. <\/span><\/span><\/p>\n<\/li>\n<li>\n<p data-path-to-node=\"18,2,1\"><span data-path-to-node=\"18,2,1,0\"><b><span class=\"citation-107\">Design ecol\u00f3gico:<\/span><\/b><span class=\"citation-107\"> 90% dos materiais s\u00e3o recicl\u00e1veis (em conformidade com a RoHS), e o motor inversor de baixo consumo energ\u00e9tico reduz o consumo de energia em cerca de 20%.<\/span><\/span><\/p>\n<\/li>\n<\/ul>\n<p>&nbsp;<\/p>\n<p><strong>Opera\u00e7\u00e3o amig\u00e1vel ao usu\u00e1rio<\/strong><\/p>\n<ul>\n<li>\n<p data-path-to-node=\"21,0,0\"><span data-path-to-node=\"21,0,0,0\"><b>Controle intuitivo:<\/b> Equipada com um visor digital LED que exibe a espessura e a velocidade de corte. <\/span><span data-path-to-node=\"21,0,0,2\"><span class=\"citation-103\">Simples o suficiente para um iniciante dominar em 10 minutos. <\/span><\/span><\/p>\n<\/li>\n<li>\n<p data-path-to-node=\"21,1,1\"><span data-path-to-node=\"21,1,1,0\"><b><span class=\"citation-102\">Seguran\u00e7a em primeiro lugar:<\/span><\/b><span class=\"citation-102\"> Possui uma prote\u00e7\u00e3o transparente em PVC para visibilidade e seguran\u00e7a, al\u00e9m de um bot\u00e3o de parada de emerg\u00eancia em formato de cogumelo vermelho bem vis\u00edvel para desligamento imediato.<\/span><\/span><\/p>\n<\/li>\n<\/ul>\n<p>&nbsp;<\/p>\n<table data-path-to-node=\"24\">\n<thead>\n<tr>\n<td><strong>Recurso\u00a0<\/strong><\/td>\n<td><strong>Especifica\u00e7\u00e3o\u00a0<\/strong><\/td>\n<td><strong>\u00a0<\/strong><\/td>\n<\/tr>\n<\/thead>\n<tbody>\n<tr>\n<td><span data-path-to-node=\"24,1,0,0\"><b>Modelo\u00a0<\/b><\/span><\/td>\n<td>\n<p data-path-to-node=\"24,1,1,0\"><span data-path-to-node=\"24,1,1,0,1\"><span class=\"citation-99\">XJ-700A<\/span><\/span><\/p>\n<\/td>\n<td><\/td>\n<\/tr>\n<tr>\n<td><span data-path-to-node=\"24,2,0,0\"><b>Dimens\u00f5es\u00a0<\/b><\/span><\/td>\n<td>\n<p data-path-to-node=\"24,2,1,0\"><span data-path-to-node=\"24,2,1,0,1\"><span class=\"citation-98\">750 mm (C) \u00d7 480 mm (L) \u00d7 380 mm (A)<\/span><\/span><\/p>\n<\/td>\n<td><\/td>\n<\/tr>\n<tr>\n<td><span data-path-to-node=\"24,3,0,0\"><b>Peso l\u00edquido\u00a0<\/b><\/span><\/td>\n<td>\n<p data-path-to-node=\"24,3,1,0\"><span data-path-to-node=\"24,3,1,0,1\"><span class=\"citation-97\">68 kg<\/span><\/span><\/p>\n<\/td>\n<td><\/td>\n<\/tr>\n<tr>\n<td><span data-path-to-node=\"24,4,0,0\"><b>Pot\u00eancia do motor\u00a0<\/b><\/span><\/td>\n<td>\n<p data-path-to-node=\"24,4,1,0\"><span data-path-to-node=\"24,4,1,0,1\"><span class=\"citation-96\">750W \u2013 1100W (Fio de cobre refor\u00e7ado)<\/span><\/span><\/p>\n<\/td>\n<td><\/td>\n<\/tr>\n<tr>\n<td><span data-path-to-node=\"24,5,0,0\"><b>Tens\u00e3o\u00a0<\/b><\/span><\/td>\n<td>\n<p data-path-to-node=\"24,5,1,0\"><span data-path-to-node=\"24,5,1,0,1\"><span class=\"citation-95\">Personaliz\u00e1vel: 110V\/60Hz ou 220-240V\/50Hz<\/span><\/span><\/p>\n<\/td>\n<td><\/td>\n<\/tr>\n<tr>\n<td><span data-path-to-node=\"24,6,0,0\"><b>Capacidade de produ\u00e7\u00e3o\u00a0<\/b><\/span><\/td>\n<td>\n<p data-path-to-node=\"24,6,1,0\"><span data-path-to-node=\"24,6,1,0,1\"><span class=\"citation-94\">150 \u2013 250 kg\/hora<\/span><\/span><\/p>\n<\/td>\n<td><\/td>\n<\/tr>\n<tr>\n<td><span data-path-to-node=\"24,7,0,0\"><b>Material\u00a0<\/b><\/span><\/td>\n<td>\n<p data-path-to-node=\"24,7,1,0\"><span data-path-to-node=\"24,7,1,0,1\"><span class=\"citation-93\">Corpo em a\u00e7o inoxid\u00e1vel 304, revestimento em pl\u00e1stico de engenharia.<\/span><\/span><\/p>\n<\/td>\n<td><\/td>\n<\/tr>\n<tr>\n<td><span data-path-to-node=\"24,8,0,0\"><b>Tamanho da bandeja\u00a0<\/b><\/span><\/td>\n<td>\n<p data-path-to-node=\"24,8,1,0\"><span data-path-to-node=\"24,8,1,0,1\"><span class=\"citation-92\">Padr\u00e3o 450mm (Op\u00e7\u00f5es estendidas dispon\u00edveis)<\/span><\/span><\/p>\n<\/td>\n<td><\/td>\n<\/tr>\n<\/tbody>\n<\/table>\n<h2 data-path-to-node=\"26\"><\/h2>\n<h2 data-path-to-node=\"26\">Aplica\u00e7\u00f5es ideais<\/h2>\n<ul>\n<li>\n<p data-path-to-node=\"27,0,1\"><span data-path-to-node=\"27,0,1,0\"><b><span class=\"citation-91\">Cadeias de restaurantes de fondue e churrasco:<\/span><\/b><span class=\"citation-91\"> Para fatias e rolos de carne padronizados. <\/span><\/span><\/p>\n<\/li>\n<li>\n<p data-path-to-node=\"27,1,1\"><span data-path-to-node=\"27,1,1,0\"><b><span class=\"citation-90\">Cozinhas centrais:<\/span><\/b><span class=\"citation-90\"> Para pr\u00e9-processamento de ingredientes em larga escala. <\/span><\/span><\/p>\n<\/li>\n<li>\n<p data-path-to-node=\"27,2,1\"><span data-path-to-node=\"27,2,1,0\"><b><span class=\"citation-89\">Restaurantes chineses no exterior:<\/span><\/b><span class=\"citation-89\"> Resolver problemas de escassez de m\u00e3o de obra e altos sal\u00e1rios. <\/span><\/span><\/p>\n<\/li>\n<li>\n<p data-path-to-node=\"27,3,1\"><span data-path-to-node=\"27,3,1,0\"><b><span class=\"citation-88\">Supermercados e Mercados de Produtos Frescos:<\/span><\/b><span class=\"citation-88\"> Carne fresca cortada na hora, conforme solicitado. <\/span><\/span><\/p>\n<\/li>\n<\/ul>","protected":false},"excerpt":{"rendered":"<p>M\u00e1quina totalmente autom\u00e1tica\/M\u00e1quina para carne fresca\/Fatiador de carne\/Cortador em cubos\/Fatiador de carne fresca totalmente autom\u00e1tico<\/p>\n<p>Economiza m\u00e3o de obra; melhora a efici\u00eancia; economiza tempo e m\u00e3o de obra; conveniente e eficiente<\/p>","protected":false},"featured_media":1223,"template":"","meta":[],"product_brand":[],"product_cat":[92],"product_tag":[100],"class_list":{"0":"post-1025","1":"product","2":"type-product","3":"status-publish","4":"has-post-thumbnail","6":"product_cat-machine","7":"product_tag-popular-product","9":"first","10":"instock","11":"sold-individually","12":"shipping-taxable","13":"product-type-external"},"yoast_head":"<!-- This site is optimized with the Yoast SEO Premium plugin v25.8 (Yoast SEO v25.8) - https:\/\/yoast.com\/wordpress\/plugins\/seo\/ -->\n<title>Commercial Multi-functional Fresh Meat Dicer - Goocater<\/title>\n<meta name=\"robots\" content=\"index, follow, max-snippet:-1, max-image-preview:large, max-video-preview:-1\" \/>\n<link rel=\"canonical\" href=\"https:\/\/goocater.com\/pt\/produto\/xj700a\/\" \/>\n<meta property=\"og:locale\" content=\"pt_PT\" \/>\n<meta property=\"og:type\" content=\"article\" \/>\n<meta property=\"og:title\" content=\"Commercial Multi-functional Fresh Meat Dicer\" \/>\n<meta property=\"og:description\" content=\"fully automatic machine\/Fresh meat machine\/meat slicer\/Dicer\/Fully automatic fresh meat slicer  labor-saving\uff1bimprove efficiency\uff1btime-saving and labor-saving\uff1bconvenient and efficient\" \/>\n<meta property=\"og:url\" content=\"https:\/\/goocater.com\/pt\/produto\/xj700a\/\" \/>\n<meta property=\"og:site_name\" content=\"Goocater\" \/>\n<meta property=\"article:modified_time\" content=\"2025-12-08T17:42:26+00:00\" \/>\n<meta property=\"og:image\" content=\"https:\/\/goocater.com\/wp-content\/uploads\/2025\/10\/19826505595674992641128351.jpg\" \/>\n\t<meta property=\"og:image:width\" content=\"330\" \/>\n\t<meta property=\"og:image:height\" content=\"330\" \/>\n\t<meta property=\"og:image:type\" content=\"image\/jpeg\" \/>\n<meta name=\"twitter:card\" content=\"summary_large_image\" \/>\n<meta name=\"twitter:label1\" content=\"Tempo estimado de leitura\" \/>\n\t<meta name=\"twitter:data1\" content=\"2 minutos\" \/>\n<script type=\"application\/ld+json\" class=\"yoast-schema-graph\">{\"@context\":\"https:\/\/schema.org\",\"@graph\":[{\"@type\":\"WebPage\",\"@id\":\"https:\/\/goocater.com\/product\/xj700a\/\",\"url\":\"https:\/\/goocater.com\/product\/xj700a\/\",\"name\":\"Commercial Multi-functional Fresh Meat Dicer - Goocater\",\"isPartOf\":{\"@id\":\"https:\/\/goocater.com\/#website\"},\"primaryImageOfPage\":{\"@id\":\"https:\/\/goocater.com\/product\/xj700a\/#primaryimage\"},\"image\":{\"@id\":\"https:\/\/goocater.com\/product\/xj700a\/#primaryimage\"},\"thumbnailUrl\":\"https:\/\/goocater.com\/wp-content\/uploads\/2025\/10\/19826505595674992641128351.jpg\",\"datePublished\":\"2025-10-14T12:34:20+00:00\",\"dateModified\":\"2025-12-08T17:42:26+00:00\",\"breadcrumb\":{\"@id\":\"https:\/\/goocater.com\/product\/xj700a\/#breadcrumb\"},\"inLanguage\":\"pt-PT\",\"potentialAction\":[{\"@type\":\"ReadAction\",\"target\":[\"https:\/\/goocater.com\/product\/xj700a\/\"]}]},{\"@type\":\"ImageObject\",\"inLanguage\":\"pt-PT\",\"@id\":\"https:\/\/goocater.com\/product\/xj700a\/#primaryimage\",\"url\":\"https:\/\/goocater.com\/wp-content\/uploads\/2025\/10\/19826505595674992641128351.jpg\",\"contentUrl\":\"https:\/\/goocater.com\/wp-content\/uploads\/2025\/10\/19826505595674992641128351.jpg\",\"width\":330,\"height\":330},{\"@type\":\"BreadcrumbList\",\"@id\":\"https:\/\/goocater.com\/product\/xj700a\/#breadcrumb\",\"itemListElement\":[{\"@type\":\"ListItem\",\"position\":1,\"name\":\"Home\",\"item\":\"https:\/\/goocater.com\/\"},{\"@type\":\"ListItem\",\"position\":2,\"name\":\"Products\",\"item\":\"https:\/\/goocater.com\/products\/\"},{\"@type\":\"ListItem\",\"position\":3,\"name\":\"Commercial Multi-functional Fresh Meat Dicer\"}]},{\"@type\":\"WebSite\",\"@id\":\"https:\/\/goocater.com\/#website\",\"url\":\"https:\/\/goocater.com\/\",\"name\":\"Goocater\",\"description\":\"Global Catering Kitchenware Supply Chain - One stop Procurement Platform | Goocater\u200b\",\"potentialAction\":[{\"@type\":\"SearchAction\",\"target\":{\"@type\":\"EntryPoint\",\"urlTemplate\":\"https:\/\/goocater.com\/?s={search_term_string}\"},\"query-input\":{\"@type\":\"PropertyValueSpecification\",\"valueRequired\":true,\"valueName\":\"search_term_string\"}}],\"inLanguage\":\"pt-PT\"}]}<\/script>\n<!-- \/ Yoast SEO Premium plugin. -->","yoast_head_json":{"title":"Commercial Multi-functional Fresh Meat Dicer - Goocater","robots":{"index":"index","follow":"follow","max-snippet":"max-snippet:-1","max-image-preview":"max-image-preview:large","max-video-preview":"max-video-preview:-1"},"canonical":"https:\/\/goocater.com\/pt\/produto\/xj700a\/","og_locale":"pt_PT","og_type":"article","og_title":"Commercial Multi-functional Fresh Meat Dicer","og_description":"fully automatic machine\/Fresh meat machine\/meat slicer\/Dicer\/Fully automatic fresh meat slicer  labor-saving\uff1bimprove efficiency\uff1btime-saving and labor-saving\uff1bconvenient and efficient","og_url":"https:\/\/goocater.com\/pt\/produto\/xj700a\/","og_site_name":"Goocater","article_modified_time":"2025-12-08T17:42:26+00:00","og_image":[{"width":330,"height":330,"url":"https:\/\/goocater.com\/wp-content\/uploads\/2025\/10\/19826505595674992641128351.jpg","type":"image\/jpeg"}],"twitter_card":"summary_large_image","twitter_misc":{"Tempo estimado de leitura":"2 minutos"},"schema":{"@context":"https:\/\/schema.org","@graph":[{"@type":"WebPage","@id":"https:\/\/goocater.com\/product\/xj700a\/","url":"https:\/\/goocater.com\/product\/xj700a\/","name":"Commercial Multi-functional Fresh Meat Dicer - Goocater","isPartOf":{"@id":"https:\/\/goocater.com\/#website"},"primaryImageOfPage":{"@id":"https:\/\/goocater.com\/product\/xj700a\/#primaryimage"},"image":{"@id":"https:\/\/goocater.com\/product\/xj700a\/#primaryimage"},"thumbnailUrl":"https:\/\/goocater.com\/wp-content\/uploads\/2025\/10\/19826505595674992641128351.jpg","datePublished":"2025-10-14T12:34:20+00:00","dateModified":"2025-12-08T17:42:26+00:00","breadcrumb":{"@id":"https:\/\/goocater.com\/product\/xj700a\/#breadcrumb"},"inLanguage":"pt-PT","potentialAction":[{"@type":"ReadAction","target":["https:\/\/goocater.com\/product\/xj700a\/"]}]},{"@type":"ImageObject","inLanguage":"pt-PT","@id":"https:\/\/goocater.com\/product\/xj700a\/#primaryimage","url":"https:\/\/goocater.com\/wp-content\/uploads\/2025\/10\/19826505595674992641128351.jpg","contentUrl":"https:\/\/goocater.com\/wp-content\/uploads\/2025\/10\/19826505595674992641128351.jpg","width":330,"height":330},{"@type":"BreadcrumbList","@id":"https:\/\/goocater.com\/product\/xj700a\/#breadcrumb","itemListElement":[{"@type":"ListItem","position":1,"name":"Home","item":"https:\/\/goocater.com\/"},{"@type":"ListItem","position":2,"name":"Products","item":"https:\/\/goocater.com\/products\/"},{"@type":"ListItem","position":3,"name":"Commercial Multi-functional Fresh Meat Dicer"}]},{"@type":"WebSite","@id":"https:\/\/goocater.com\/#website","url":"https:\/\/goocater.com\/","name":"Goocater","description":"Global Catering Kitchenware Supply Chain - One stop Procurement Platform | Goocater\u200b","potentialAction":[{"@type":"SearchAction","target":{"@type":"EntryPoint","urlTemplate":"https:\/\/goocater.com\/?s={search_term_string}"},"query-input":{"@type":"PropertyValueSpecification","valueRequired":true,"valueName":"search_term_string"}}],"inLanguage":"pt-PT"}]}},"_links":{"self":[{"href":"https:\/\/goocater.com\/pt\/wp-json\/wp\/v2\/product\/1025","targetHints":{"allow":["GET"]}}],"collection":[{"href":"https:\/\/goocater.com\/pt\/wp-json\/wp\/v2\/product"}],"about":[{"href":"https:\/\/goocater.com\/pt\/wp-json\/wp\/v2\/types\/product"}],"version-history":[{"count":5,"href":"https:\/\/goocater.com\/pt\/wp-json\/wp\/v2\/product\/1025\/revisions"}],"predecessor-version":[{"id":1531,"href":"https:\/\/goocater.com\/pt\/wp-json\/wp\/v2\/product\/1025\/revisions\/1531"}],"wp:featuredmedia":[{"embeddable":true,"href":"https:\/\/goocater.com\/pt\/wp-json\/wp\/v2\/media\/1223"}],"wp:attachment":[{"href":"https:\/\/goocater.com\/pt\/wp-json\/wp\/v2\/media?parent=1025"}],"wp:term":[{"taxonomy":"product_brand","embeddable":true,"href":"https:\/\/goocater.com\/pt\/wp-json\/wp\/v2\/product_brand?post=1025"},{"taxonomy":"product_cat","embeddable":true,"href":"https:\/\/goocater.com\/pt\/wp-json\/wp\/v2\/product_cat?post=1025"},{"taxonomy":"product_tag","embeddable":true,"href":"https:\/\/goocater.com\/pt\/wp-json\/wp\/v2\/product_tag?post=1025"}],"curies":[{"name":"wp","href":"https:\/\/api.w.org\/{rel}","templated":true}]}}