{"id":1475,"date":"2025-12-07T10:46:42","date_gmt":"2025-12-07T10:46:42","guid":{"rendered":"https:\/\/goocater.com\/?page_id=1475"},"modified":"2025-12-07T10:48:30","modified_gmt":"2025-12-07T10:48:30","slug":"warranty-after-sales-policy","status":"publish","type":"page","link":"https:\/\/goocater.com\/pt\/warranty-after-sales-policy\/","title":{"rendered":"Pol\u00edtica de Garantia e P\u00f3s-Venda"},"content":{"rendered":"<div data-elementor-type=\"wp-page\" data-elementor-id=\"1475\" class=\"elementor elementor-1475\">\n\t\t\t\t<div class=\"wd-negative-gap elementor-element elementor-element-05fbd51 e-flex e-con-boxed e-con e-parent\" data-id=\"05fbd51\" data-element_type=\"container\">\n\t\t\t\t\t<div class=\"e-con-inner\">\n\t\t\t\t<div class=\"elementor-element elementor-element-6e452cb elementor-widget elementor-widget-heading\" data-id=\"6e452cb\" data-element_type=\"widget\" data-widget_type=\"heading.default\">\n\t\t\t\t\t<h2 class=\"elementor-heading-title elementor-size-default\">Pol\u00edtica de Garantia e P\u00f3s-Venda<\/h2>\t\t\t\t<\/div>\n\t\t\t\t<div class=\"elementor-element elementor-element-edb06ee color-scheme-inherit text-left elementor-widget elementor-widget-text-editor\" data-id=\"edb06ee\" data-element_type=\"widget\" data-widget_type=\"text-editor.default\">\n\t\t\t\t\t\t\t\t\t<ol><li><b><\/b><h5><strong><b>Per\u00edodo de Inspe\u00e7\u00e3o<\/b><\/strong><\/h5><\/li><\/ol><h5>Ao receber a mercadoria, o comprador tem de [7 a 14] dias para inspecionar a qualidade e a quantidade. Caso haja alguma discrep\u00e2ncia ou defeito, por favor, nos notifique dentro desse per\u00edodo.<\/h5><ol start=\"2\"><li><h5><b><\/b><strong><b>Garantia de Qualidade<\/b><\/strong><\/h5><\/li><\/ol><h5>Apoiamos a qualidade dos nossos produtos. Se algum produto apresentar defeito devido a falhas de fabrica\u00e7\u00e3o:<\/h5><h5>Substituiremos os itens defeituosos no pr\u00f3ximo envio.<\/h5><h5>OU providenciaremos um reembolso\/cr\u00e9dito pelo valor do produto defeituoso.<\/h5><h5><em><i>Observa\u00e7\u00e3o: Fotos ou v\u00eddeos dos defeitos s\u00e3o necess\u00e1rios para que nossa equipe de engenharia possa analis\u00e1-los.<\/i><\/em><\/h5><ol start=\"3\"><li><h5><b><\/b><strong><b>Artigos n\u00e3o retorn\u00e1veis<\/b><\/strong><\/h5><\/li><\/ol><h5>Como nossos produtos s\u00e3o frequentemente personalizados para pedidos B2B, n\u00e3o aceitamos devolu\u00e7\u00f5es por motivos que n\u00e3o sejam de qualidade (por exemplo, mudan\u00e7a de ideia) ap\u00f3s o in\u00edcio da produ\u00e7\u00e3o ou a entrega dos produtos, a menos que haja um acordo por escrito em contr\u00e1rio.<\/h5><ol start=\"4\"><li><h5><b><\/b><strong><b>Pedidos de amostra<\/b><\/strong><\/h5><\/li><\/ol><h5>Para pedidos de amostra, caso n\u00e3o esteja satisfeito com a qualidade, o custo da amostra (excluindo o frete) poder\u00e1 ser reembolsado ou deduzido do seu pedido em grande quantidade.<\/h5><h5>\u00a0<\/h5>\t\t\t\t\t\t\t\t<\/div>\n\t\t\t\t\t<\/div>\n\t\t\t\t<\/div>\n\t\t\t\t<\/div>","protected":false},"excerpt":{"rendered":"<p>Pol\u00edtica de Garantia e P\u00f3s-Venda Per\u00edodo de Inspe\u00e7\u00e3o Ap\u00f3s o recebimento da mercadoria, o comprador tem [7-14] dias para inspecionar a qualidade e<\/p>","protected":false},"author":1,"featured_media":0,"parent":0,"menu_order":0,"comment_status":"closed","ping_status":"closed","template":"","meta":{"footnotes":""},"class_list":["post-1475","page","type-page","status-publish","hentry"],"yoast_head":"<!-- This site is optimized with the Yoast SEO Premium plugin v25.8 (Yoast SEO v25.8) - https:\/\/yoast.com\/wordpress\/plugins\/seo\/ -->\n<title>Warranty &amp; After-Sales Policy - Goocater<\/title>\n<meta name=\"robots\" content=\"index, follow, max-snippet:-1, max-image-preview:large, max-video-preview:-1\" \/>\n<link rel=\"canonical\" href=\"https:\/\/goocater.com\/pt\/warranty-after-sales-policy\/\" \/>\n<meta property=\"og:locale\" content=\"pt_PT\" \/>\n<meta property=\"og:type\" content=\"article\" \/>\n<meta property=\"og:title\" content=\"Warranty &amp; After-Sales Policy\" \/>\n<meta property=\"og:description\" content=\"Warranty &amp; After-Sales Policy Inspection Period Upon receiving the goods, the buyer has [7-14] days to inspect the quality and\" \/>\n<meta property=\"og:url\" content=\"https:\/\/goocater.com\/pt\/warranty-after-sales-policy\/\" \/>\n<meta property=\"og:site_name\" content=\"Goocater\" \/>\n<meta property=\"article:modified_time\" content=\"2025-12-07T10:48:30+00:00\" \/>\n<meta name=\"twitter:card\" content=\"summary_large_image\" \/>\n<meta name=\"twitter:label1\" content=\"Tempo estimado de leitura\" \/>\n\t<meta name=\"twitter:data1\" content=\"1 minuto\" \/>\n<script type=\"application\/ld+json\" class=\"yoast-schema-graph\">{\"@context\":\"https:\/\/schema.org\",\"@graph\":[{\"@type\":\"WebPage\",\"@id\":\"https:\/\/goocater.com\/warranty-after-sales-policy\/\",\"url\":\"https:\/\/goocater.com\/warranty-after-sales-policy\/\",\"name\":\"Warranty & After-Sales Policy - Goocater\",\"isPartOf\":{\"@id\":\"https:\/\/goocater.com\/#website\"},\"datePublished\":\"2025-12-07T10:46:42+00:00\",\"dateModified\":\"2025-12-07T10:48:30+00:00\",\"breadcrumb\":{\"@id\":\"https:\/\/goocater.com\/warranty-after-sales-policy\/#breadcrumb\"},\"inLanguage\":\"pt-PT\",\"potentialAction\":[{\"@type\":\"ReadAction\",\"target\":[\"https:\/\/goocater.com\/warranty-after-sales-policy\/\"]}]},{\"@type\":\"BreadcrumbList\",\"@id\":\"https:\/\/goocater.com\/warranty-after-sales-policy\/#breadcrumb\",\"itemListElement\":[{\"@type\":\"ListItem\",\"position\":1,\"name\":\"Home\",\"item\":\"https:\/\/goocater.com\/\"},{\"@type\":\"ListItem\",\"position\":2,\"name\":\"Warranty &#038; After-Sales Policy\"}]},{\"@type\":\"WebSite\",\"@id\":\"https:\/\/goocater.com\/#website\",\"url\":\"https:\/\/goocater.com\/\",\"name\":\"Goocater\",\"description\":\"Global Catering Kitchenware Supply Chain - One stop Procurement Platform | Goocater\u200b\",\"potentialAction\":[{\"@type\":\"SearchAction\",\"target\":{\"@type\":\"EntryPoint\",\"urlTemplate\":\"https:\/\/goocater.com\/?s={search_term_string}\"},\"query-input\":{\"@type\":\"PropertyValueSpecification\",\"valueRequired\":true,\"valueName\":\"search_term_string\"}}],\"inLanguage\":\"pt-PT\"}]}<\/script>\n<!-- \/ Yoast SEO Premium plugin. -->","yoast_head_json":{"title":"Warranty & After-Sales Policy - Goocater","robots":{"index":"index","follow":"follow","max-snippet":"max-snippet:-1","max-image-preview":"max-image-preview:large","max-video-preview":"max-video-preview:-1"},"canonical":"https:\/\/goocater.com\/pt\/warranty-after-sales-policy\/","og_locale":"pt_PT","og_type":"article","og_title":"Warranty & After-Sales Policy","og_description":"Warranty &amp; After-Sales Policy Inspection Period Upon receiving the goods, the buyer has [7-14] days to inspect the quality and","og_url":"https:\/\/goocater.com\/pt\/warranty-after-sales-policy\/","og_site_name":"Goocater","article_modified_time":"2025-12-07T10:48:30+00:00","twitter_card":"summary_large_image","twitter_misc":{"Tempo estimado de leitura":"1 minuto"},"schema":{"@context":"https:\/\/schema.org","@graph":[{"@type":"WebPage","@id":"https:\/\/goocater.com\/warranty-after-sales-policy\/","url":"https:\/\/goocater.com\/warranty-after-sales-policy\/","name":"Warranty & After-Sales Policy - Goocater","isPartOf":{"@id":"https:\/\/goocater.com\/#website"},"datePublished":"2025-12-07T10:46:42+00:00","dateModified":"2025-12-07T10:48:30+00:00","breadcrumb":{"@id":"https:\/\/goocater.com\/warranty-after-sales-policy\/#breadcrumb"},"inLanguage":"pt-PT","potentialAction":[{"@type":"ReadAction","target":["https:\/\/goocater.com\/warranty-after-sales-policy\/"]}]},{"@type":"BreadcrumbList","@id":"https:\/\/goocater.com\/warranty-after-sales-policy\/#breadcrumb","itemListElement":[{"@type":"ListItem","position":1,"name":"Home","item":"https:\/\/goocater.com\/"},{"@type":"ListItem","position":2,"name":"Warranty &#038; After-Sales Policy"}]},{"@type":"WebSite","@id":"https:\/\/goocater.com\/#website","url":"https:\/\/goocater.com\/","name":"Goocater","description":"Global Catering Kitchenware Supply Chain - One stop Procurement Platform | Goocater\u200b","potentialAction":[{"@type":"SearchAction","target":{"@type":"EntryPoint","urlTemplate":"https:\/\/goocater.com\/?s={search_term_string}"},"query-input":{"@type":"PropertyValueSpecification","valueRequired":true,"valueName":"search_term_string"}}],"inLanguage":"pt-PT"}]}},"_links":{"self":[{"href":"https:\/\/goocater.com\/pt\/wp-json\/wp\/v2\/pages\/1475","targetHints":{"allow":["GET"]}}],"collection":[{"href":"https:\/\/goocater.com\/pt\/wp-json\/wp\/v2\/pages"}],"about":[{"href":"https:\/\/goocater.com\/pt\/wp-json\/wp\/v2\/types\/page"}],"author":[{"embeddable":true,"href":"https:\/\/goocater.com\/pt\/wp-json\/wp\/v2\/users\/1"}],"replies":[{"embeddable":true,"href":"https:\/\/goocater.com\/pt\/wp-json\/wp\/v2\/comments?post=1475"}],"version-history":[{"count":8,"href":"https:\/\/goocater.com\/pt\/wp-json\/wp\/v2\/pages\/1475\/revisions"}],"predecessor-version":[{"id":1483,"href":"https:\/\/goocater.com\/pt\/wp-json\/wp\/v2\/pages\/1475\/revisions\/1483"}],"wp:attachment":[{"href":"https:\/\/goocater.com\/pt\/wp-json\/wp\/v2\/media?parent=1475"}],"curies":[{"name":"wp","href":"https:\/\/api.w.org\/{rel}","templated":true}]}}