{"id":1466,"date":"2025-12-07T10:43:13","date_gmt":"2025-12-07T10:43:13","guid":{"rendered":"https:\/\/goocater.com\/?page_id=1466"},"modified":"2025-12-07T10:46:24","modified_gmt":"2025-12-07T10:46:24","slug":"terms-of-service","status":"publish","type":"page","link":"https:\/\/goocater.com\/pt\/terms-of-service\/","title":{"rendered":"Termos de Servi\u00e7o"},"content":{"rendered":"<div data-elementor-type=\"wp-page\" data-elementor-id=\"1466\" class=\"elementor elementor-1466\">\n\t\t\t\t<div class=\"wd-negative-gap elementor-element elementor-element-3b69e52 e-flex e-con-boxed e-con e-parent\" data-id=\"3b69e52\" data-element_type=\"container\">\n\t\t\t\t\t<div class=\"e-con-inner\">\n\t\t\t\t<div class=\"elementor-element elementor-element-9b2485d elementor-widget elementor-widget-heading\" data-id=\"9b2485d\" data-element_type=\"widget\" data-widget_type=\"heading.default\">\n\t\t\t\t\t<h2 class=\"elementor-heading-title elementor-size-default\">Termos de Servi\u00e7o<\/h2>\t\t\t\t<\/div>\n\t\t\t\t<div class=\"elementor-element elementor-element-359ecfa color-scheme-inherit text-left elementor-widget elementor-widget-text-editor\" data-id=\"359ecfa\" data-element_type=\"widget\" data-widget_type=\"text-editor.default\">\n\t\t\t\t\t\t\t\t\t<h5><strong>TERMOS DE SERVI\u00c7O DA GOOCATER<\/strong><\/h5><h5><strong>\u00daltima atualiza\u00e7\u00e3o: novembro de 2025<\/strong><\/h5><ol><li><h5><strong>Em geral<\/strong><\/h5><\/li><\/ol><h5><strong>Este site \u00e9 operado pela Jiujiang Qiugou International Trade Co., Ltd (Goocater). Ao acessar nosso site, voc\u00ea concorda em estar vinculado a estes Termos de Servi\u00e7o. Estes termos se aplicam a todos os usu\u00e1rios do site, incluindo navegadores, fornecedores, clientes e comerciantes.<\/strong><\/h5><ol start=\"2\"><li><h5><strong>Informa\u00e7\u00f5es do produto<\/strong><\/h5><\/li><\/ol><h5><strong>Nos esfor\u00e7amos para exibir as cores e especifica\u00e7\u00f5es de nossos produtos com a maior precis\u00e3o poss\u00edvel. No entanto, como este \u00e9 um cat\u00e1logo B2B, as especifica\u00e7\u00f5es t\u00e9cnicas podem variar de acordo com as necessidades espec\u00edficas de cada cliente. Todas as descri\u00e7\u00f5es e pre\u00e7os dos produtos est\u00e3o sujeitos \u00e0 confirma\u00e7\u00e3o por meio de or\u00e7amento oficial.<\/strong><\/h5><ol start=\"3\"><li><h5><strong>Transa\u00e7\u00f5es B2B<\/strong><\/h5><\/li><\/ol><h5><strong>Este site serve como plataforma de consulta. N\u00e3o s\u00e3o realizadas transa\u00e7\u00f5es online diretas aqui. Todas as vendas s\u00e3o regidas pelo Contrato de Venda ou Fatura Proforma espec\u00edfico assinado entre as partes, que detalhar\u00e1 as condi\u00e7\u00f5es de pagamento (por exemplo, T\/T, L\/C) e as condi\u00e7\u00f5es de entrega.<\/strong><\/h5><ol start=\"4\"><li><h5><strong>Propriedade intelectual<\/strong><\/h5><\/li><\/ol><h5><strong>Todo o conte\u00fado presente neste site, como textos, gr\u00e1ficos, logotipos, imagens e software, \u00e9 propriedade da Goocater e est\u00e1 protegido pelas leis internacionais de direitos autorais.<\/strong><\/h5><ol start=\"5\"><li><h5><strong>Limita\u00e7\u00e3o de responsabilidade<\/strong><\/h5><\/li><\/ol><h5><strong>A Goocater n\u00e3o ser\u00e1 respons\u00e1vel por quaisquer danos diretos, indiretos ou consequenciais resultantes do uso ou da impossibilidade de usar os materiais deste site.<\/strong><\/h5>\t\t\t\t\t\t\t\t<\/div>\n\t\t\t\t\t<\/div>\n\t\t\t\t<\/div>\n\t\t\t\t<\/div>","protected":false},"excerpt":{"rendered":"<p>Termos de Servi\u00e7o GOOCATER TERMOS DE SERVI\u00c7O \u00daltima atualiza\u00e7\u00e3o: novembro de 2025 Geral Este site \u00e9 operado pela Jiujiang Qiugou International Trade Co.,<\/p>","protected":false},"author":1,"featured_media":0,"parent":0,"menu_order":0,"comment_status":"closed","ping_status":"closed","template":"","meta":{"footnotes":""},"class_list":["post-1466","page","type-page","status-publish","hentry"],"yoast_head":"<!-- This site is optimized with the Yoast SEO Premium plugin v25.8 (Yoast SEO v25.8) - https:\/\/yoast.com\/wordpress\/plugins\/seo\/ -->\n<title>Terms of Service - Goocater<\/title>\n<meta name=\"robots\" content=\"index, follow, max-snippet:-1, max-image-preview:large, max-video-preview:-1\" \/>\n<link rel=\"canonical\" href=\"https:\/\/goocater.com\/pt\/terms-of-service\/\" \/>\n<meta property=\"og:locale\" content=\"pt_PT\" \/>\n<meta property=\"og:type\" content=\"article\" \/>\n<meta property=\"og:title\" content=\"Terms of Service\" \/>\n<meta property=\"og:description\" content=\"Terms of Service GOOCATER\u00a0TERMS OF SERVICE Last Updated: November\u00a02025 General This website is operated by Jiujiang Qiugou International Trade Co.,\" \/>\n<meta property=\"og:url\" content=\"https:\/\/goocater.com\/pt\/terms-of-service\/\" \/>\n<meta property=\"og:site_name\" content=\"Goocater\" \/>\n<meta property=\"article:modified_time\" content=\"2025-12-07T10:46:24+00:00\" \/>\n<meta name=\"twitter:card\" content=\"summary_large_image\" \/>\n<meta name=\"twitter:label1\" content=\"Tempo estimado de leitura\" \/>\n\t<meta name=\"twitter:data1\" content=\"1 minuto\" \/>\n<script type=\"application\/ld+json\" class=\"yoast-schema-graph\">{\"@context\":\"https:\/\/schema.org\",\"@graph\":[{\"@type\":\"WebPage\",\"@id\":\"https:\/\/goocater.com\/terms-of-service\/\",\"url\":\"https:\/\/goocater.com\/terms-of-service\/\",\"name\":\"Terms of Service - Goocater\",\"isPartOf\":{\"@id\":\"https:\/\/goocater.com\/#website\"},\"datePublished\":\"2025-12-07T10:43:13+00:00\",\"dateModified\":\"2025-12-07T10:46:24+00:00\",\"breadcrumb\":{\"@id\":\"https:\/\/goocater.com\/terms-of-service\/#breadcrumb\"},\"inLanguage\":\"pt-PT\",\"potentialAction\":[{\"@type\":\"ReadAction\",\"target\":[\"https:\/\/goocater.com\/terms-of-service\/\"]}]},{\"@type\":\"BreadcrumbList\",\"@id\":\"https:\/\/goocater.com\/terms-of-service\/#breadcrumb\",\"itemListElement\":[{\"@type\":\"ListItem\",\"position\":1,\"name\":\"Home\",\"item\":\"https:\/\/goocater.com\/\"},{\"@type\":\"ListItem\",\"position\":2,\"name\":\"Terms of Service\"}]},{\"@type\":\"WebSite\",\"@id\":\"https:\/\/goocater.com\/#website\",\"url\":\"https:\/\/goocater.com\/\",\"name\":\"Goocater\",\"description\":\"Global Catering Kitchenware Supply Chain - One stop Procurement Platform | Goocater\u200b\",\"potentialAction\":[{\"@type\":\"SearchAction\",\"target\":{\"@type\":\"EntryPoint\",\"urlTemplate\":\"https:\/\/goocater.com\/?s={search_term_string}\"},\"query-input\":{\"@type\":\"PropertyValueSpecification\",\"valueRequired\":true,\"valueName\":\"search_term_string\"}}],\"inLanguage\":\"pt-PT\"}]}<\/script>\n<!-- \/ Yoast SEO Premium plugin. -->","yoast_head_json":{"title":"Terms of Service - Goocater","robots":{"index":"index","follow":"follow","max-snippet":"max-snippet:-1","max-image-preview":"max-image-preview:large","max-video-preview":"max-video-preview:-1"},"canonical":"https:\/\/goocater.com\/pt\/terms-of-service\/","og_locale":"pt_PT","og_type":"article","og_title":"Terms of Service","og_description":"Terms of Service GOOCATER\u00a0TERMS OF SERVICE Last Updated: November\u00a02025 General This website is operated by Jiujiang Qiugou International Trade Co.,","og_url":"https:\/\/goocater.com\/pt\/terms-of-service\/","og_site_name":"Goocater","article_modified_time":"2025-12-07T10:46:24+00:00","twitter_card":"summary_large_image","twitter_misc":{"Tempo estimado de leitura":"1 minuto"},"schema":{"@context":"https:\/\/schema.org","@graph":[{"@type":"WebPage","@id":"https:\/\/goocater.com\/terms-of-service\/","url":"https:\/\/goocater.com\/terms-of-service\/","name":"Terms of Service - Goocater","isPartOf":{"@id":"https:\/\/goocater.com\/#website"},"datePublished":"2025-12-07T10:43:13+00:00","dateModified":"2025-12-07T10:46:24+00:00","breadcrumb":{"@id":"https:\/\/goocater.com\/terms-of-service\/#breadcrumb"},"inLanguage":"pt-PT","potentialAction":[{"@type":"ReadAction","target":["https:\/\/goocater.com\/terms-of-service\/"]}]},{"@type":"BreadcrumbList","@id":"https:\/\/goocater.com\/terms-of-service\/#breadcrumb","itemListElement":[{"@type":"ListItem","position":1,"name":"Home","item":"https:\/\/goocater.com\/"},{"@type":"ListItem","position":2,"name":"Terms of Service"}]},{"@type":"WebSite","@id":"https:\/\/goocater.com\/#website","url":"https:\/\/goocater.com\/","name":"Goocater","description":"Global Catering Kitchenware Supply Chain - One stop Procurement Platform | Goocater\u200b","potentialAction":[{"@type":"SearchAction","target":{"@type":"EntryPoint","urlTemplate":"https:\/\/goocater.com\/?s={search_term_string}"},"query-input":{"@type":"PropertyValueSpecification","valueRequired":true,"valueName":"search_term_string"}}],"inLanguage":"pt-PT"}]}},"_links":{"self":[{"href":"https:\/\/goocater.com\/pt\/wp-json\/wp\/v2\/pages\/1466","targetHints":{"allow":["GET"]}}],"collection":[{"href":"https:\/\/goocater.com\/pt\/wp-json\/wp\/v2\/pages"}],"about":[{"href":"https:\/\/goocater.com\/pt\/wp-json\/wp\/v2\/types\/page"}],"author":[{"embeddable":true,"href":"https:\/\/goocater.com\/pt\/wp-json\/wp\/v2\/users\/1"}],"replies":[{"embeddable":true,"href":"https:\/\/goocater.com\/pt\/wp-json\/wp\/v2\/comments?post=1466"}],"version-history":[{"count":8,"href":"https:\/\/goocater.com\/pt\/wp-json\/wp\/v2\/pages\/1466\/revisions"}],"predecessor-version":[{"id":1474,"href":"https:\/\/goocater.com\/pt\/wp-json\/wp\/v2\/pages\/1466\/revisions\/1474"}],"wp:attachment":[{"href":"https:\/\/goocater.com\/pt\/wp-json\/wp\/v2\/media?parent=1466"}],"curies":[{"name":"wp","href":"https:\/\/api.w.org\/{rel}","templated":true}]}}