{"id":1457,"date":"2025-12-07T10:39:56","date_gmt":"2025-12-07T10:39:56","guid":{"rendered":"https:\/\/goocater.com\/?page_id=1457"},"modified":"2025-12-07T10:42:26","modified_gmt":"2025-12-07T10:42:26","slug":"shipping-fulfillment-info","status":"publish","type":"page","link":"https:\/\/goocater.com\/pt\/shipping-fulfillment-info\/","title":{"rendered":"Informa\u00e7\u00f5es sobre envio e log\u00edstica"},"content":{"rendered":"<div data-elementor-type=\"wp-page\" data-elementor-id=\"1457\" class=\"elementor elementor-1457\">\n\t\t\t\t<div class=\"wd-negative-gap elementor-element elementor-element-e461ff4 e-flex e-con-boxed e-con e-parent\" data-id=\"e461ff4\" data-element_type=\"container\">\n\t\t\t\t\t<div class=\"e-con-inner\">\n\t\t\t\t<div class=\"elementor-element elementor-element-177dcaa elementor-widget elementor-widget-heading\" data-id=\"177dcaa\" data-element_type=\"widget\" data-widget_type=\"heading.default\">\n\t\t\t\t\t<h2 class=\"elementor-heading-title elementor-size-default\">Informa\u00e7\u00f5es sobre envio e log\u00edstica<\/h2>\t\t\t\t<\/div>\n\t\t\t\t<div class=\"elementor-element elementor-element-744ee26 color-scheme-inherit text-left elementor-widget elementor-widget-text-editor\" data-id=\"744ee26\" data-element_type=\"widget\" data-widget_type=\"text-editor.default\">\n\t\t\t\t\t\t\t\t\t<ol><li><b><\/b><h5><strong>M\u00e9todos de envio<\/strong><\/h5><\/li><\/ol><h5><strong>Como atacadista\/fabricante B2B, oferecemos op\u00e7\u00f5es de envio flex\u00edveis com base no volume do seu pedido e no destino. Trabalhamos em parceria com as principais transportadoras internacionais para garantir a entrega segura via:<\/strong><\/h5><h5><strong>Frete mar\u00edtimo: (FCL\/LCL) para pedidos em grande quantidade.<\/strong><\/h5><h5><strong>Frete a\u00e9reo: Para pedidos urgentes.<\/strong><\/h5><h5><strong>Envio expresso por correio (DHL\/FedEx\/UPS) para amostras.<\/strong><\/h5><ol start=\"2\"><li><h5><strong>Incoterms<\/strong><\/h5><\/li><\/ol><h5><strong>Aceitamos os Incoterms padr\u00e3o, incluindo EXW, FOB, CIF, DDP e DAP. O m\u00e9todo de envio e os termos espec\u00edficos ser\u00e3o confirmados em seu Contrato de Venda.<\/strong><\/h5><ol start=\"3\"><li><h5><strong>Prazo de entrega (Tempo de produ\u00e7\u00e3o)<\/strong><\/h5><\/li><\/ol><h5><strong>Produtos em estoque: Enviados em [3-5] dias \u00fateis ap\u00f3s a confirma\u00e7\u00e3o do pagamento.<\/strong><\/h5><h5><strong>Encomendas personalizadas\/em grande quantidade: O tempo de produ\u00e7\u00e3o normalmente varia de [15 a 45] dias, dependendo da quantidade do pedido e dos requisitos de personaliza\u00e7\u00e3o. As datas espec\u00edficas ser\u00e3o fornecidas no seu or\u00e7amento.<\/strong><\/h5><ol start=\"4\"><li><h5><strong>Monitorando<\/strong><\/h5><\/li><\/ol><h5><strong>Assim que a carga for carregada, o conhecimento de embarque (B\/L) ou o n\u00famero de rastreamento ser\u00e3o enviados imediatamente para o seu e-mail.<\/strong><\/h5><h5>\u00a0<\/h5>\t\t\t\t\t\t\t\t<\/div>\n\t\t\t\t\t<\/div>\n\t\t\t\t<\/div>\n\t\t\t\t<\/div>","protected":false},"excerpt":{"rendered":"<p>Informa\u00e7\u00f5es sobre Envio e Log\u00edstica M\u00e9todos de Envio Como atacadista\/fabricante B2B, oferecemos op\u00e7\u00f5es de envio flex\u00edveis com base no volume do seu pedido.<\/p>","protected":false},"author":1,"featured_media":0,"parent":0,"menu_order":0,"comment_status":"closed","ping_status":"closed","template":"","meta":{"footnotes":""},"class_list":["post-1457","page","type-page","status-publish","hentry"],"yoast_head":"<!-- This site is optimized with the Yoast SEO Premium plugin v25.8 (Yoast SEO v25.8) - https:\/\/yoast.com\/wordpress\/plugins\/seo\/ -->\n<title>Shipping &amp; Fulfillment Info - Goocater<\/title>\n<meta name=\"robots\" content=\"index, follow, max-snippet:-1, max-image-preview:large, max-video-preview:-1\" \/>\n<link rel=\"canonical\" href=\"https:\/\/goocater.com\/pt\/shipping-fulfillment-info\/\" \/>\n<meta property=\"og:locale\" content=\"pt_PT\" \/>\n<meta property=\"og:type\" content=\"article\" \/>\n<meta property=\"og:title\" content=\"Shipping &amp; Fulfillment Info\" \/>\n<meta property=\"og:description\" content=\"Shipping &amp; Fulfillment Info Shipping Methods As a B2B wholesaler\/manufacturer, we offer flexible shipping options based on your order volume\" \/>\n<meta property=\"og:url\" content=\"https:\/\/goocater.com\/pt\/shipping-fulfillment-info\/\" \/>\n<meta property=\"og:site_name\" content=\"Goocater\" \/>\n<meta property=\"article:modified_time\" content=\"2025-12-07T10:42:26+00:00\" \/>\n<meta name=\"twitter:card\" content=\"summary_large_image\" \/>\n<meta name=\"twitter:label1\" content=\"Tempo estimado de leitura\" \/>\n\t<meta name=\"twitter:data1\" content=\"1 minuto\" \/>\n<script type=\"application\/ld+json\" class=\"yoast-schema-graph\">{\"@context\":\"https:\/\/schema.org\",\"@graph\":[{\"@type\":\"WebPage\",\"@id\":\"https:\/\/goocater.com\/shipping-fulfillment-info\/\",\"url\":\"https:\/\/goocater.com\/shipping-fulfillment-info\/\",\"name\":\"Shipping & Fulfillment Info - Goocater\",\"isPartOf\":{\"@id\":\"https:\/\/goocater.com\/#website\"},\"datePublished\":\"2025-12-07T10:39:56+00:00\",\"dateModified\":\"2025-12-07T10:42:26+00:00\",\"breadcrumb\":{\"@id\":\"https:\/\/goocater.com\/shipping-fulfillment-info\/#breadcrumb\"},\"inLanguage\":\"pt-PT\",\"potentialAction\":[{\"@type\":\"ReadAction\",\"target\":[\"https:\/\/goocater.com\/shipping-fulfillment-info\/\"]}]},{\"@type\":\"BreadcrumbList\",\"@id\":\"https:\/\/goocater.com\/shipping-fulfillment-info\/#breadcrumb\",\"itemListElement\":[{\"@type\":\"ListItem\",\"position\":1,\"name\":\"Home\",\"item\":\"https:\/\/goocater.com\/\"},{\"@type\":\"ListItem\",\"position\":2,\"name\":\"Shipping &#038; Fulfillment Info\"}]},{\"@type\":\"WebSite\",\"@id\":\"https:\/\/goocater.com\/#website\",\"url\":\"https:\/\/goocater.com\/\",\"name\":\"Goocater\",\"description\":\"Global Catering Kitchenware Supply Chain - One stop Procurement Platform | Goocater\u200b\",\"potentialAction\":[{\"@type\":\"SearchAction\",\"target\":{\"@type\":\"EntryPoint\",\"urlTemplate\":\"https:\/\/goocater.com\/?s={search_term_string}\"},\"query-input\":{\"@type\":\"PropertyValueSpecification\",\"valueRequired\":true,\"valueName\":\"search_term_string\"}}],\"inLanguage\":\"pt-PT\"}]}<\/script>\n<!-- \/ Yoast SEO Premium plugin. -->","yoast_head_json":{"title":"Shipping & Fulfillment Info - Goocater","robots":{"index":"index","follow":"follow","max-snippet":"max-snippet:-1","max-image-preview":"max-image-preview:large","max-video-preview":"max-video-preview:-1"},"canonical":"https:\/\/goocater.com\/pt\/shipping-fulfillment-info\/","og_locale":"pt_PT","og_type":"article","og_title":"Shipping & Fulfillment Info","og_description":"Shipping &amp; Fulfillment Info Shipping Methods As a B2B wholesaler\/manufacturer, we offer flexible shipping options based on your order volume","og_url":"https:\/\/goocater.com\/pt\/shipping-fulfillment-info\/","og_site_name":"Goocater","article_modified_time":"2025-12-07T10:42:26+00:00","twitter_card":"summary_large_image","twitter_misc":{"Tempo estimado de leitura":"1 minuto"},"schema":{"@context":"https:\/\/schema.org","@graph":[{"@type":"WebPage","@id":"https:\/\/goocater.com\/shipping-fulfillment-info\/","url":"https:\/\/goocater.com\/shipping-fulfillment-info\/","name":"Shipping & Fulfillment Info - Goocater","isPartOf":{"@id":"https:\/\/goocater.com\/#website"},"datePublished":"2025-12-07T10:39:56+00:00","dateModified":"2025-12-07T10:42:26+00:00","breadcrumb":{"@id":"https:\/\/goocater.com\/shipping-fulfillment-info\/#breadcrumb"},"inLanguage":"pt-PT","potentialAction":[{"@type":"ReadAction","target":["https:\/\/goocater.com\/shipping-fulfillment-info\/"]}]},{"@type":"BreadcrumbList","@id":"https:\/\/goocater.com\/shipping-fulfillment-info\/#breadcrumb","itemListElement":[{"@type":"ListItem","position":1,"name":"Home","item":"https:\/\/goocater.com\/"},{"@type":"ListItem","position":2,"name":"Shipping &#038; Fulfillment Info"}]},{"@type":"WebSite","@id":"https:\/\/goocater.com\/#website","url":"https:\/\/goocater.com\/","name":"Goocater","description":"Global Catering Kitchenware Supply Chain - One stop Procurement Platform | Goocater\u200b","potentialAction":[{"@type":"SearchAction","target":{"@type":"EntryPoint","urlTemplate":"https:\/\/goocater.com\/?s={search_term_string}"},"query-input":{"@type":"PropertyValueSpecification","valueRequired":true,"valueName":"search_term_string"}}],"inLanguage":"pt-PT"}]}},"_links":{"self":[{"href":"https:\/\/goocater.com\/pt\/wp-json\/wp\/v2\/pages\/1457","targetHints":{"allow":["GET"]}}],"collection":[{"href":"https:\/\/goocater.com\/pt\/wp-json\/wp\/v2\/pages"}],"about":[{"href":"https:\/\/goocater.com\/pt\/wp-json\/wp\/v2\/types\/page"}],"author":[{"embeddable":true,"href":"https:\/\/goocater.com\/pt\/wp-json\/wp\/v2\/users\/1"}],"replies":[{"embeddable":true,"href":"https:\/\/goocater.com\/pt\/wp-json\/wp\/v2\/comments?post=1457"}],"version-history":[{"count":8,"href":"https:\/\/goocater.com\/pt\/wp-json\/wp\/v2\/pages\/1457\/revisions"}],"predecessor-version":[{"id":1465,"href":"https:\/\/goocater.com\/pt\/wp-json\/wp\/v2\/pages\/1457\/revisions\/1465"}],"wp:attachment":[{"href":"https:\/\/goocater.com\/pt\/wp-json\/wp\/v2\/media?parent=1457"}],"curies":[{"name":"wp","href":"https:\/\/api.w.org\/{rel}","templated":true}]}}