{"id":1448,"date":"2025-12-07T10:36:11","date_gmt":"2025-12-07T10:36:11","guid":{"rendered":"https:\/\/goocater.com\/?page_id=1448"},"modified":"2025-12-07T10:39:25","modified_gmt":"2025-12-07T10:39:25","slug":"privacy-policy","status":"publish","type":"page","link":"https:\/\/goocater.com\/pt\/privacy-policy\/","title":{"rendered":"pol\u00edtica de Privacidade"},"content":{"rendered":"<div data-elementor-type=\"wp-page\" data-elementor-id=\"1448\" class=\"elementor elementor-1448\">\n\t\t\t\t<div class=\"wd-negative-gap elementor-element elementor-element-ee25001 e-flex e-con-boxed e-con e-parent\" data-id=\"ee25001\" data-element_type=\"container\">\n\t\t\t\t\t<div class=\"e-con-inner\">\n\t\t\t\t<div class=\"elementor-element elementor-element-2df8e18 elementor-widget elementor-widget-heading\" data-id=\"2df8e18\" data-element_type=\"widget\" data-widget_type=\"heading.default\">\n\t\t\t\t\t<h2 class=\"elementor-heading-title elementor-size-default\">pol\u00edtica de Privacidade<\/h2>\t\t\t\t<\/div>\n\t\t\t\t<div class=\"elementor-element elementor-element-2128d17 color-scheme-inherit text-left elementor-widget elementor-widget-text-editor\" data-id=\"2128d17\" data-element_type=\"widget\" data-widget_type=\"text-editor.default\">\n\t\t\t\t\t\t\t\t\t<h5><strong>\u00daltima atualiza\u00e7\u00e3o: novembro de 2025<\/strong><\/h5><h5><strong>\u00c2MBITO DESTA POL\u00cdTICA<\/strong><\/h5><h5><strong>Esta Pol\u00edtica de Privacidade (\u201cPol\u00edtica\u201d) aplica-se a:<\/strong><\/h5><h5><strong>Jiujiang Qiugou International Trade Co., Ltd (\u201cGoocater\u201d, \u201cn\u00f3s\u201d, \u201cnosso\u201d); e<\/strong><\/h5><h5><strong>As propriedades online da Goocater (incluindo nossos sites e sites ou aplicativos m\u00f3veis que cont\u00eam links para eles), nossas p\u00e1ginas ou perfis em m\u00eddias sociais e nossos produtos e servi\u00e7os (os \u201cServi\u00e7os\u201d).<\/strong><\/h5><ol><li><h5><strong>Informa\u00e7\u00f5es que coletamos<\/strong><\/h5><\/li><\/ol><h5><strong>Coletamos informa\u00e7\u00f5es que voc\u00ea nos fornece diretamente ao preencher um formul\u00e1rio de consulta espec\u00edfico, solicitar um or\u00e7amento ou entrar em contato conosco por e-mail. Isso inclui:<\/strong><\/h5><h5><strong>Nome e Cargo<\/strong><\/h5><h5><strong>nome da empresa<\/strong><\/h5><h5><strong>Endere\u00e7o de e-mail e n\u00famero de telefone<\/strong><\/h5><h5><strong>Destino de envio (para fins de cota\u00e7\u00e3o)<\/strong><\/h5><h5><strong>Requisitos do produto<\/strong><\/h5><ol start=\"2\"><li><h5><strong>Como utilizamos suas informa\u00e7\u00f5es<\/strong><\/h5><\/li><\/ol><h5><strong>Somos um fabricante\/fornecedor B2B. Usamos suas informa\u00e7\u00f5es exclusivamente para:<\/strong><\/h5><h5><strong>Processamento de suas solicita\u00e7\u00f5es e fornecimento de or\u00e7amentos (faturas pr\u00f3-forma).<\/strong><\/h5><h5><strong>Comunicar-nos consigo relativamente \u00e0s especifica\u00e7\u00f5es da encomenda e \u00e0s atualiza\u00e7\u00f5es de produ\u00e7\u00e3o.<\/strong><\/h5><h5><strong>Organiza\u00e7\u00e3o da log\u00edstica e da documenta\u00e7\u00e3o de desembara\u00e7o aduaneiro.<\/strong><\/h5><h5><strong>N\u00e3o vendemos, trocamos ou transferimos suas informa\u00e7\u00f5es pessoais para terceiros.<\/strong><\/h5><ol start=\"3\"><li><h5><strong>Cookies e tecnologias de rastreamento<\/strong><\/h5><\/li><\/ol><h5><strong>Utilizamos cookies para melhorar a sua experi\u00eancia de navega\u00e7\u00e3o e analisar o tr\u00e1fego do website. Tamb\u00e9m podemos utilizar servi\u00e7os de terceiros, como o Google Analytics e o Google Ads, para nos ajudar a compreender os nossos visitantes e apresentar an\u00fancios relevantes. Pode optar por desativar os cookies nas configura\u00e7\u00f5es do seu navegador.<\/strong><\/h5><ol start=\"4\"><li><h5><strong>Seguran\u00e7a de dados<\/strong><\/h5><\/li><\/ol><h5><strong>Implementamos diversas medidas de seguran\u00e7a para manter a seguran\u00e7a das suas informa\u00e7\u00f5es pessoais. Apenas os funcion\u00e1rios que precisam das informa\u00e7\u00f5es para desempenhar uma fun\u00e7\u00e3o espec\u00edfica (por exemplo, faturamento ou atendimento ao cliente) t\u00eam acesso a informa\u00e7\u00f5es de identifica\u00e7\u00e3o pessoal.<\/strong><\/h5><ol start=\"5\"><li><h5><strong>Contate-nos<\/strong><\/h5><\/li><\/ol><h5><strong>Caso tenha alguma d\u00favida sobre esta pol\u00edtica de privacidade, entre em contato conosco atrav\u00e9s do seguinte endere\u00e7o:<\/strong><\/h5><h5><strong>E-mail: support@goocater.com<\/strong><\/h5><h5><strong>Endere\u00e7o: 4\u00ba andar, Edif\u00edcio 30, Parque Cient\u00edfico e Tecnol\u00f3gico de Hengsheng, Zona de Desenvolvimento Econ\u00f4mico, Cidade de Jiujiang, Prov\u00edncia de Jiangxi, China<\/strong><\/h5>\t\t\t\t\t\t\t\t<\/div>\n\t\t\t\t\t<\/div>\n\t\t\t\t<\/div>\n\t\t\t\t<\/div>","protected":false},"excerpt":{"rendered":"<p>Pol\u00edtica de Privacidade \u00daltima atualiza\u00e7\u00e3o: novembro de 2025 \u00c2MBITO DESTA POL\u00cdTICA Esta Pol\u00edtica de Privacidade (\u201cPol\u00edtica\u201d) aplica-se a: Jiujiang Qiugou International Trade Co.,<\/p>","protected":false},"author":1,"featured_media":0,"parent":0,"menu_order":0,"comment_status":"closed","ping_status":"closed","template":"","meta":{"footnotes":""},"class_list":["post-1448","page","type-page","status-publish","hentry"],"yoast_head":"<!-- This site is optimized with the Yoast SEO Premium plugin v25.8 (Yoast SEO v25.8) - https:\/\/yoast.com\/wordpress\/plugins\/seo\/ -->\n<title>Privacy Policy - Goocater<\/title>\n<meta name=\"robots\" content=\"index, follow, max-snippet:-1, max-image-preview:large, max-video-preview:-1\" \/>\n<link rel=\"canonical\" href=\"https:\/\/goocater.com\/pt\/privacy-policy\/\" \/>\n<meta property=\"og:locale\" content=\"pt_PT\" \/>\n<meta property=\"og:type\" content=\"article\" \/>\n<meta property=\"og:title\" content=\"Privacy Policy\" \/>\n<meta property=\"og:description\" content=\"Privacy Policy Last Updated: November\u00a02025 SCOPE OF THIS POLICY This Privacy Policy (\u201cPolicy\u201d) applies to: Jiujiang Qiugou International Trade Co.,\" \/>\n<meta property=\"og:url\" content=\"https:\/\/goocater.com\/pt\/privacy-policy\/\" \/>\n<meta property=\"og:site_name\" content=\"Goocater\" \/>\n<meta property=\"article:modified_time\" content=\"2025-12-07T10:39:25+00:00\" \/>\n<meta name=\"twitter:card\" content=\"summary_large_image\" \/>\n<meta name=\"twitter:label1\" content=\"Tempo estimado de leitura\" \/>\n\t<meta name=\"twitter:data1\" content=\"2 minutos\" \/>\n<script type=\"application\/ld+json\" class=\"yoast-schema-graph\">{\"@context\":\"https:\/\/schema.org\",\"@graph\":[{\"@type\":\"WebPage\",\"@id\":\"https:\/\/goocater.com\/privacy-policy\/\",\"url\":\"https:\/\/goocater.com\/privacy-policy\/\",\"name\":\"Privacy Policy - Goocater\",\"isPartOf\":{\"@id\":\"https:\/\/goocater.com\/#website\"},\"datePublished\":\"2025-12-07T10:36:11+00:00\",\"dateModified\":\"2025-12-07T10:39:25+00:00\",\"breadcrumb\":{\"@id\":\"https:\/\/goocater.com\/privacy-policy\/#breadcrumb\"},\"inLanguage\":\"pt-PT\",\"potentialAction\":[{\"@type\":\"ReadAction\",\"target\":[\"https:\/\/goocater.com\/privacy-policy\/\"]}]},{\"@type\":\"BreadcrumbList\",\"@id\":\"https:\/\/goocater.com\/privacy-policy\/#breadcrumb\",\"itemListElement\":[{\"@type\":\"ListItem\",\"position\":1,\"name\":\"Home\",\"item\":\"https:\/\/goocater.com\/\"},{\"@type\":\"ListItem\",\"position\":2,\"name\":\"Privacy Policy\"}]},{\"@type\":\"WebSite\",\"@id\":\"https:\/\/goocater.com\/#website\",\"url\":\"https:\/\/goocater.com\/\",\"name\":\"Goocater\",\"description\":\"Global Catering Kitchenware Supply Chain - One stop Procurement Platform | Goocater\u200b\",\"potentialAction\":[{\"@type\":\"SearchAction\",\"target\":{\"@type\":\"EntryPoint\",\"urlTemplate\":\"https:\/\/goocater.com\/?s={search_term_string}\"},\"query-input\":{\"@type\":\"PropertyValueSpecification\",\"valueRequired\":true,\"valueName\":\"search_term_string\"}}],\"inLanguage\":\"pt-PT\"}]}<\/script>\n<!-- \/ Yoast SEO Premium plugin. -->","yoast_head_json":{"title":"Privacy Policy - Goocater","robots":{"index":"index","follow":"follow","max-snippet":"max-snippet:-1","max-image-preview":"max-image-preview:large","max-video-preview":"max-video-preview:-1"},"canonical":"https:\/\/goocater.com\/pt\/privacy-policy\/","og_locale":"pt_PT","og_type":"article","og_title":"Privacy Policy","og_description":"Privacy Policy Last Updated: November\u00a02025 SCOPE OF THIS POLICY This Privacy Policy (\u201cPolicy\u201d) applies to: Jiujiang Qiugou International Trade Co.,","og_url":"https:\/\/goocater.com\/pt\/privacy-policy\/","og_site_name":"Goocater","article_modified_time":"2025-12-07T10:39:25+00:00","twitter_card":"summary_large_image","twitter_misc":{"Tempo estimado de leitura":"2 minutos"},"schema":{"@context":"https:\/\/schema.org","@graph":[{"@type":"WebPage","@id":"https:\/\/goocater.com\/privacy-policy\/","url":"https:\/\/goocater.com\/privacy-policy\/","name":"Privacy Policy - Goocater","isPartOf":{"@id":"https:\/\/goocater.com\/#website"},"datePublished":"2025-12-07T10:36:11+00:00","dateModified":"2025-12-07T10:39:25+00:00","breadcrumb":{"@id":"https:\/\/goocater.com\/privacy-policy\/#breadcrumb"},"inLanguage":"pt-PT","potentialAction":[{"@type":"ReadAction","target":["https:\/\/goocater.com\/privacy-policy\/"]}]},{"@type":"BreadcrumbList","@id":"https:\/\/goocater.com\/privacy-policy\/#breadcrumb","itemListElement":[{"@type":"ListItem","position":1,"name":"Home","item":"https:\/\/goocater.com\/"},{"@type":"ListItem","position":2,"name":"Privacy Policy"}]},{"@type":"WebSite","@id":"https:\/\/goocater.com\/#website","url":"https:\/\/goocater.com\/","name":"Goocater","description":"Global Catering Kitchenware Supply Chain - One stop Procurement Platform | Goocater\u200b","potentialAction":[{"@type":"SearchAction","target":{"@type":"EntryPoint","urlTemplate":"https:\/\/goocater.com\/?s={search_term_string}"},"query-input":{"@type":"PropertyValueSpecification","valueRequired":true,"valueName":"search_term_string"}}],"inLanguage":"pt-PT"}]}},"_links":{"self":[{"href":"https:\/\/goocater.com\/pt\/wp-json\/wp\/v2\/pages\/1448","targetHints":{"allow":["GET"]}}],"collection":[{"href":"https:\/\/goocater.com\/pt\/wp-json\/wp\/v2\/pages"}],"about":[{"href":"https:\/\/goocater.com\/pt\/wp-json\/wp\/v2\/types\/page"}],"author":[{"embeddable":true,"href":"https:\/\/goocater.com\/pt\/wp-json\/wp\/v2\/users\/1"}],"replies":[{"embeddable":true,"href":"https:\/\/goocater.com\/pt\/wp-json\/wp\/v2\/comments?post=1448"}],"version-history":[{"count":8,"href":"https:\/\/goocater.com\/pt\/wp-json\/wp\/v2\/pages\/1448\/revisions"}],"predecessor-version":[{"id":1456,"href":"https:\/\/goocater.com\/pt\/wp-json\/wp\/v2\/pages\/1448\/revisions\/1456"}],"wp:attachment":[{"href":"https:\/\/goocater.com\/pt\/wp-json\/wp\/v2\/media?parent=1448"}],"curies":[{"name":"wp","href":"https:\/\/api.w.org\/{rel}","templated":true}]}}