{"id":1509,"date":"2025-12-08T16:02:31","date_gmt":"2025-12-08T16:02:31","guid":{"rendered":"https:\/\/goocater.com\/?post_type=product&#038;p=1509"},"modified":"2025-12-08T17:16:20","modified_gmt":"2025-12-08T17:16:20","slug":"commercial-automatic-skewer-machine-high-efficiency-kebab-maker","status":"publish","type":"product","link":"https:\/\/goocater.com\/es\/producto\/commercial-automatic-skewer-machine-high-efficiency-kebab-maker\/","title":{"rendered":"M\u00e1quina autom\u00e1tica comercial para hacer brochetas"},"content":{"rendered":"<p><b>Revolucione la eficiencia de su cocina comercial<\/b> Libere sus manos y expanda su negocio de barbacoa con nuestra m\u00e1quina autom\u00e1tica de brochetas comerciales. Dise\u00f1ada para el procesamiento de alimentos a gran escala, esta m\u00e1quina combina un motor de cobre con un control neum\u00e1tico preciso para ofrecer brochetas consistentes y de alta calidad en segundos. Ya sea que prepare satay, yakitori, shish kebabs o las cl\u00e1sicas brochetas de cordero a la barbacoa, esta m\u00e1quina es su soluci\u00f3n automatizada definitiva.<\/p>\n<p>&nbsp;<\/p>\n<p>Caracter\u00edsticas principales<\/p>\n<p>1. Eficiencia ultrarr\u00e1pida<\/p>\n<p>Capaz de producir <b>1800-2000 brochetas por hora<\/b> con una velocidad de tan solo <b>1,5 a 2,0 segundos por brocheta<\/b>Reemplaza eficazmente el trabajo manual, reduciendo costos y aumentando la producci\u00f3n.<\/p>\n<p>2. Calidad de construcci\u00f3n premium<\/p>\n<p>Construido con una alta calidad <b>Cuerpo de acero inoxidable<\/b> y <b>Moldes de PP de grado alimenticio<\/b>Garantiza durabilidad, resistencia a la oxidaci\u00f3n y total cumplimiento de las normas de higiene alimentaria. F\u00e1cil limpieza y mantenimiento.<\/p>\n<p>3. Sistema de control avanzado<\/p>\n<p>Equipado con un <b>Sistema de control PLC por microordenador<\/b> y un motor totalmente de cobre. Su funcionamiento es estable, preciso y f\u00e1cil de usar: el personal puede aprender a operarlo en minutos.<\/p>\n<p>4. Compatibilidad vers\u00e1til<\/p>\n<p>Compatible con varios tipos de brochetas (de bamb\u00fa o de acero) que van desde <b>250 mm a 300 mm<\/b>El molde est\u00e1 dise\u00f1ado para manejar anchos de carne de 12 a 18 mm y espesores de 8 a 15 mm.<\/p>\n<p>5. Seguridad certificada<\/p>\n<p>Certificaci\u00f3n CE de calidad de exportaci\u00f3n. Ofrece protecci\u00f3n contra fugas y un funcionamiento neum\u00e1tico seguro.<\/p>\n<p>&nbsp;<\/p>\n<table data-path-to-node=\"22\">\n<thead>\n<tr>\n<td><strong>Caracter\u00edstica\u00a0<\/strong><\/td>\n<td><strong>Especificaci\u00f3n<\/strong><\/td>\n<\/tr>\n<\/thead>\n<tbody>\n<tr>\n<td><span data-path-to-node=\"22,1,0,0\"><b>Modelo\u00a0<\/b><\/span><\/td>\n<td><span data-path-to-node=\"22,1,1,0\">M\u00e1quina de brochetas totalmente autom\u00e1tica<\/span><\/td>\n<\/tr>\n<tr>\n<td><span data-path-to-node=\"22,3,0,0\"><b>Dimensiones\u00a0<\/b><\/span><\/td>\n<td><span data-path-to-node=\"22,3,1,0\">900 x 500 x 185 mm<\/span><\/td>\n<\/tr>\n<tr>\n<td><\/td>\n<td><\/td>\n<\/tr>\n<tr>\n<td><span data-path-to-node=\"22,4,0,0\"><b>Peso neto\u00a0<\/b><\/span><\/td>\n<td><span data-path-to-node=\"22,4,1,0\">35 kilogramos<\/span><\/td>\n<\/tr>\n<tr>\n<td><span data-path-to-node=\"22,5,0,0\"><b>Material\u00a0<\/b><\/span><\/td>\n<td><span data-path-to-node=\"22,5,1,0\">Acero inoxidable + PP de grado alimenticio\u00a0<\/span><\/td>\n<\/tr>\n<tr>\n<td><span data-path-to-node=\"22,6,0,0\"><b>Velocidad\u00a0<\/b><\/span><\/td>\n<td><span data-path-to-node=\"22,6,1,0\">1,5 \u2013 2,0 segundos por brocheta\u00a0<\/span><\/td>\n<\/tr>\n<tr>\n<td><span data-path-to-node=\"22,7,0,0\"><b>Eficiencia\u00a0<\/b><\/span><\/td>\n<td><span data-path-to-node=\"22,7,1,0\">1800 \u2013 2000 brochetas por hora\u00a0<\/span><\/td>\n<\/tr>\n<tr>\n<td><span data-path-to-node=\"22,8,0,0\"><b>Fuerza\u00a0<\/b><\/span><\/td>\n<td><span data-path-to-node=\"22,8,1,0\">220 V<\/span><\/td>\n<\/tr>\n<tr>\n<td><span data-path-to-node=\"22,9,0,0\"><b>Potencia del motor\u00a0<\/b><\/span><\/td>\n<td><span data-path-to-node=\"22,9,1,0\">15 W (Eficiencia energ\u00e9tica)<\/span><\/td>\n<\/tr>\n<tr>\n<td><span data-path-to-node=\"22,10,0,0\"><b>Consumo de energ\u00eda\u00a0<\/b><\/span><\/td>\n<td><span data-path-to-node=\"22,10,1,0\">~200 W\/h<\/span><\/td>\n<\/tr>\n<tr>\n<td><span data-path-to-node=\"22,11,0,0\"><b>Tipo de unidad\u00a0<\/b><\/span><\/td>\n<td><span data-path-to-node=\"22,11,1,0\">Neum\u00e1tico (Requiere compresor de aire)\u00a0<\/span><\/td>\n<\/tr>\n<tr>\n<td><span data-path-to-node=\"22,12,0,0\"><b>Longitud del pincho\u00a0<\/b><\/span><\/td>\n<td><span data-path-to-node=\"22,12,1,0\">250 \u2013 300 mil\u00edmetros<\/span><\/td>\n<\/tr>\n<tr>\n<td><span data-path-to-node=\"22,13,0,0\"><b>Tama\u00f1o de la carne\u00a0<\/b><\/span><\/td>\n<td><span data-path-to-node=\"22,13,1,0\">Ancho: 12-18 mm; Grosor: 8-15 mm<\/span><\/td>\n<\/tr>\n<\/tbody>\n<\/table>","protected":false},"excerpt":{"rendered":"<p>Revolucione la eficiencia de su cocina comercial Libere sus manos y ampl\u00ede su negocio de barbacoa con nuestra m\u00e1quina de brochetas autom\u00e1tica comercial. Dise\u00f1ada<\/p>","protected":false},"featured_media":1510,"template":"","meta":[],"product_brand":[],"product_cat":[92],"product_tag":[],"class_list":{"0":"post-1509","1":"product","2":"type-product","3":"status-publish","4":"has-post-thumbnail","6":"product_cat-machine","8":"first","9":"instock","10":"shipping-taxable","11":"product-type-external"},"yoast_head":"<!-- This site is optimized with the Yoast SEO Premium plugin v25.8 (Yoast SEO v25.8) - https:\/\/yoast.com\/wordpress\/plugins\/seo\/ -->\n<title>Commercial Automatic Skewer Machine - Goocater<\/title>\n<meta name=\"robots\" content=\"index, follow, max-snippet:-1, max-image-preview:large, max-video-preview:-1\" \/>\n<link rel=\"canonical\" href=\"https:\/\/goocater.com\/es\/producto\/commercial-automatic-skewer-machine-high-efficiency-kebab-maker\/\" \/>\n<meta property=\"og:locale\" content=\"es_ES\" \/>\n<meta property=\"og:type\" content=\"article\" \/>\n<meta property=\"og:title\" content=\"Commercial Automatic Skewer Machine\" \/>\n<meta property=\"og:description\" content=\"Revolutionize Your Commercial Kitchen Efficiency Free your hands and scale your barbecue business with our Commercial Automatic Skewer Machine. Designed\" \/>\n<meta property=\"og:url\" content=\"https:\/\/goocater.com\/es\/producto\/commercial-automatic-skewer-machine-high-efficiency-kebab-maker\/\" \/>\n<meta property=\"og:site_name\" content=\"Goocater\" \/>\n<meta property=\"article:modified_time\" content=\"2025-12-08T17:16:20+00:00\" \/>\n<meta property=\"og:image\" content=\"https:\/\/goocater.com\/wp-content\/uploads\/2025\/12\/\u672a\u6807\u9898-1.jpg\" \/>\n\t<meta property=\"og:image:width\" content=\"2048\" \/>\n\t<meta property=\"og:image:height\" content=\"2048\" \/>\n\t<meta property=\"og:image:type\" content=\"image\/jpeg\" \/>\n<meta name=\"twitter:card\" content=\"summary_large_image\" \/>\n<meta name=\"twitter:label1\" content=\"Tiempo de lectura\" \/>\n\t<meta name=\"twitter:data1\" content=\"2 minutos\" \/>\n<script type=\"application\/ld+json\" class=\"yoast-schema-graph\">{\"@context\":\"https:\/\/schema.org\",\"@graph\":[{\"@type\":\"WebPage\",\"@id\":\"https:\/\/goocater.com\/product\/commercial-automatic-skewer-machine-high-efficiency-kebab-maker\/\",\"url\":\"https:\/\/goocater.com\/product\/commercial-automatic-skewer-machine-high-efficiency-kebab-maker\/\",\"name\":\"Commercial Automatic Skewer Machine - Goocater\",\"isPartOf\":{\"@id\":\"https:\/\/goocater.com\/#website\"},\"primaryImageOfPage\":{\"@id\":\"https:\/\/goocater.com\/product\/commercial-automatic-skewer-machine-high-efficiency-kebab-maker\/#primaryimage\"},\"image\":{\"@id\":\"https:\/\/goocater.com\/product\/commercial-automatic-skewer-machine-high-efficiency-kebab-maker\/#primaryimage\"},\"thumbnailUrl\":\"https:\/\/goocater.com\/wp-content\/uploads\/2025\/12\/\u672a\u6807\u9898-1.jpg\",\"datePublished\":\"2025-12-08T16:02:31+00:00\",\"dateModified\":\"2025-12-08T17:16:20+00:00\",\"breadcrumb\":{\"@id\":\"https:\/\/goocater.com\/product\/commercial-automatic-skewer-machine-high-efficiency-kebab-maker\/#breadcrumb\"},\"inLanguage\":\"es\",\"potentialAction\":[{\"@type\":\"ReadAction\",\"target\":[\"https:\/\/goocater.com\/product\/commercial-automatic-skewer-machine-high-efficiency-kebab-maker\/\"]}]},{\"@type\":\"ImageObject\",\"inLanguage\":\"es\",\"@id\":\"https:\/\/goocater.com\/product\/commercial-automatic-skewer-machine-high-efficiency-kebab-maker\/#primaryimage\",\"url\":\"https:\/\/goocater.com\/wp-content\/uploads\/2025\/12\/\u672a\u6807\u9898-1.jpg\",\"contentUrl\":\"https:\/\/goocater.com\/wp-content\/uploads\/2025\/12\/\u672a\u6807\u9898-1.jpg\",\"width\":2048,\"height\":2048},{\"@type\":\"BreadcrumbList\",\"@id\":\"https:\/\/goocater.com\/product\/commercial-automatic-skewer-machine-high-efficiency-kebab-maker\/#breadcrumb\",\"itemListElement\":[{\"@type\":\"ListItem\",\"position\":1,\"name\":\"Home\",\"item\":\"https:\/\/goocater.com\/\"},{\"@type\":\"ListItem\",\"position\":2,\"name\":\"Products\",\"item\":\"https:\/\/goocater.com\/products\/\"},{\"@type\":\"ListItem\",\"position\":3,\"name\":\"Commercial Automatic Skewer Machine\"}]},{\"@type\":\"WebSite\",\"@id\":\"https:\/\/goocater.com\/#website\",\"url\":\"https:\/\/goocater.com\/\",\"name\":\"Goocater\",\"description\":\"Global Catering Kitchenware Supply Chain - One stop Procurement Platform | Goocater\u200b\",\"potentialAction\":[{\"@type\":\"SearchAction\",\"target\":{\"@type\":\"EntryPoint\",\"urlTemplate\":\"https:\/\/goocater.com\/?s={search_term_string}\"},\"query-input\":{\"@type\":\"PropertyValueSpecification\",\"valueRequired\":true,\"valueName\":\"search_term_string\"}}],\"inLanguage\":\"es\"}]}<\/script>\n<!-- \/ Yoast SEO Premium plugin. -->","yoast_head_json":{"title":"Commercial Automatic Skewer Machine - Goocater","robots":{"index":"index","follow":"follow","max-snippet":"max-snippet:-1","max-image-preview":"max-image-preview:large","max-video-preview":"max-video-preview:-1"},"canonical":"https:\/\/goocater.com\/es\/producto\/commercial-automatic-skewer-machine-high-efficiency-kebab-maker\/","og_locale":"es_ES","og_type":"article","og_title":"Commercial Automatic Skewer Machine","og_description":"Revolutionize Your Commercial Kitchen Efficiency Free your hands and scale your barbecue business with our Commercial Automatic Skewer Machine. Designed","og_url":"https:\/\/goocater.com\/es\/producto\/commercial-automatic-skewer-machine-high-efficiency-kebab-maker\/","og_site_name":"Goocater","article_modified_time":"2025-12-08T17:16:20+00:00","og_image":[{"width":2048,"height":2048,"url":"https:\/\/goocater.com\/wp-content\/uploads\/2025\/12\/\u672a\u6807\u9898-1.jpg","type":"image\/jpeg"}],"twitter_card":"summary_large_image","twitter_misc":{"Tiempo de lectura":"2 minutos"},"schema":{"@context":"https:\/\/schema.org","@graph":[{"@type":"WebPage","@id":"https:\/\/goocater.com\/product\/commercial-automatic-skewer-machine-high-efficiency-kebab-maker\/","url":"https:\/\/goocater.com\/product\/commercial-automatic-skewer-machine-high-efficiency-kebab-maker\/","name":"Commercial Automatic Skewer Machine - Goocater","isPartOf":{"@id":"https:\/\/goocater.com\/#website"},"primaryImageOfPage":{"@id":"https:\/\/goocater.com\/product\/commercial-automatic-skewer-machine-high-efficiency-kebab-maker\/#primaryimage"},"image":{"@id":"https:\/\/goocater.com\/product\/commercial-automatic-skewer-machine-high-efficiency-kebab-maker\/#primaryimage"},"thumbnailUrl":"https:\/\/goocater.com\/wp-content\/uploads\/2025\/12\/\u672a\u6807\u9898-1.jpg","datePublished":"2025-12-08T16:02:31+00:00","dateModified":"2025-12-08T17:16:20+00:00","breadcrumb":{"@id":"https:\/\/goocater.com\/product\/commercial-automatic-skewer-machine-high-efficiency-kebab-maker\/#breadcrumb"},"inLanguage":"es","potentialAction":[{"@type":"ReadAction","target":["https:\/\/goocater.com\/product\/commercial-automatic-skewer-machine-high-efficiency-kebab-maker\/"]}]},{"@type":"ImageObject","inLanguage":"es","@id":"https:\/\/goocater.com\/product\/commercial-automatic-skewer-machine-high-efficiency-kebab-maker\/#primaryimage","url":"https:\/\/goocater.com\/wp-content\/uploads\/2025\/12\/\u672a\u6807\u9898-1.jpg","contentUrl":"https:\/\/goocater.com\/wp-content\/uploads\/2025\/12\/\u672a\u6807\u9898-1.jpg","width":2048,"height":2048},{"@type":"BreadcrumbList","@id":"https:\/\/goocater.com\/product\/commercial-automatic-skewer-machine-high-efficiency-kebab-maker\/#breadcrumb","itemListElement":[{"@type":"ListItem","position":1,"name":"Home","item":"https:\/\/goocater.com\/"},{"@type":"ListItem","position":2,"name":"Products","item":"https:\/\/goocater.com\/products\/"},{"@type":"ListItem","position":3,"name":"Commercial Automatic Skewer Machine"}]},{"@type":"WebSite","@id":"https:\/\/goocater.com\/#website","url":"https:\/\/goocater.com\/","name":"Goocater","description":"Global Catering Kitchenware Supply Chain - One stop Procurement Platform | Goocater\u200b","potentialAction":[{"@type":"SearchAction","target":{"@type":"EntryPoint","urlTemplate":"https:\/\/goocater.com\/?s={search_term_string}"},"query-input":{"@type":"PropertyValueSpecification","valueRequired":true,"valueName":"search_term_string"}}],"inLanguage":"es"}]}},"_links":{"self":[{"href":"https:\/\/goocater.com\/es\/wp-json\/wp\/v2\/product\/1509","targetHints":{"allow":["GET"]}}],"collection":[{"href":"https:\/\/goocater.com\/es\/wp-json\/wp\/v2\/product"}],"about":[{"href":"https:\/\/goocater.com\/es\/wp-json\/wp\/v2\/types\/product"}],"version-history":[{"count":3,"href":"https:\/\/goocater.com\/es\/wp-json\/wp\/v2\/product\/1509\/revisions"}],"predecessor-version":[{"id":1521,"href":"https:\/\/goocater.com\/es\/wp-json\/wp\/v2\/product\/1509\/revisions\/1521"}],"wp:featuredmedia":[{"embeddable":true,"href":"https:\/\/goocater.com\/es\/wp-json\/wp\/v2\/media\/1510"}],"wp:attachment":[{"href":"https:\/\/goocater.com\/es\/wp-json\/wp\/v2\/media?parent=1509"}],"wp:term":[{"taxonomy":"product_brand","embeddable":true,"href":"https:\/\/goocater.com\/es\/wp-json\/wp\/v2\/product_brand?post=1509"},{"taxonomy":"product_cat","embeddable":true,"href":"https:\/\/goocater.com\/es\/wp-json\/wp\/v2\/product_cat?post=1509"},{"taxonomy":"product_tag","embeddable":true,"href":"https:\/\/goocater.com\/es\/wp-json\/wp\/v2\/product_tag?post=1509"}],"curies":[{"name":"wp","href":"https:\/\/api.w.org\/{rel}","templated":true}]}}