{"id":1412,"date":"2025-12-02T03:43:25","date_gmt":"2025-12-02T03:43:25","guid":{"rendered":"https:\/\/goocater.com\/?post_type=product&#038;p=1412"},"modified":"2025-12-08T17:32:34","modified_gmt":"2025-12-08T17:32:34","slug":"fully-automatic-quick-meat-dicing-machine","status":"publish","type":"product","link":"https:\/\/goocater.com\/es\/producto\/fully-automatic-quick-meat-dicing-machine\/","title":{"rendered":"M\u00e1quina cortadora de carne en cubitos totalmente autom\u00e1tica y r\u00e1pida"},"content":{"rendered":"<p>La m\u00e1quina cortadora de carne en cubos totalmente autom\u00e1tica est\u00e1 dise\u00f1ada para un procesamiento eficiente de alimentos, capaz de cortar r\u00e1pidamente carne fresca o ligeramente congelada en cubos uniformes. Fabricada en acero inoxidable de grado alimenticio, garantiza higiene, durabilidad y f\u00e1cil limpieza. Es la soluci\u00f3n ideal para restaurantes, cocinas centrales e instalaciones de procesamiento de carne.<\/p>\n<p>Caracter\u00edsticas y beneficios<\/p>\n<p>1. Corte de alta eficiencia<\/p>\n<ul>\n<li data-start=\"839\" data-end=\"939\">\n<p data-start=\"841\" data-end=\"939\">Capaz de procesar carne fresca y ligeramente congelada de manera eficiente con una producci\u00f3n de <strong data-start=\"924\" data-end=\"936\">150 kilogramos por hora<\/strong>.<\/p>\n<\/li>\n<li data-start=\"940\" data-end=\"990\">\n<p data-start=\"942\" data-end=\"990\">Adecuado para producci\u00f3n continua a gran escala.<\/p>\n<\/li>\n<\/ul>\n<p>2. Tama\u00f1o de corte preciso<\/p>\n<ul>\n<li data-start=\"1084\" data-end=\"1157\">\n<p data-start=\"1086\" data-end=\"1157\">Espesor de corte ajustable para adaptarse a diversos requisitos de procesamiento.<\/p>\n<\/li>\n<li data-start=\"1158\" data-end=\"1229\">\n<p data-start=\"1160\" data-end=\"1229\">El dise\u00f1o especial de la cuchilla garantiza cubos de carne uniformes con superficies lisas.<\/p>\n<\/li>\n<\/ul>\n<p>3.Cuerpo de acero inoxidable de grado alimenticio<\/p>\n<ul>\n<li data-start=\"1333\" data-end=\"1418\">\n<p data-start=\"1335\" data-end=\"1418\">Construido en acero inoxidable de grado alimenticio para mayor higiene y resistencia a la corrosi\u00f3n.<\/p>\n<\/li>\n<li data-start=\"1419\" data-end=\"1479\">\n<p data-start=\"1421\" data-end=\"1479\">Larga vida \u00fatil, adecuado para uso industrial pesado.<\/p>\n<\/li>\n<\/ul>\n<p>4. Puerto de alimentaci\u00f3n grande<\/p>\n<ul>\n<li data-start=\"1563\" data-end=\"1646\">\n<p data-start=\"1565\" data-end=\"1646\">A <strong data-start=\"1567\" data-end=\"1583\">100 \u00d7 100 mm<\/strong> La abertura de alimentaci\u00f3n permite cargar f\u00e1cilmente piezas de carne m\u00e1s grandes.<\/p>\n<\/li>\n<\/ul>\n<p>5. F\u00e1cil operaci\u00f3n y mantenimiento<\/p>\n<ul>\n<li data-start=\"1742\" data-end=\"1807\">\n<p data-start=\"1744\" data-end=\"1807\">Sistema de control con un solo bot\u00f3n para una operaci\u00f3n sencilla e intuitiva.<\/p>\n<\/li>\n<li data-start=\"1808\" data-end=\"1859\">\n<p data-start=\"1810\" data-end=\"1859\">Estructura suave de la m\u00e1quina para una limpieza sin esfuerzo.<\/p>\n<\/li>\n<\/ul>\n<p>&nbsp;<\/p>\n<p><img fetchpriority=\"high\" decoding=\"async\" class=\"aligncenter wp-image-1414\" src=\"https:\/\/goocater.com\/wp-content\/uploads\/2025\/12\/WPS\u56fe\u72470-1.png\" alt=\"\" width=\"476\" height=\"306\" srcset=\"https:\/\/goocater.com\/wp-content\/uploads\/2025\/12\/WPS\u56fe\u72470-1.png 1500w, https:\/\/goocater.com\/wp-content\/uploads\/2025\/12\/WPS\u56fe\u72470-1-150x96.png 150w, https:\/\/goocater.com\/wp-content\/uploads\/2025\/12\/WPS\u56fe\u72470-1-600x386.png 600w, https:\/\/goocater.com\/wp-content\/uploads\/2025\/12\/WPS\u56fe\u72470-1-500x321.png 500w, https:\/\/goocater.com\/wp-content\/uploads\/2025\/12\/WPS\u56fe\u72470-1-1200x771.png 1200w, https:\/\/goocater.com\/wp-content\/uploads\/2025\/12\/WPS\u56fe\u72470-1-300x193.png 300w, https:\/\/goocater.com\/wp-content\/uploads\/2025\/12\/WPS\u56fe\u72470-1-768x494.png 768w, https:\/\/goocater.com\/wp-content\/uploads\/2025\/12\/WPS\u56fe\u72470-1-18x12.png 18w\" sizes=\"(max-width: 476px) 100vw, 476px\" \/><\/p>\n<p>Escenarios de aplicaci\u00f3n<\/p>\n<ul>\n<li data-start=\"1946\" data-end=\"1972\">\n<p data-start=\"1948\" data-end=\"1972\">Plantas procesadoras de carne<\/p>\n<\/li>\n<li data-start=\"1973\" data-end=\"1994\">\n<p data-start=\"1975\" data-end=\"1994\">Cadenas de restaurantes<\/p>\n<\/li>\n<li data-start=\"1995\" data-end=\"2028\">\n<p data-start=\"1997\" data-end=\"2028\">Centros de procesamiento de fr\u00edo-fresco<\/p>\n<\/li>\n<li data-start=\"2029\" data-end=\"2064\">\n<p data-start=\"2031\" data-end=\"2064\">Empresas productoras de platos preparados<\/p>\n<\/li>\n<\/ul>\n<p>Especificaciones t\u00e9cnicas<\/p>\n<p>| Especificaci\u00f3n | Valor |<br \/>\n| &#8212;&#8212;&#8212;&#8212;&#8212;&#8212;&#8212;&#8211;| &#8212;&#8212;&#8212;&#8212;&#8212;&#8212;&#8212;&#8212;&#8212;&#8212;&#8211;|<br \/>\n| Material | Acero inoxidable de grado alimenticio |<br \/>\n| Espesor de corte | Personalizable |<br \/>\n| Puerto de alimentaci\u00f3n | 100\u00d7100 mm |<br \/>\n| Rendimiento | 150 kg\/h |<\/p>\n<p>&nbsp;<\/p>\n<p>&nbsp;<\/p>\n<p>&nbsp;<\/p>","protected":false},"excerpt":{"rendered":"<p>La m\u00e1quina cortadora de carne completamente autom\u00e1tica y r\u00e1pida est\u00e1 dise\u00f1ada para un procesamiento de alimentos eficiente, capaz de cortar r\u00e1pidamente carne fresca o ligeramente<\/p>","protected":false},"featured_media":1413,"template":"","meta":[],"product_brand":[],"product_cat":[92],"product_tag":[101],"class_list":{"0":"post-1412","1":"product","2":"type-product","3":"status-publish","4":"has-post-thumbnail","6":"product_cat-machine","7":"product_tag-more-machine","9":"first","10":"instock","11":"shipping-taxable","12":"product-type-external"},"yoast_head":"<!-- This site is optimized with the Yoast SEO Premium plugin v25.8 (Yoast SEO v25.8) - https:\/\/yoast.com\/wordpress\/plugins\/seo\/ -->\n<title>Fully Automatic Quick Meat Dicing Machine - Goocater<\/title>\n<meta name=\"robots\" content=\"index, follow, max-snippet:-1, max-image-preview:large, max-video-preview:-1\" \/>\n<link rel=\"canonical\" href=\"https:\/\/goocater.com\/es\/producto\/fully-automatic-quick-meat-dicing-machine\/\" \/>\n<meta property=\"og:locale\" content=\"es_ES\" \/>\n<meta property=\"og:type\" content=\"article\" \/>\n<meta property=\"og:title\" content=\"Fully Automatic Quick Meat Dicing Machine\" \/>\n<meta property=\"og:description\" content=\"The Fully Automatic Quick Meat Dicing Machine is engineered for efficient food processing, capable of quickly cutting fresh or slightly\" \/>\n<meta property=\"og:url\" content=\"https:\/\/goocater.com\/es\/producto\/fully-automatic-quick-meat-dicing-machine\/\" \/>\n<meta property=\"og:site_name\" content=\"Goocater\" \/>\n<meta property=\"article:modified_time\" content=\"2025-12-08T17:32:34+00:00\" \/>\n<meta property=\"og:image\" content=\"https:\/\/goocater.com\/wp-content\/uploads\/2025\/12\/WPS\u56fe\u72470.png\" \/>\n\t<meta property=\"og:image:width\" content=\"1500\" \/>\n\t<meta property=\"og:image:height\" content=\"964\" \/>\n\t<meta property=\"og:image:type\" content=\"image\/png\" \/>\n<meta name=\"twitter:card\" content=\"summary_large_image\" \/>\n<meta name=\"twitter:label1\" content=\"Tiempo de lectura\" \/>\n\t<meta name=\"twitter:data1\" content=\"2 minutos\" \/>\n<script type=\"application\/ld+json\" class=\"yoast-schema-graph\">{\"@context\":\"https:\/\/schema.org\",\"@graph\":[{\"@type\":\"WebPage\",\"@id\":\"https:\/\/goocater.com\/product\/fully-automatic-quick-meat-dicing-machine\/\",\"url\":\"https:\/\/goocater.com\/product\/fully-automatic-quick-meat-dicing-machine\/\",\"name\":\"Fully Automatic Quick Meat Dicing Machine - Goocater\",\"isPartOf\":{\"@id\":\"https:\/\/goocater.com\/#website\"},\"primaryImageOfPage\":{\"@id\":\"https:\/\/goocater.com\/product\/fully-automatic-quick-meat-dicing-machine\/#primaryimage\"},\"image\":{\"@id\":\"https:\/\/goocater.com\/product\/fully-automatic-quick-meat-dicing-machine\/#primaryimage\"},\"thumbnailUrl\":\"https:\/\/goocater.com\/wp-content\/uploads\/2025\/12\/WPS\u56fe\u72470.png\",\"datePublished\":\"2025-12-02T03:43:25+00:00\",\"dateModified\":\"2025-12-08T17:32:34+00:00\",\"breadcrumb\":{\"@id\":\"https:\/\/goocater.com\/product\/fully-automatic-quick-meat-dicing-machine\/#breadcrumb\"},\"inLanguage\":\"es\",\"potentialAction\":[{\"@type\":\"ReadAction\",\"target\":[\"https:\/\/goocater.com\/product\/fully-automatic-quick-meat-dicing-machine\/\"]}]},{\"@type\":\"ImageObject\",\"inLanguage\":\"es\",\"@id\":\"https:\/\/goocater.com\/product\/fully-automatic-quick-meat-dicing-machine\/#primaryimage\",\"url\":\"https:\/\/goocater.com\/wp-content\/uploads\/2025\/12\/WPS\u56fe\u72470.png\",\"contentUrl\":\"https:\/\/goocater.com\/wp-content\/uploads\/2025\/12\/WPS\u56fe\u72470.png\",\"width\":1500,\"height\":964},{\"@type\":\"BreadcrumbList\",\"@id\":\"https:\/\/goocater.com\/product\/fully-automatic-quick-meat-dicing-machine\/#breadcrumb\",\"itemListElement\":[{\"@type\":\"ListItem\",\"position\":1,\"name\":\"Home\",\"item\":\"https:\/\/goocater.com\/\"},{\"@type\":\"ListItem\",\"position\":2,\"name\":\"Products\",\"item\":\"https:\/\/goocater.com\/products\/\"},{\"@type\":\"ListItem\",\"position\":3,\"name\":\"Fully Automatic Quick Meat Dicing Machine\"}]},{\"@type\":\"WebSite\",\"@id\":\"https:\/\/goocater.com\/#website\",\"url\":\"https:\/\/goocater.com\/\",\"name\":\"Goocater\",\"description\":\"Global Catering Kitchenware Supply Chain - One stop Procurement Platform | Goocater\u200b\",\"potentialAction\":[{\"@type\":\"SearchAction\",\"target\":{\"@type\":\"EntryPoint\",\"urlTemplate\":\"https:\/\/goocater.com\/?s={search_term_string}\"},\"query-input\":{\"@type\":\"PropertyValueSpecification\",\"valueRequired\":true,\"valueName\":\"search_term_string\"}}],\"inLanguage\":\"es\"}]}<\/script>\n<!-- \/ Yoast SEO Premium plugin. -->","yoast_head_json":{"title":"Fully Automatic Quick Meat Dicing Machine - Goocater","robots":{"index":"index","follow":"follow","max-snippet":"max-snippet:-1","max-image-preview":"max-image-preview:large","max-video-preview":"max-video-preview:-1"},"canonical":"https:\/\/goocater.com\/es\/producto\/fully-automatic-quick-meat-dicing-machine\/","og_locale":"es_ES","og_type":"article","og_title":"Fully Automatic Quick Meat Dicing Machine","og_description":"The Fully Automatic Quick Meat Dicing Machine is engineered for efficient food processing, capable of quickly cutting fresh or slightly","og_url":"https:\/\/goocater.com\/es\/producto\/fully-automatic-quick-meat-dicing-machine\/","og_site_name":"Goocater","article_modified_time":"2025-12-08T17:32:34+00:00","og_image":[{"width":1500,"height":964,"url":"https:\/\/goocater.com\/wp-content\/uploads\/2025\/12\/WPS\u56fe\u72470.png","type":"image\/png"}],"twitter_card":"summary_large_image","twitter_misc":{"Tiempo de lectura":"2 minutos"},"schema":{"@context":"https:\/\/schema.org","@graph":[{"@type":"WebPage","@id":"https:\/\/goocater.com\/product\/fully-automatic-quick-meat-dicing-machine\/","url":"https:\/\/goocater.com\/product\/fully-automatic-quick-meat-dicing-machine\/","name":"Fully Automatic Quick Meat Dicing Machine - Goocater","isPartOf":{"@id":"https:\/\/goocater.com\/#website"},"primaryImageOfPage":{"@id":"https:\/\/goocater.com\/product\/fully-automatic-quick-meat-dicing-machine\/#primaryimage"},"image":{"@id":"https:\/\/goocater.com\/product\/fully-automatic-quick-meat-dicing-machine\/#primaryimage"},"thumbnailUrl":"https:\/\/goocater.com\/wp-content\/uploads\/2025\/12\/WPS\u56fe\u72470.png","datePublished":"2025-12-02T03:43:25+00:00","dateModified":"2025-12-08T17:32:34+00:00","breadcrumb":{"@id":"https:\/\/goocater.com\/product\/fully-automatic-quick-meat-dicing-machine\/#breadcrumb"},"inLanguage":"es","potentialAction":[{"@type":"ReadAction","target":["https:\/\/goocater.com\/product\/fully-automatic-quick-meat-dicing-machine\/"]}]},{"@type":"ImageObject","inLanguage":"es","@id":"https:\/\/goocater.com\/product\/fully-automatic-quick-meat-dicing-machine\/#primaryimage","url":"https:\/\/goocater.com\/wp-content\/uploads\/2025\/12\/WPS\u56fe\u72470.png","contentUrl":"https:\/\/goocater.com\/wp-content\/uploads\/2025\/12\/WPS\u56fe\u72470.png","width":1500,"height":964},{"@type":"BreadcrumbList","@id":"https:\/\/goocater.com\/product\/fully-automatic-quick-meat-dicing-machine\/#breadcrumb","itemListElement":[{"@type":"ListItem","position":1,"name":"Home","item":"https:\/\/goocater.com\/"},{"@type":"ListItem","position":2,"name":"Products","item":"https:\/\/goocater.com\/products\/"},{"@type":"ListItem","position":3,"name":"Fully Automatic Quick Meat Dicing Machine"}]},{"@type":"WebSite","@id":"https:\/\/goocater.com\/#website","url":"https:\/\/goocater.com\/","name":"Goocater","description":"Global Catering Kitchenware Supply Chain - One stop Procurement Platform | Goocater\u200b","potentialAction":[{"@type":"SearchAction","target":{"@type":"EntryPoint","urlTemplate":"https:\/\/goocater.com\/?s={search_term_string}"},"query-input":{"@type":"PropertyValueSpecification","valueRequired":true,"valueName":"search_term_string"}}],"inLanguage":"es"}]}},"_links":{"self":[{"href":"https:\/\/goocater.com\/es\/wp-json\/wp\/v2\/product\/1412","targetHints":{"allow":["GET"]}}],"collection":[{"href":"https:\/\/goocater.com\/es\/wp-json\/wp\/v2\/product"}],"about":[{"href":"https:\/\/goocater.com\/es\/wp-json\/wp\/v2\/types\/product"}],"version-history":[{"count":1,"href":"https:\/\/goocater.com\/es\/wp-json\/wp\/v2\/product\/1412\/revisions"}],"predecessor-version":[{"id":1415,"href":"https:\/\/goocater.com\/es\/wp-json\/wp\/v2\/product\/1412\/revisions\/1415"}],"wp:featuredmedia":[{"embeddable":true,"href":"https:\/\/goocater.com\/es\/wp-json\/wp\/v2\/media\/1413"}],"wp:attachment":[{"href":"https:\/\/goocater.com\/es\/wp-json\/wp\/v2\/media?parent=1412"}],"wp:term":[{"taxonomy":"product_brand","embeddable":true,"href":"https:\/\/goocater.com\/es\/wp-json\/wp\/v2\/product_brand?post=1412"},{"taxonomy":"product_cat","embeddable":true,"href":"https:\/\/goocater.com\/es\/wp-json\/wp\/v2\/product_cat?post=1412"},{"taxonomy":"product_tag","embeddable":true,"href":"https:\/\/goocater.com\/es\/wp-json\/wp\/v2\/product_tag?post=1412"}],"curies":[{"name":"wp","href":"https:\/\/api.w.org\/{rel}","templated":true}]}}