{"id":1025,"date":"2025-10-14T12:34:20","date_gmt":"2025-10-14T12:34:20","guid":{"rendered":"https:\/\/goocater.com\/?post_type=product&#038;p=1025"},"modified":"2025-12-08T17:42:26","modified_gmt":"2025-12-08T17:42:26","slug":"xj700a","status":"publish","type":"product","link":"https:\/\/goocater.com\/es\/producto\/xj700a\/","title":{"rendered":"Cortadora de carne fresca multifuncional comercial"},"content":{"rendered":"<p><strong>Descripci\u00f3n general del producto<\/strong><\/p>\n<p>Revolucione la eficiencia de su cocina con ingenier\u00eda de precisi\u00f3n<\/p>\n<p><span data-path-to-node=\"6,0\">La XJ-700A no es solo una m\u00e1quina; es su aliado m\u00e1s confiable en la cocina. Dise\u00f1ada espec\u00edficamente para la exigente industria de la restauraci\u00f3n, esta cortadora de carne de alta resistencia combina alta velocidad con precisi\u00f3n artesanal. <\/span><span data-path-to-node=\"6,2\"><span class=\"citation-119\">Ya sea que se trate de una cadena de ollas calientes, una cocina central o un supermercado concurrido, el XJ-700A ofrece cortes uniformes, reduce los costos de mano de obra y garantiza que se cumplan los est\u00e1ndares de seguridad alimentaria en todo momento.<\/span><\/span><\/p>\n<p><strong>Caracter\u00edsticas y beneficios clave<\/strong><\/p>\n<p><strong>Productividad y eficiencia inigualables<\/strong><\/p>\n<ul>\n<li>\n<p data-path-to-node=\"12,0,0\"><span data-path-to-node=\"12,0,0,0\"><b>Reemplaza de 5 a 8 trabajadores calificados:<\/b> Capaz de procesar <b>150-250 kg de carne por hora<\/b>. <\/span><span data-path-to-node=\"12,0,0,2\"><span class=\"citation-117\">Esta m\u00e1quina hace el trabajo de un equipo completo, lo que le permite reasignar al personal a tareas de mayor valor. <\/span><\/span><\/p>\n<\/li>\n<li>\n<p data-path-to-node=\"12,1,1\"><span data-path-to-node=\"12,1,1,0\"><b><span class=\"citation-116\">Retorno r\u00e1pido de la inversi\u00f3n:<\/span><\/b><span class=\"citation-116\"> En regiones con altos costos laborales (como Europa y Am\u00e9rica del Norte), la inversi\u00f3n se puede recuperar en tan solo <\/span><b><span class=\"citation-116\">3-6 meses<\/span><\/b><span class=\"citation-116\"> S\u00f3lo a trav\u00e9s del ahorro en mano de obra. <\/span><\/span><\/p>\n<\/li>\n<\/ul>\n<p data-path-to-node=\"12,1,1\"><strong>Tecnolog\u00eda de corte superior y durabilidad<\/strong><\/p>\n<ul>\n<li>\n<p data-path-to-node=\"15,0,0\"><span data-path-to-node=\"15,0,0,0\"><b>Cuchillas especiales de acero con alto contenido de carbono importadas:<\/b> Forjado con tratamiento de temperatura ultrabaja y rectificado de precisi\u00f3n. <\/span><span data-path-to-node=\"15,0,0,2\"><span class=\"citation-113\">Estas cuchillas son extremadamente afiladas, resistentes y lo suficientemente duraderas para manipular carne dura congelada (de -4 \u00b0C a -18 \u00b0C) sin atascarse. <\/span><\/span><\/p>\n<\/li>\n<li>\n<p data-path-to-node=\"15,1,1\"><span data-path-to-node=\"15,1,1,0\"><b><span class=\"citation-112\">Sistema de gu\u00eda de precisi\u00f3n:<\/span><\/b><span class=\"citation-112\"> Cuenta con un sistema de propulsi\u00f3n de tornillo de bola de precisi\u00f3n dual que garantiza que cada rebanada, tira o dado tenga un grosor uniforme, sin restos ni roturas.<\/span><\/span><\/p>\n<\/li>\n<\/ul>\n<p>&nbsp;<\/p>\n<p><strong>Seguridad alimentaria y construcci\u00f3n premium<\/strong><\/p>\n<ul>\n<li>\n<p data-path-to-node=\"18,0,1\"><span data-path-to-node=\"18,0,1,0\"><b><span class=\"citation-109\">Acero inoxidable 304 de grado alimenticio:<\/span><\/b><span class=\"citation-109\"> El cuerpo principal es resistente a la corrosi\u00f3n, a prueba de \u00f3xido y f\u00e1cil de limpiar, cumpliendo totalmente con los estrictos est\u00e1ndares de seguridad alimentaria. <\/span><\/span><\/p>\n<\/li>\n<li>\n<p data-path-to-node=\"18,1,0\"><span data-path-to-node=\"18,1,0,0\"><b>Optimizaci\u00f3n de la higiene:<\/b> El sistema de transmisi\u00f3n interna utiliza grasa de grado alimenticio para evitar la contaminaci\u00f3n. <\/span><span data-path-to-node=\"18,1,0,2\"><span class=\"citation-108\">La estructura est\u00e1 dise\u00f1ada para un f\u00e1cil lavado y desinfecci\u00f3n. <\/span><\/span><\/p>\n<\/li>\n<li>\n<p data-path-to-node=\"18,2,1\"><span data-path-to-node=\"18,2,1,0\"><b><span class=\"citation-107\">Dise\u00f1o ecol\u00f3gico:<\/span><\/b><span class=\"citation-107\"> El 90% de los materiales es reciclable (cumple con la normativa RoHS) y el motor inversor de bajo consumo energ\u00e9tico reduce el consumo de energ\u00eda en ~20%.<\/span><\/span><\/p>\n<\/li>\n<\/ul>\n<p>&nbsp;<\/p>\n<p><strong>Operaci\u00f3n f\u00e1cil de usar<\/strong><\/p>\n<ul>\n<li>\n<p data-path-to-node=\"21,0,0\"><span data-path-to-node=\"21,0,0,0\"><b>Control intuitivo:<\/b> Equipado con una pantalla digital LED que muestra el espesor y la velocidad de corte. <\/span><span data-path-to-node=\"21,0,0,2\"><span class=\"citation-103\">Suficientemente simple para que un principiante lo domine en 10 minutos. <\/span><\/span><\/p>\n<\/li>\n<li>\n<p data-path-to-node=\"21,1,1\"><span data-path-to-node=\"21,1,1,0\"><b><span class=\"citation-102\">Seguridad ante todo:<\/span><\/b><span class=\"citation-102\"> Cuenta con una protecci\u00f3n de PVC transparente para mayor visibilidad y protecci\u00f3n, adem\u00e1s de un destacado bot\u00f3n de parada de emergencia con forma de cabeza de hongo rojo para un apagado inmediato.<\/span><\/span><\/p>\n<\/li>\n<\/ul>\n<p>&nbsp;<\/p>\n<table data-path-to-node=\"24\">\n<thead>\n<tr>\n<td><strong>Caracter\u00edstica\u00a0<\/strong><\/td>\n<td><strong>Especificaci\u00f3n\u00a0<\/strong><\/td>\n<td><strong>\u00a0<\/strong><\/td>\n<\/tr>\n<\/thead>\n<tbody>\n<tr>\n<td><span data-path-to-node=\"24,1,0,0\"><b>Modelo\u00a0<\/b><\/span><\/td>\n<td>\n<p data-path-to-node=\"24,1,1,0\"><span data-path-to-node=\"24,1,1,0,1\"><span class=\"citation-99\">XJ-700A<\/span><\/span><\/p>\n<\/td>\n<td><\/td>\n<\/tr>\n<tr>\n<td><span data-path-to-node=\"24,2,0,0\"><b>Dimensiones\u00a0<\/b><\/span><\/td>\n<td>\n<p data-path-to-node=\"24,2,1,0\"><span data-path-to-node=\"24,2,1,0,1\"><span class=\"citation-98\">750 mm (largo) \u00d7 480 mm (ancho) \u00d7 380 mm (alto)<\/span><\/span><\/p>\n<\/td>\n<td><\/td>\n<\/tr>\n<tr>\n<td><span data-path-to-node=\"24,3,0,0\"><b>Peso neto\u00a0<\/b><\/span><\/td>\n<td>\n<p data-path-to-node=\"24,3,1,0\"><span data-path-to-node=\"24,3,1,0,1\"><span class=\"citation-97\">68 kilos<\/span><\/span><\/p>\n<\/td>\n<td><\/td>\n<\/tr>\n<tr>\n<td><span data-path-to-node=\"24,4,0,0\"><b>Potencia del motor\u00a0<\/b><\/span><\/td>\n<td>\n<p data-path-to-node=\"24,4,1,0\"><span data-path-to-node=\"24,4,1,0,1\"><span class=\"citation-96\">750 W \u2013 1100 W (cable de cobre de alta resistencia)<\/span><\/span><\/p>\n<\/td>\n<td><\/td>\n<\/tr>\n<tr>\n<td><span data-path-to-node=\"24,5,0,0\"><b>Voltaje\u00a0<\/b><\/span><\/td>\n<td>\n<p data-path-to-node=\"24,5,1,0\"><span data-path-to-node=\"24,5,1,0,1\"><span class=\"citation-95\">Personalizable: 110 V\/60 Hz o 220-240 V\/50 Hz<\/span><\/span><\/p>\n<\/td>\n<td><\/td>\n<\/tr>\n<tr>\n<td><span data-path-to-node=\"24,6,0,0\"><b>Capacidad de producci\u00f3n\u00a0<\/b><\/span><\/td>\n<td>\n<p data-path-to-node=\"24,6,1,0\"><span data-path-to-node=\"24,6,1,0,1\"><span class=\"citation-94\">150 \u2013 250 kg\/hora<\/span><\/span><\/p>\n<\/td>\n<td><\/td>\n<\/tr>\n<tr>\n<td><span data-path-to-node=\"24,7,0,0\"><b>Material\u00a0<\/b><\/span><\/td>\n<td>\n<p data-path-to-node=\"24,7,1,0\"><span data-path-to-node=\"24,7,1,0,1\"><span class=\"citation-93\">Cuerpo de acero inoxidable 304, carcasa de pl\u00e1stico de ingenier\u00eda<\/span><\/span><\/p>\n<\/td>\n<td><\/td>\n<\/tr>\n<tr>\n<td><span data-path-to-node=\"24,8,0,0\"><b>Tama\u00f1o de la bandeja\u00a0<\/b><\/span><\/td>\n<td>\n<p data-path-to-node=\"24,8,1,0\"><span data-path-to-node=\"24,8,1,0,1\"><span class=\"citation-92\">Est\u00e1ndar 450 mm (opciones ampliadas disponibles)<\/span><\/span><\/p>\n<\/td>\n<td><\/td>\n<\/tr>\n<\/tbody>\n<\/table>\n<h2 data-path-to-node=\"26\"><\/h2>\n<h2 data-path-to-node=\"26\">Aplicaciones ideales<\/h2>\n<ul>\n<li>\n<p data-path-to-node=\"27,0,1\"><span data-path-to-node=\"27,0,1,0\"><b><span class=\"citation-91\">Cadenas de Hot Pot y BBQ:<\/span><\/b><span class=\"citation-91\"> Para rebanadas y rollos de carne estandarizados. <\/span><\/span><\/p>\n<\/li>\n<li>\n<p data-path-to-node=\"27,1,1\"><span data-path-to-node=\"27,1,1,0\"><b><span class=\"citation-90\">Cocinas centrales:<\/span><\/b><span class=\"citation-90\"> Para preprocesamiento de ingredientes a gran escala. <\/span><\/span><\/p>\n<\/li>\n<li>\n<p data-path-to-node=\"27,2,1\"><span data-path-to-node=\"27,2,1,0\"><b><span class=\"citation-89\">Restaurantes chinos en el extranjero:<\/span><\/b><span class=\"citation-89\"> Soluci\u00f3n a los problemas de escasez de mano de obra y salarios altos. <\/span><\/span><\/p>\n<\/li>\n<li>\n<p data-path-to-node=\"27,3,1\"><span data-path-to-node=\"27,3,1,0\"><b><span class=\"citation-88\">Supermercados y mercados de productos frescos:<\/span><\/b><span class=\"citation-88\"> Carne reci\u00e9n cortada a pedido. <\/span><\/span><\/p>\n<\/li>\n<\/ul>","protected":false},"excerpt":{"rendered":"<p>M\u00e1quina totalmente autom\u00e1tica\/M\u00e1quina de carne fresca\/Cortadora de carne\/Cortadora de cubos\/Cortadora de carne fresca totalmente autom\u00e1tica<\/p>\n<p>Ahorro de mano de obra; mejora la eficiencia; ahorro de tiempo y mano de obra; conveniente y eficiente<\/p>","protected":false},"featured_media":1223,"template":"","meta":[],"product_brand":[],"product_cat":[92],"product_tag":[100],"class_list":{"0":"post-1025","1":"product","2":"type-product","3":"status-publish","4":"has-post-thumbnail","6":"product_cat-machine","7":"product_tag-popular-product","9":"first","10":"instock","11":"sold-individually","12":"shipping-taxable","13":"product-type-external"},"yoast_head":"<!-- This site is optimized with the Yoast SEO Premium plugin v25.8 (Yoast SEO v25.8) - https:\/\/yoast.com\/wordpress\/plugins\/seo\/ -->\n<title>Commercial Multi-functional Fresh Meat Dicer - Goocater<\/title>\n<meta name=\"robots\" content=\"index, follow, max-snippet:-1, max-image-preview:large, max-video-preview:-1\" \/>\n<link rel=\"canonical\" href=\"https:\/\/goocater.com\/es\/producto\/xj700a\/\" \/>\n<meta property=\"og:locale\" content=\"es_ES\" \/>\n<meta property=\"og:type\" content=\"article\" \/>\n<meta property=\"og:title\" content=\"Commercial Multi-functional Fresh Meat Dicer\" \/>\n<meta property=\"og:description\" content=\"fully automatic machine\/Fresh meat machine\/meat slicer\/Dicer\/Fully automatic fresh meat slicer  labor-saving\uff1bimprove efficiency\uff1btime-saving and labor-saving\uff1bconvenient and efficient\" \/>\n<meta property=\"og:url\" content=\"https:\/\/goocater.com\/es\/producto\/xj700a\/\" \/>\n<meta property=\"og:site_name\" content=\"Goocater\" \/>\n<meta property=\"article:modified_time\" content=\"2025-12-08T17:42:26+00:00\" \/>\n<meta property=\"og:image\" content=\"https:\/\/goocater.com\/wp-content\/uploads\/2025\/10\/19826505595674992641128351.jpg\" \/>\n\t<meta property=\"og:image:width\" content=\"330\" \/>\n\t<meta property=\"og:image:height\" content=\"330\" \/>\n\t<meta property=\"og:image:type\" content=\"image\/jpeg\" \/>\n<meta name=\"twitter:card\" content=\"summary_large_image\" \/>\n<meta name=\"twitter:label1\" content=\"Tiempo de lectura\" \/>\n\t<meta name=\"twitter:data1\" content=\"2 minutos\" \/>\n<script type=\"application\/ld+json\" class=\"yoast-schema-graph\">{\"@context\":\"https:\/\/schema.org\",\"@graph\":[{\"@type\":\"WebPage\",\"@id\":\"https:\/\/goocater.com\/product\/xj700a\/\",\"url\":\"https:\/\/goocater.com\/product\/xj700a\/\",\"name\":\"Commercial Multi-functional Fresh Meat Dicer - Goocater\",\"isPartOf\":{\"@id\":\"https:\/\/goocater.com\/#website\"},\"primaryImageOfPage\":{\"@id\":\"https:\/\/goocater.com\/product\/xj700a\/#primaryimage\"},\"image\":{\"@id\":\"https:\/\/goocater.com\/product\/xj700a\/#primaryimage\"},\"thumbnailUrl\":\"https:\/\/goocater.com\/wp-content\/uploads\/2025\/10\/19826505595674992641128351.jpg\",\"datePublished\":\"2025-10-14T12:34:20+00:00\",\"dateModified\":\"2025-12-08T17:42:26+00:00\",\"breadcrumb\":{\"@id\":\"https:\/\/goocater.com\/product\/xj700a\/#breadcrumb\"},\"inLanguage\":\"es\",\"potentialAction\":[{\"@type\":\"ReadAction\",\"target\":[\"https:\/\/goocater.com\/product\/xj700a\/\"]}]},{\"@type\":\"ImageObject\",\"inLanguage\":\"es\",\"@id\":\"https:\/\/goocater.com\/product\/xj700a\/#primaryimage\",\"url\":\"https:\/\/goocater.com\/wp-content\/uploads\/2025\/10\/19826505595674992641128351.jpg\",\"contentUrl\":\"https:\/\/goocater.com\/wp-content\/uploads\/2025\/10\/19826505595674992641128351.jpg\",\"width\":330,\"height\":330},{\"@type\":\"BreadcrumbList\",\"@id\":\"https:\/\/goocater.com\/product\/xj700a\/#breadcrumb\",\"itemListElement\":[{\"@type\":\"ListItem\",\"position\":1,\"name\":\"Home\",\"item\":\"https:\/\/goocater.com\/\"},{\"@type\":\"ListItem\",\"position\":2,\"name\":\"Products\",\"item\":\"https:\/\/goocater.com\/products\/\"},{\"@type\":\"ListItem\",\"position\":3,\"name\":\"Commercial Multi-functional Fresh Meat Dicer\"}]},{\"@type\":\"WebSite\",\"@id\":\"https:\/\/goocater.com\/#website\",\"url\":\"https:\/\/goocater.com\/\",\"name\":\"Goocater\",\"description\":\"Global Catering Kitchenware Supply Chain - One stop Procurement Platform | Goocater\u200b\",\"potentialAction\":[{\"@type\":\"SearchAction\",\"target\":{\"@type\":\"EntryPoint\",\"urlTemplate\":\"https:\/\/goocater.com\/?s={search_term_string}\"},\"query-input\":{\"@type\":\"PropertyValueSpecification\",\"valueRequired\":true,\"valueName\":\"search_term_string\"}}],\"inLanguage\":\"es\"}]}<\/script>\n<!-- \/ Yoast SEO Premium plugin. -->","yoast_head_json":{"title":"Commercial Multi-functional Fresh Meat Dicer - Goocater","robots":{"index":"index","follow":"follow","max-snippet":"max-snippet:-1","max-image-preview":"max-image-preview:large","max-video-preview":"max-video-preview:-1"},"canonical":"https:\/\/goocater.com\/es\/producto\/xj700a\/","og_locale":"es_ES","og_type":"article","og_title":"Commercial Multi-functional Fresh Meat Dicer","og_description":"fully automatic machine\/Fresh meat machine\/meat slicer\/Dicer\/Fully automatic fresh meat slicer  labor-saving\uff1bimprove efficiency\uff1btime-saving and labor-saving\uff1bconvenient and efficient","og_url":"https:\/\/goocater.com\/es\/producto\/xj700a\/","og_site_name":"Goocater","article_modified_time":"2025-12-08T17:42:26+00:00","og_image":[{"width":330,"height":330,"url":"https:\/\/goocater.com\/wp-content\/uploads\/2025\/10\/19826505595674992641128351.jpg","type":"image\/jpeg"}],"twitter_card":"summary_large_image","twitter_misc":{"Tiempo de lectura":"2 minutos"},"schema":{"@context":"https:\/\/schema.org","@graph":[{"@type":"WebPage","@id":"https:\/\/goocater.com\/product\/xj700a\/","url":"https:\/\/goocater.com\/product\/xj700a\/","name":"Commercial Multi-functional Fresh Meat Dicer - Goocater","isPartOf":{"@id":"https:\/\/goocater.com\/#website"},"primaryImageOfPage":{"@id":"https:\/\/goocater.com\/product\/xj700a\/#primaryimage"},"image":{"@id":"https:\/\/goocater.com\/product\/xj700a\/#primaryimage"},"thumbnailUrl":"https:\/\/goocater.com\/wp-content\/uploads\/2025\/10\/19826505595674992641128351.jpg","datePublished":"2025-10-14T12:34:20+00:00","dateModified":"2025-12-08T17:42:26+00:00","breadcrumb":{"@id":"https:\/\/goocater.com\/product\/xj700a\/#breadcrumb"},"inLanguage":"es","potentialAction":[{"@type":"ReadAction","target":["https:\/\/goocater.com\/product\/xj700a\/"]}]},{"@type":"ImageObject","inLanguage":"es","@id":"https:\/\/goocater.com\/product\/xj700a\/#primaryimage","url":"https:\/\/goocater.com\/wp-content\/uploads\/2025\/10\/19826505595674992641128351.jpg","contentUrl":"https:\/\/goocater.com\/wp-content\/uploads\/2025\/10\/19826505595674992641128351.jpg","width":330,"height":330},{"@type":"BreadcrumbList","@id":"https:\/\/goocater.com\/product\/xj700a\/#breadcrumb","itemListElement":[{"@type":"ListItem","position":1,"name":"Home","item":"https:\/\/goocater.com\/"},{"@type":"ListItem","position":2,"name":"Products","item":"https:\/\/goocater.com\/products\/"},{"@type":"ListItem","position":3,"name":"Commercial Multi-functional Fresh Meat Dicer"}]},{"@type":"WebSite","@id":"https:\/\/goocater.com\/#website","url":"https:\/\/goocater.com\/","name":"Goocater","description":"Global Catering Kitchenware Supply Chain - One stop Procurement Platform | Goocater\u200b","potentialAction":[{"@type":"SearchAction","target":{"@type":"EntryPoint","urlTemplate":"https:\/\/goocater.com\/?s={search_term_string}"},"query-input":{"@type":"PropertyValueSpecification","valueRequired":true,"valueName":"search_term_string"}}],"inLanguage":"es"}]}},"_links":{"self":[{"href":"https:\/\/goocater.com\/es\/wp-json\/wp\/v2\/product\/1025","targetHints":{"allow":["GET"]}}],"collection":[{"href":"https:\/\/goocater.com\/es\/wp-json\/wp\/v2\/product"}],"about":[{"href":"https:\/\/goocater.com\/es\/wp-json\/wp\/v2\/types\/product"}],"version-history":[{"count":5,"href":"https:\/\/goocater.com\/es\/wp-json\/wp\/v2\/product\/1025\/revisions"}],"predecessor-version":[{"id":1531,"href":"https:\/\/goocater.com\/es\/wp-json\/wp\/v2\/product\/1025\/revisions\/1531"}],"wp:featuredmedia":[{"embeddable":true,"href":"https:\/\/goocater.com\/es\/wp-json\/wp\/v2\/media\/1223"}],"wp:attachment":[{"href":"https:\/\/goocater.com\/es\/wp-json\/wp\/v2\/media?parent=1025"}],"wp:term":[{"taxonomy":"product_brand","embeddable":true,"href":"https:\/\/goocater.com\/es\/wp-json\/wp\/v2\/product_brand?post=1025"},{"taxonomy":"product_cat","embeddable":true,"href":"https:\/\/goocater.com\/es\/wp-json\/wp\/v2\/product_cat?post=1025"},{"taxonomy":"product_tag","embeddable":true,"href":"https:\/\/goocater.com\/es\/wp-json\/wp\/v2\/product_tag?post=1025"}],"curies":[{"name":"wp","href":"https:\/\/api.w.org\/{rel}","templated":true}]}}