{"id":1475,"date":"2025-12-07T10:46:42","date_gmt":"2025-12-07T10:46:42","guid":{"rendered":"https:\/\/goocater.com\/?page_id=1475"},"modified":"2025-12-07T10:48:30","modified_gmt":"2025-12-07T10:48:30","slug":"warranty-after-sales-policy","status":"publish","type":"page","link":"https:\/\/goocater.com\/es\/warranty-after-sales-policy\/","title":{"rendered":"Pol\u00edtica de garant\u00eda y posventa"},"content":{"rendered":"<div data-elementor-type=\"wp-page\" data-elementor-id=\"1475\" class=\"elementor elementor-1475\">\n\t\t\t\t<div class=\"wd-negative-gap elementor-element elementor-element-05fbd51 e-flex e-con-boxed e-con e-parent\" data-id=\"05fbd51\" data-element_type=\"container\">\n\t\t\t\t\t<div class=\"e-con-inner\">\n\t\t\t\t<div class=\"elementor-element elementor-element-6e452cb elementor-widget elementor-widget-heading\" data-id=\"6e452cb\" data-element_type=\"widget\" data-widget_type=\"heading.default\">\n\t\t\t\t\t<h2 class=\"elementor-heading-title elementor-size-default\">Pol\u00edtica de garant\u00eda y posventa<\/h2>\t\t\t\t<\/div>\n\t\t\t\t<div class=\"elementor-element elementor-element-edb06ee color-scheme-inherit text-left elementor-widget elementor-widget-text-editor\" data-id=\"edb06ee\" data-element_type=\"widget\" data-widget_type=\"text-editor.default\">\n\t\t\t\t\t\t\t\t\t<ol><li><b><\/b><h5><strong><b>Per\u00edodo de inspecci\u00f3n<\/b><\/strong><\/h5><\/li><\/ol><h5>Tras recibir la mercanc\u00eda, el comprador dispone de [7-14] d\u00edas para inspeccionar la calidad y la cantidad. Si encuentra alguna discrepancia o defecto, le rogamos que nos lo notifique dentro de este plazo.<\/h5><ol start=\"2\"><li><h5><b><\/b><strong><b>Garant\u00eda de calidad<\/b><\/strong><\/h5><\/li><\/ol><h5>Garantizamos la calidad de nuestros productos. Si encuentra alg\u00fan producto defectuoso debido a defectos de fabricaci\u00f3n:<\/h5><h5>Reemplazaremos los art\u00edculos defectuosos en el pr\u00f3ximo env\u00edo.<\/h5><h5>O le proporcionaremos un reembolso\/cr\u00e9dito por el valor defectuoso.<\/h5><h5><em><i>Nota: Se requieren fotograf\u00edas o videos de los defectos para que nuestro equipo de ingenier\u00eda los analice.<\/i><\/em><\/h5><ol start=\"3\"><li><h5><b><\/b><strong><b>Art\u00edculos no retornables<\/b><\/strong><\/h5><\/li><\/ol><h5>Dado que nuestros productos a menudo se personalizan para pedidos B2B, no aceptamos devoluciones por motivos de no calidad (por ejemplo, cambio de opini\u00f3n) una vez que se ha iniciado la producci\u00f3n o se han entregado los productos, a menos que se acuerde lo contrario por escrito.<\/h5><ol start=\"4\"><li><h5><b><\/b><strong><b>Pedidos de muestra<\/b><\/strong><\/h5><\/li><\/ol><h5>Para pedidos de muestra, si no est\u00e1 satisfecho con la calidad, el costo de la muestra (excluyendo el env\u00edo) puede ser reembolsable o deducible de su pedido oficial al por mayor.<\/h5><h5>\u00a0<\/h5>\t\t\t\t\t\t\t\t<\/div>\n\t\t\t\t\t<\/div>\n\t\t\t\t<\/div>\n\t\t\t\t<\/div>","protected":false},"excerpt":{"rendered":"<p>Garant\u00eda y pol\u00edtica de posventa Periodo de inspecci\u00f3n Al recibir la mercanc\u00eda, el comprador tiene [7-14] d\u00edas para inspeccionar la calidad y<\/p>","protected":false},"author":1,"featured_media":0,"parent":0,"menu_order":0,"comment_status":"closed","ping_status":"closed","template":"","meta":{"footnotes":""},"class_list":["post-1475","page","type-page","status-publish","hentry"],"yoast_head":"<!-- This site is optimized with the Yoast SEO Premium plugin v25.8 (Yoast SEO v25.8) - https:\/\/yoast.com\/wordpress\/plugins\/seo\/ -->\n<title>Warranty &amp; After-Sales Policy - Goocater<\/title>\n<meta name=\"robots\" content=\"index, follow, max-snippet:-1, max-image-preview:large, max-video-preview:-1\" \/>\n<link rel=\"canonical\" href=\"https:\/\/goocater.com\/es\/warranty-after-sales-policy\/\" \/>\n<meta property=\"og:locale\" content=\"es_ES\" \/>\n<meta property=\"og:type\" content=\"article\" \/>\n<meta property=\"og:title\" content=\"Warranty &amp; After-Sales Policy\" \/>\n<meta property=\"og:description\" content=\"Warranty &amp; After-Sales Policy Inspection Period Upon receiving the goods, the buyer has [7-14] days to inspect the quality and\" \/>\n<meta property=\"og:url\" content=\"https:\/\/goocater.com\/es\/warranty-after-sales-policy\/\" \/>\n<meta property=\"og:site_name\" content=\"Goocater\" \/>\n<meta property=\"article:modified_time\" content=\"2025-12-07T10:48:30+00:00\" \/>\n<meta name=\"twitter:card\" content=\"summary_large_image\" \/>\n<meta name=\"twitter:label1\" content=\"Tiempo de lectura\" \/>\n\t<meta name=\"twitter:data1\" content=\"1 minuto\" \/>\n<script type=\"application\/ld+json\" class=\"yoast-schema-graph\">{\"@context\":\"https:\/\/schema.org\",\"@graph\":[{\"@type\":\"WebPage\",\"@id\":\"https:\/\/goocater.com\/warranty-after-sales-policy\/\",\"url\":\"https:\/\/goocater.com\/warranty-after-sales-policy\/\",\"name\":\"Warranty & After-Sales Policy - Goocater\",\"isPartOf\":{\"@id\":\"https:\/\/goocater.com\/#website\"},\"datePublished\":\"2025-12-07T10:46:42+00:00\",\"dateModified\":\"2025-12-07T10:48:30+00:00\",\"breadcrumb\":{\"@id\":\"https:\/\/goocater.com\/warranty-after-sales-policy\/#breadcrumb\"},\"inLanguage\":\"es\",\"potentialAction\":[{\"@type\":\"ReadAction\",\"target\":[\"https:\/\/goocater.com\/warranty-after-sales-policy\/\"]}]},{\"@type\":\"BreadcrumbList\",\"@id\":\"https:\/\/goocater.com\/warranty-after-sales-policy\/#breadcrumb\",\"itemListElement\":[{\"@type\":\"ListItem\",\"position\":1,\"name\":\"Home\",\"item\":\"https:\/\/goocater.com\/\"},{\"@type\":\"ListItem\",\"position\":2,\"name\":\"Warranty &#038; After-Sales Policy\"}]},{\"@type\":\"WebSite\",\"@id\":\"https:\/\/goocater.com\/#website\",\"url\":\"https:\/\/goocater.com\/\",\"name\":\"Goocater\",\"description\":\"Global Catering Kitchenware Supply Chain - One stop Procurement Platform | Goocater\u200b\",\"potentialAction\":[{\"@type\":\"SearchAction\",\"target\":{\"@type\":\"EntryPoint\",\"urlTemplate\":\"https:\/\/goocater.com\/?s={search_term_string}\"},\"query-input\":{\"@type\":\"PropertyValueSpecification\",\"valueRequired\":true,\"valueName\":\"search_term_string\"}}],\"inLanguage\":\"es\"}]}<\/script>\n<!-- \/ Yoast SEO Premium plugin. -->","yoast_head_json":{"title":"Warranty & After-Sales Policy - Goocater","robots":{"index":"index","follow":"follow","max-snippet":"max-snippet:-1","max-image-preview":"max-image-preview:large","max-video-preview":"max-video-preview:-1"},"canonical":"https:\/\/goocater.com\/es\/warranty-after-sales-policy\/","og_locale":"es_ES","og_type":"article","og_title":"Warranty & After-Sales Policy","og_description":"Warranty &amp; After-Sales Policy Inspection Period Upon receiving the goods, the buyer has [7-14] days to inspect the quality and","og_url":"https:\/\/goocater.com\/es\/warranty-after-sales-policy\/","og_site_name":"Goocater","article_modified_time":"2025-12-07T10:48:30+00:00","twitter_card":"summary_large_image","twitter_misc":{"Tiempo de lectura":"1 minuto"},"schema":{"@context":"https:\/\/schema.org","@graph":[{"@type":"WebPage","@id":"https:\/\/goocater.com\/warranty-after-sales-policy\/","url":"https:\/\/goocater.com\/warranty-after-sales-policy\/","name":"Warranty & After-Sales Policy - Goocater","isPartOf":{"@id":"https:\/\/goocater.com\/#website"},"datePublished":"2025-12-07T10:46:42+00:00","dateModified":"2025-12-07T10:48:30+00:00","breadcrumb":{"@id":"https:\/\/goocater.com\/warranty-after-sales-policy\/#breadcrumb"},"inLanguage":"es","potentialAction":[{"@type":"ReadAction","target":["https:\/\/goocater.com\/warranty-after-sales-policy\/"]}]},{"@type":"BreadcrumbList","@id":"https:\/\/goocater.com\/warranty-after-sales-policy\/#breadcrumb","itemListElement":[{"@type":"ListItem","position":1,"name":"Home","item":"https:\/\/goocater.com\/"},{"@type":"ListItem","position":2,"name":"Warranty &#038; After-Sales Policy"}]},{"@type":"WebSite","@id":"https:\/\/goocater.com\/#website","url":"https:\/\/goocater.com\/","name":"Goocater","description":"Global Catering Kitchenware Supply Chain - One stop Procurement Platform | Goocater\u200b","potentialAction":[{"@type":"SearchAction","target":{"@type":"EntryPoint","urlTemplate":"https:\/\/goocater.com\/?s={search_term_string}"},"query-input":{"@type":"PropertyValueSpecification","valueRequired":true,"valueName":"search_term_string"}}],"inLanguage":"es"}]}},"_links":{"self":[{"href":"https:\/\/goocater.com\/es\/wp-json\/wp\/v2\/pages\/1475","targetHints":{"allow":["GET"]}}],"collection":[{"href":"https:\/\/goocater.com\/es\/wp-json\/wp\/v2\/pages"}],"about":[{"href":"https:\/\/goocater.com\/es\/wp-json\/wp\/v2\/types\/page"}],"author":[{"embeddable":true,"href":"https:\/\/goocater.com\/es\/wp-json\/wp\/v2\/users\/1"}],"replies":[{"embeddable":true,"href":"https:\/\/goocater.com\/es\/wp-json\/wp\/v2\/comments?post=1475"}],"version-history":[{"count":8,"href":"https:\/\/goocater.com\/es\/wp-json\/wp\/v2\/pages\/1475\/revisions"}],"predecessor-version":[{"id":1483,"href":"https:\/\/goocater.com\/es\/wp-json\/wp\/v2\/pages\/1475\/revisions\/1483"}],"wp:attachment":[{"href":"https:\/\/goocater.com\/es\/wp-json\/wp\/v2\/media?parent=1475"}],"curies":[{"name":"wp","href":"https:\/\/api.w.org\/{rel}","templated":true}]}}