{"id":1466,"date":"2025-12-07T10:43:13","date_gmt":"2025-12-07T10:43:13","guid":{"rendered":"https:\/\/goocater.com\/?page_id=1466"},"modified":"2025-12-07T10:46:24","modified_gmt":"2025-12-07T10:46:24","slug":"terms-of-service","status":"publish","type":"page","link":"https:\/\/goocater.com\/es\/terms-of-service\/","title":{"rendered":"Condiciones de servicio"},"content":{"rendered":"<div data-elementor-type=\"wp-page\" data-elementor-id=\"1466\" class=\"elementor elementor-1466\">\n\t\t\t\t<div class=\"wd-negative-gap elementor-element elementor-element-3b69e52 e-flex e-con-boxed e-con e-parent\" data-id=\"3b69e52\" data-element_type=\"container\">\n\t\t\t\t\t<div class=\"e-con-inner\">\n\t\t\t\t<div class=\"elementor-element elementor-element-9b2485d elementor-widget elementor-widget-heading\" data-id=\"9b2485d\" data-element_type=\"widget\" data-widget_type=\"heading.default\">\n\t\t\t\t\t<h2 class=\"elementor-heading-title elementor-size-default\">Condiciones de servicio<\/h2>\t\t\t\t<\/div>\n\t\t\t\t<div class=\"elementor-element elementor-element-359ecfa color-scheme-inherit text-left elementor-widget elementor-widget-text-editor\" data-id=\"359ecfa\" data-element_type=\"widget\" data-widget_type=\"text-editor.default\">\n\t\t\t\t\t\t\t\t\t<h5><strong>CONDICIONES DE SERVICIO DE GOOCATER<\/strong><\/h5><h5><strong>\u00daltima actualizaci\u00f3n: noviembre de 2025<\/strong><\/h5><ol><li><h5><strong>General<\/strong><\/h5><\/li><\/ol><h5><strong>Este sitio web es operado por Jiujiang Qiugou International Trade Co., Ltd (Goocater). Al acceder a nuestro sitio, usted acepta estas Condiciones de Servicio. Estas condiciones se aplican a todos los usuarios del sitio, incluyendo navegadores, proveedores, clientes y comerciantes.<\/strong><\/h5><ol start=\"2\"><li><h5><strong>Informaci\u00f3n del producto<\/strong><\/h5><\/li><\/ol><h5><strong>Nos esforzamos por mostrar los colores y las especificaciones de nuestros productos con la mayor precisi\u00f3n posible. Sin embargo, al ser un cat\u00e1logo B2B, las especificaciones t\u00e9cnicas pueden variar seg\u00fan los requisitos del cliente. Todas las descripciones y precios de los productos est\u00e1n sujetos a confirmaci\u00f3n mediante cotizaci\u00f3n oficial.<\/strong><\/h5><ol start=\"3\"><li><h5><strong>Transacciones B2B<\/strong><\/h5><\/li><\/ol><h5><strong>Este sitio web sirve como plataforma de consulta. No se realizan transacciones directas en l\u00ednea. Todas las ventas se rigen por el Contrato de Compraventa o Factura Proforma firmado entre ambas partes, que detalla las condiciones de pago (p. ej., transferencia bancaria, carta de cr\u00e9dito) y las condiciones de entrega.<\/strong><\/h5><ol start=\"4\"><li><h5><strong>Propiedad intelectual<\/strong><\/h5><\/li><\/ol><h5><strong>Todo el contenido incluido en este sitio, como texto, gr\u00e1ficos, logotipos, im\u00e1genes y software, es propiedad de Goocater y est\u00e1 protegido por las leyes internacionales de derechos de autor.<\/strong><\/h5><ol start=\"5\"><li><h5><strong>Limitaci\u00f3n de responsabilidad<\/strong><\/h5><\/li><\/ol><h5><strong>Goocater no ser\u00e1 responsable de ning\u00fan da\u00f1o directo, indirecto o consecuente que resulte del uso o la imposibilidad de usar los materiales de este sitio web.<\/strong><\/h5>\t\t\t\t\t\t\t\t<\/div>\n\t\t\t\t\t<\/div>\n\t\t\t\t<\/div>\n\t\t\t\t<\/div>","protected":false},"excerpt":{"rendered":"<p>Condiciones de servicio CONDICIONES DE SERVICIO DE GOOCATER \u00daltima actualizaci\u00f3n: noviembre de 2025 General Este sitio web es operado por Jiujiang Qiugou International Trade Co.,<\/p>","protected":false},"author":1,"featured_media":0,"parent":0,"menu_order":0,"comment_status":"closed","ping_status":"closed","template":"","meta":{"footnotes":""},"class_list":["post-1466","page","type-page","status-publish","hentry"],"yoast_head":"<!-- This site is optimized with the Yoast SEO Premium plugin v25.8 (Yoast SEO v25.8) - https:\/\/yoast.com\/wordpress\/plugins\/seo\/ -->\n<title>Terms of Service - Goocater<\/title>\n<meta name=\"robots\" content=\"index, follow, max-snippet:-1, max-image-preview:large, max-video-preview:-1\" \/>\n<link rel=\"canonical\" href=\"https:\/\/goocater.com\/es\/terms-of-service\/\" \/>\n<meta property=\"og:locale\" content=\"es_ES\" \/>\n<meta property=\"og:type\" content=\"article\" \/>\n<meta property=\"og:title\" content=\"Terms of Service\" \/>\n<meta property=\"og:description\" content=\"Terms of Service GOOCATER\u00a0TERMS OF SERVICE Last Updated: November\u00a02025 General This website is operated by Jiujiang Qiugou International Trade Co.,\" \/>\n<meta property=\"og:url\" content=\"https:\/\/goocater.com\/es\/terms-of-service\/\" \/>\n<meta property=\"og:site_name\" content=\"Goocater\" \/>\n<meta property=\"article:modified_time\" content=\"2025-12-07T10:46:24+00:00\" \/>\n<meta name=\"twitter:card\" content=\"summary_large_image\" \/>\n<meta name=\"twitter:label1\" content=\"Tiempo de lectura\" \/>\n\t<meta name=\"twitter:data1\" content=\"1 minuto\" \/>\n<script type=\"application\/ld+json\" class=\"yoast-schema-graph\">{\"@context\":\"https:\/\/schema.org\",\"@graph\":[{\"@type\":\"WebPage\",\"@id\":\"https:\/\/goocater.com\/terms-of-service\/\",\"url\":\"https:\/\/goocater.com\/terms-of-service\/\",\"name\":\"Terms of Service - Goocater\",\"isPartOf\":{\"@id\":\"https:\/\/goocater.com\/#website\"},\"datePublished\":\"2025-12-07T10:43:13+00:00\",\"dateModified\":\"2025-12-07T10:46:24+00:00\",\"breadcrumb\":{\"@id\":\"https:\/\/goocater.com\/terms-of-service\/#breadcrumb\"},\"inLanguage\":\"es\",\"potentialAction\":[{\"@type\":\"ReadAction\",\"target\":[\"https:\/\/goocater.com\/terms-of-service\/\"]}]},{\"@type\":\"BreadcrumbList\",\"@id\":\"https:\/\/goocater.com\/terms-of-service\/#breadcrumb\",\"itemListElement\":[{\"@type\":\"ListItem\",\"position\":1,\"name\":\"Home\",\"item\":\"https:\/\/goocater.com\/\"},{\"@type\":\"ListItem\",\"position\":2,\"name\":\"Terms of Service\"}]},{\"@type\":\"WebSite\",\"@id\":\"https:\/\/goocater.com\/#website\",\"url\":\"https:\/\/goocater.com\/\",\"name\":\"Goocater\",\"description\":\"Global Catering Kitchenware Supply Chain - One stop Procurement Platform | Goocater\u200b\",\"potentialAction\":[{\"@type\":\"SearchAction\",\"target\":{\"@type\":\"EntryPoint\",\"urlTemplate\":\"https:\/\/goocater.com\/?s={search_term_string}\"},\"query-input\":{\"@type\":\"PropertyValueSpecification\",\"valueRequired\":true,\"valueName\":\"search_term_string\"}}],\"inLanguage\":\"es\"}]}<\/script>\n<!-- \/ Yoast SEO Premium plugin. -->","yoast_head_json":{"title":"Terms of Service - Goocater","robots":{"index":"index","follow":"follow","max-snippet":"max-snippet:-1","max-image-preview":"max-image-preview:large","max-video-preview":"max-video-preview:-1"},"canonical":"https:\/\/goocater.com\/es\/terms-of-service\/","og_locale":"es_ES","og_type":"article","og_title":"Terms of Service","og_description":"Terms of Service GOOCATER\u00a0TERMS OF SERVICE Last Updated: November\u00a02025 General This website is operated by Jiujiang Qiugou International Trade Co.,","og_url":"https:\/\/goocater.com\/es\/terms-of-service\/","og_site_name":"Goocater","article_modified_time":"2025-12-07T10:46:24+00:00","twitter_card":"summary_large_image","twitter_misc":{"Tiempo de lectura":"1 minuto"},"schema":{"@context":"https:\/\/schema.org","@graph":[{"@type":"WebPage","@id":"https:\/\/goocater.com\/terms-of-service\/","url":"https:\/\/goocater.com\/terms-of-service\/","name":"Terms of Service - Goocater","isPartOf":{"@id":"https:\/\/goocater.com\/#website"},"datePublished":"2025-12-07T10:43:13+00:00","dateModified":"2025-12-07T10:46:24+00:00","breadcrumb":{"@id":"https:\/\/goocater.com\/terms-of-service\/#breadcrumb"},"inLanguage":"es","potentialAction":[{"@type":"ReadAction","target":["https:\/\/goocater.com\/terms-of-service\/"]}]},{"@type":"BreadcrumbList","@id":"https:\/\/goocater.com\/terms-of-service\/#breadcrumb","itemListElement":[{"@type":"ListItem","position":1,"name":"Home","item":"https:\/\/goocater.com\/"},{"@type":"ListItem","position":2,"name":"Terms of Service"}]},{"@type":"WebSite","@id":"https:\/\/goocater.com\/#website","url":"https:\/\/goocater.com\/","name":"Goocater","description":"Global Catering Kitchenware Supply Chain - One stop Procurement Platform | Goocater\u200b","potentialAction":[{"@type":"SearchAction","target":{"@type":"EntryPoint","urlTemplate":"https:\/\/goocater.com\/?s={search_term_string}"},"query-input":{"@type":"PropertyValueSpecification","valueRequired":true,"valueName":"search_term_string"}}],"inLanguage":"es"}]}},"_links":{"self":[{"href":"https:\/\/goocater.com\/es\/wp-json\/wp\/v2\/pages\/1466","targetHints":{"allow":["GET"]}}],"collection":[{"href":"https:\/\/goocater.com\/es\/wp-json\/wp\/v2\/pages"}],"about":[{"href":"https:\/\/goocater.com\/es\/wp-json\/wp\/v2\/types\/page"}],"author":[{"embeddable":true,"href":"https:\/\/goocater.com\/es\/wp-json\/wp\/v2\/users\/1"}],"replies":[{"embeddable":true,"href":"https:\/\/goocater.com\/es\/wp-json\/wp\/v2\/comments?post=1466"}],"version-history":[{"count":8,"href":"https:\/\/goocater.com\/es\/wp-json\/wp\/v2\/pages\/1466\/revisions"}],"predecessor-version":[{"id":1474,"href":"https:\/\/goocater.com\/es\/wp-json\/wp\/v2\/pages\/1466\/revisions\/1474"}],"wp:attachment":[{"href":"https:\/\/goocater.com\/es\/wp-json\/wp\/v2\/media?parent=1466"}],"curies":[{"name":"wp","href":"https:\/\/api.w.org\/{rel}","templated":true}]}}