{"id":1457,"date":"2025-12-07T10:39:56","date_gmt":"2025-12-07T10:39:56","guid":{"rendered":"https:\/\/goocater.com\/?page_id=1457"},"modified":"2025-12-07T10:42:26","modified_gmt":"2025-12-07T10:42:26","slug":"shipping-fulfillment-info","status":"publish","type":"page","link":"https:\/\/goocater.com\/es\/shipping-fulfillment-info\/","title":{"rendered":"Informaci\u00f3n de env\u00edo y cumplimiento"},"content":{"rendered":"<div data-elementor-type=\"wp-page\" data-elementor-id=\"1457\" class=\"elementor elementor-1457\">\n\t\t\t\t<div class=\"wd-negative-gap elementor-element elementor-element-e461ff4 e-flex e-con-boxed e-con e-parent\" data-id=\"e461ff4\" data-element_type=\"container\">\n\t\t\t\t\t<div class=\"e-con-inner\">\n\t\t\t\t<div class=\"elementor-element elementor-element-177dcaa elementor-widget elementor-widget-heading\" data-id=\"177dcaa\" data-element_type=\"widget\" data-widget_type=\"heading.default\">\n\t\t\t\t\t<h2 class=\"elementor-heading-title elementor-size-default\">Informaci\u00f3n de env\u00edo y cumplimiento<\/h2>\t\t\t\t<\/div>\n\t\t\t\t<div class=\"elementor-element elementor-element-744ee26 color-scheme-inherit text-left elementor-widget elementor-widget-text-editor\" data-id=\"744ee26\" data-element_type=\"widget\" data-widget_type=\"text-editor.default\">\n\t\t\t\t\t\t\t\t\t<ol><li><b><\/b><h5><strong>M\u00e9todos de env\u00edo<\/strong><\/h5><\/li><\/ol><h5><strong>Como mayorista\/fabricante B2B, ofrecemos opciones de env\u00edo flexibles seg\u00fan el volumen y el destino de su pedido. Colaboramos con importantes transportistas internacionales para garantizar una entrega segura mediante:<\/strong><\/h5><h5><strong>Transporte mar\u00edtimo: (FCL\/LCL) para pedidos al por mayor.<\/strong><\/h5><h5><strong>Transporte A\u00e9reo: Para pedidos urgentes.<\/strong><\/h5><h5><strong>Mensajer\u00eda Express: (DHL\/FedEx\/UPS) para muestras.<\/strong><\/h5><ol start=\"2\"><li><h5><strong>Incoterms<\/strong><\/h5><\/li><\/ol><h5><strong>Aceptamos los Incoterms est\u00e1ndar, como EXW, FOB, CIF, DDP y DAP. El m\u00e9todo y las condiciones de env\u00edo espec\u00edficos se confirmar\u00e1n en su contrato de compraventa.<\/strong><\/h5><ol start=\"3\"><li><h5><strong>Plazo de entrega (tiempo de producci\u00f3n)<\/strong><\/h5><\/li><\/ol><h5><strong>Art\u00edculos en stock: se env\u00edan dentro de [3-5] d\u00edas h\u00e1biles despu\u00e9s de la confirmaci\u00f3n del pago.<\/strong><\/h5><h5><strong>Pedidos personalizados\/al por mayor: El tiempo de producci\u00f3n suele ser de [15 a 45] d\u00edas, dependiendo de la cantidad del pedido y los requisitos de personalizaci\u00f3n. Las fechas espec\u00edficas se indicar\u00e1n en su cotizaci\u00f3n.<\/strong><\/h5><ol start=\"4\"><li><h5><strong>Seguimiento<\/strong><\/h5><\/li><\/ol><h5><strong>Una vez cargada la carga, el conocimiento de embarque (B\/L) o n\u00famero de seguimiento se enviar\u00e1 a su correo electr\u00f3nico inmediatamente.<\/strong><\/h5><h5>\u00a0<\/h5>\t\t\t\t\t\t\t\t<\/div>\n\t\t\t\t\t<\/div>\n\t\t\t\t<\/div>\n\t\t\t\t<\/div>","protected":false},"excerpt":{"rendered":"<p>Informaci\u00f3n de env\u00edo y cumplimiento M\u00e9todos de env\u00edo Como mayorista\/fabricante B2B, ofrecemos opciones de env\u00edo flexibles seg\u00fan el volumen de su pedido.<\/p>","protected":false},"author":1,"featured_media":0,"parent":0,"menu_order":0,"comment_status":"closed","ping_status":"closed","template":"","meta":{"footnotes":""},"class_list":["post-1457","page","type-page","status-publish","hentry"],"yoast_head":"<!-- This site is optimized with the Yoast SEO Premium plugin v25.8 (Yoast SEO v25.8) - https:\/\/yoast.com\/wordpress\/plugins\/seo\/ -->\n<title>Shipping &amp; Fulfillment Info - Goocater<\/title>\n<meta name=\"robots\" content=\"index, follow, max-snippet:-1, max-image-preview:large, max-video-preview:-1\" \/>\n<link rel=\"canonical\" href=\"https:\/\/goocater.com\/es\/shipping-fulfillment-info\/\" \/>\n<meta property=\"og:locale\" content=\"es_ES\" \/>\n<meta property=\"og:type\" content=\"article\" \/>\n<meta property=\"og:title\" content=\"Shipping &amp; Fulfillment Info\" \/>\n<meta property=\"og:description\" content=\"Shipping &amp; Fulfillment Info Shipping Methods As a B2B wholesaler\/manufacturer, we offer flexible shipping options based on your order volume\" \/>\n<meta property=\"og:url\" content=\"https:\/\/goocater.com\/es\/shipping-fulfillment-info\/\" \/>\n<meta property=\"og:site_name\" content=\"Goocater\" \/>\n<meta property=\"article:modified_time\" content=\"2025-12-07T10:42:26+00:00\" \/>\n<meta name=\"twitter:card\" content=\"summary_large_image\" \/>\n<meta name=\"twitter:label1\" content=\"Tiempo de lectura\" \/>\n\t<meta name=\"twitter:data1\" content=\"1 minuto\" \/>\n<script type=\"application\/ld+json\" class=\"yoast-schema-graph\">{\"@context\":\"https:\/\/schema.org\",\"@graph\":[{\"@type\":\"WebPage\",\"@id\":\"https:\/\/goocater.com\/shipping-fulfillment-info\/\",\"url\":\"https:\/\/goocater.com\/shipping-fulfillment-info\/\",\"name\":\"Shipping & Fulfillment Info - Goocater\",\"isPartOf\":{\"@id\":\"https:\/\/goocater.com\/#website\"},\"datePublished\":\"2025-12-07T10:39:56+00:00\",\"dateModified\":\"2025-12-07T10:42:26+00:00\",\"breadcrumb\":{\"@id\":\"https:\/\/goocater.com\/shipping-fulfillment-info\/#breadcrumb\"},\"inLanguage\":\"es\",\"potentialAction\":[{\"@type\":\"ReadAction\",\"target\":[\"https:\/\/goocater.com\/shipping-fulfillment-info\/\"]}]},{\"@type\":\"BreadcrumbList\",\"@id\":\"https:\/\/goocater.com\/shipping-fulfillment-info\/#breadcrumb\",\"itemListElement\":[{\"@type\":\"ListItem\",\"position\":1,\"name\":\"Home\",\"item\":\"https:\/\/goocater.com\/\"},{\"@type\":\"ListItem\",\"position\":2,\"name\":\"Shipping &#038; Fulfillment Info\"}]},{\"@type\":\"WebSite\",\"@id\":\"https:\/\/goocater.com\/#website\",\"url\":\"https:\/\/goocater.com\/\",\"name\":\"Goocater\",\"description\":\"Global Catering Kitchenware Supply Chain - One stop Procurement Platform | Goocater\u200b\",\"potentialAction\":[{\"@type\":\"SearchAction\",\"target\":{\"@type\":\"EntryPoint\",\"urlTemplate\":\"https:\/\/goocater.com\/?s={search_term_string}\"},\"query-input\":{\"@type\":\"PropertyValueSpecification\",\"valueRequired\":true,\"valueName\":\"search_term_string\"}}],\"inLanguage\":\"es\"}]}<\/script>\n<!-- \/ Yoast SEO Premium plugin. -->","yoast_head_json":{"title":"Shipping & Fulfillment Info - Goocater","robots":{"index":"index","follow":"follow","max-snippet":"max-snippet:-1","max-image-preview":"max-image-preview:large","max-video-preview":"max-video-preview:-1"},"canonical":"https:\/\/goocater.com\/es\/shipping-fulfillment-info\/","og_locale":"es_ES","og_type":"article","og_title":"Shipping & Fulfillment Info","og_description":"Shipping &amp; Fulfillment Info Shipping Methods As a B2B wholesaler\/manufacturer, we offer flexible shipping options based on your order volume","og_url":"https:\/\/goocater.com\/es\/shipping-fulfillment-info\/","og_site_name":"Goocater","article_modified_time":"2025-12-07T10:42:26+00:00","twitter_card":"summary_large_image","twitter_misc":{"Tiempo de lectura":"1 minuto"},"schema":{"@context":"https:\/\/schema.org","@graph":[{"@type":"WebPage","@id":"https:\/\/goocater.com\/shipping-fulfillment-info\/","url":"https:\/\/goocater.com\/shipping-fulfillment-info\/","name":"Shipping & Fulfillment Info - Goocater","isPartOf":{"@id":"https:\/\/goocater.com\/#website"},"datePublished":"2025-12-07T10:39:56+00:00","dateModified":"2025-12-07T10:42:26+00:00","breadcrumb":{"@id":"https:\/\/goocater.com\/shipping-fulfillment-info\/#breadcrumb"},"inLanguage":"es","potentialAction":[{"@type":"ReadAction","target":["https:\/\/goocater.com\/shipping-fulfillment-info\/"]}]},{"@type":"BreadcrumbList","@id":"https:\/\/goocater.com\/shipping-fulfillment-info\/#breadcrumb","itemListElement":[{"@type":"ListItem","position":1,"name":"Home","item":"https:\/\/goocater.com\/"},{"@type":"ListItem","position":2,"name":"Shipping &#038; Fulfillment Info"}]},{"@type":"WebSite","@id":"https:\/\/goocater.com\/#website","url":"https:\/\/goocater.com\/","name":"Goocater","description":"Global Catering Kitchenware Supply Chain - One stop Procurement Platform | Goocater\u200b","potentialAction":[{"@type":"SearchAction","target":{"@type":"EntryPoint","urlTemplate":"https:\/\/goocater.com\/?s={search_term_string}"},"query-input":{"@type":"PropertyValueSpecification","valueRequired":true,"valueName":"search_term_string"}}],"inLanguage":"es"}]}},"_links":{"self":[{"href":"https:\/\/goocater.com\/es\/wp-json\/wp\/v2\/pages\/1457","targetHints":{"allow":["GET"]}}],"collection":[{"href":"https:\/\/goocater.com\/es\/wp-json\/wp\/v2\/pages"}],"about":[{"href":"https:\/\/goocater.com\/es\/wp-json\/wp\/v2\/types\/page"}],"author":[{"embeddable":true,"href":"https:\/\/goocater.com\/es\/wp-json\/wp\/v2\/users\/1"}],"replies":[{"embeddable":true,"href":"https:\/\/goocater.com\/es\/wp-json\/wp\/v2\/comments?post=1457"}],"version-history":[{"count":8,"href":"https:\/\/goocater.com\/es\/wp-json\/wp\/v2\/pages\/1457\/revisions"}],"predecessor-version":[{"id":1465,"href":"https:\/\/goocater.com\/es\/wp-json\/wp\/v2\/pages\/1457\/revisions\/1465"}],"wp:attachment":[{"href":"https:\/\/goocater.com\/es\/wp-json\/wp\/v2\/media?parent=1457"}],"curies":[{"name":"wp","href":"https:\/\/api.w.org\/{rel}","templated":true}]}}