{"id":1448,"date":"2025-12-07T10:36:11","date_gmt":"2025-12-07T10:36:11","guid":{"rendered":"https:\/\/goocater.com\/?page_id=1448"},"modified":"2025-12-07T10:39:25","modified_gmt":"2025-12-07T10:39:25","slug":"privacy-policy","status":"publish","type":"page","link":"https:\/\/goocater.com\/es\/privacy-policy\/","title":{"rendered":"pol\u00edtica de privacidad"},"content":{"rendered":"<div data-elementor-type=\"wp-page\" data-elementor-id=\"1448\" class=\"elementor elementor-1448\">\n\t\t\t\t<div class=\"wd-negative-gap elementor-element elementor-element-ee25001 e-flex e-con-boxed e-con e-parent\" data-id=\"ee25001\" data-element_type=\"container\">\n\t\t\t\t\t<div class=\"e-con-inner\">\n\t\t\t\t<div class=\"elementor-element elementor-element-2df8e18 elementor-widget elementor-widget-heading\" data-id=\"2df8e18\" data-element_type=\"widget\" data-widget_type=\"heading.default\">\n\t\t\t\t\t<h2 class=\"elementor-heading-title elementor-size-default\">pol\u00edtica de privacidad<\/h2>\t\t\t\t<\/div>\n\t\t\t\t<div class=\"elementor-element elementor-element-2128d17 color-scheme-inherit text-left elementor-widget elementor-widget-text-editor\" data-id=\"2128d17\" data-element_type=\"widget\" data-widget_type=\"text-editor.default\">\n\t\t\t\t\t\t\t\t\t<h5><strong>\u00daltima actualizaci\u00f3n: noviembre de 2025<\/strong><\/h5><h5><strong>ALCANCE DE ESTA POL\u00cdTICA<\/strong><\/h5><h5><strong>Esta Pol\u00edtica de Privacidad (\u201cPol\u00edtica\u201d) se aplica a:<\/strong><\/h5><h5><strong>Jiujiang Qiugou International Trade Co., Ltd (\u201cGoocater\u201d, \u201cnosotros\u201d, \u201cnos\u201d, \u201cnuestro\u201d); y<\/strong><\/h5><h5><strong>Las propiedades en l\u00ednea de Goocater (incluidos nuestros sitios web y sitios web o aplicaciones m\u00f3viles que se vinculan a \u00e9l), nuestras p\u00e1ginas o identificadores de redes sociales y nuestros productos y servicios (los &quot;Servicios&quot;).<\/strong><\/h5><ol><li><h5><strong>Informaci\u00f3n que recopilamos<\/strong><\/h5><\/li><\/ol><h5><strong>Recopilamos la informaci\u00f3n que nos proporciona directamente al completar un formulario de consulta especializado, solicitar un presupuesto o contactarnos por correo electr\u00f3nico. Esto incluye:<\/strong><\/h5><h5><strong>Nombre y puesto de trabajo<\/strong><\/h5><h5><strong>nombre de empresa<\/strong><\/h5><h5><strong>Direcci\u00f3n de correo electr\u00f3nico y n\u00famero de tel\u00e9fono<\/strong><\/h5><h5><strong>Destino de env\u00edo (para fines de cotizaci\u00f3n)<\/strong><\/h5><h5><strong>Requisitos del producto<\/strong><\/h5><ol start=\"2\"><li><h5><strong>C\u00f3mo usamos su informaci\u00f3n<\/strong><\/h5><\/li><\/ol><h5><strong>Somos un fabricante\/proveedor B2B. Utilizamos su informaci\u00f3n \u00fanicamente para:<\/strong><\/h5><h5><strong>Procesar sus solicitudes y proporcionarle cotizaciones de precios (facturas proforma).<\/strong><\/h5><h5><strong>Comunicarnos con usted con respecto a las especificaciones del pedido y actualizaciones de producci\u00f3n.<\/strong><\/h5><h5><strong>Organizar la documentaci\u00f3n log\u00edstica y de despacho de aduanas.<\/strong><\/h5><h5><strong>No vendemos, intercambiamos ni transferimos su informaci\u00f3n de identificaci\u00f3n personal a terceros.<\/strong><\/h5><ol start=\"3\"><li><h5><strong>Cookies y tecnolog\u00edas de seguimiento<\/strong><\/h5><\/li><\/ol><h5><strong>Utilizamos cookies para mejorar tu experiencia de navegaci\u00f3n y analizar el tr\u00e1fico del sitio web. Tambi\u00e9n podemos utilizar servicios de terceros, como Google Analytics y Google Ads, para comprender mejor a nuestros visitantes y mostrarte anuncios relevantes. Puedes desactivar las cookies en la configuraci\u00f3n de tu navegador.<\/strong><\/h5><ol start=\"4\"><li><h5><strong>Seguridad de datos<\/strong><\/h5><\/li><\/ol><h5><strong>Implementamos diversas medidas de seguridad para proteger su informaci\u00f3n personal. Solo los empleados que necesitan la informaci\u00f3n para realizar una tarea espec\u00edfica (por ejemplo, facturaci\u00f3n o atenci\u00f3n al cliente) tienen acceso a la informaci\u00f3n personal identificable.<\/strong><\/h5><ol start=\"5\"><li><h5><strong>Cont\u00e1ctenos<\/strong><\/h5><\/li><\/ol><h5><strong>Si tiene alguna pregunta sobre esta pol\u00edtica de privacidad, puede contactarnos en:<\/strong><\/h5><h5><strong>Correo electr\u00f3nico: support@goocater.com<\/strong><\/h5><h5><strong>Direcci\u00f3n: 4F, Edificio 30, Parque Cient\u00edfico y Tecnol\u00f3gico de Hengsheng, Zona de Desarrollo Econ\u00f3mico, Ciudad de Jiujiang, Provincia de Jiangxi, China<\/strong><\/h5>\t\t\t\t\t\t\t\t<\/div>\n\t\t\t\t\t<\/div>\n\t\t\t\t<\/div>\n\t\t\t\t<\/div>","protected":false},"excerpt":{"rendered":"<p>Pol\u00edtica de privacidad \u00daltima actualizaci\u00f3n: noviembre de 2025 ALCANCE DE ESTA POL\u00cdTICA Esta Pol\u00edtica de privacidad (\u201cPol\u00edtica\u201d) se aplica a: Jiujiang Qiugou International Trade Co.,<\/p>","protected":false},"author":1,"featured_media":0,"parent":0,"menu_order":0,"comment_status":"closed","ping_status":"closed","template":"","meta":{"footnotes":""},"class_list":["post-1448","page","type-page","status-publish","hentry"],"yoast_head":"<!-- This site is optimized with the Yoast SEO Premium plugin v25.8 (Yoast SEO v25.8) - https:\/\/yoast.com\/wordpress\/plugins\/seo\/ -->\n<title>Privacy Policy - Goocater<\/title>\n<meta name=\"robots\" content=\"index, follow, max-snippet:-1, max-image-preview:large, max-video-preview:-1\" \/>\n<link rel=\"canonical\" href=\"https:\/\/goocater.com\/es\/privacy-policy\/\" \/>\n<meta property=\"og:locale\" content=\"es_ES\" \/>\n<meta property=\"og:type\" content=\"article\" \/>\n<meta property=\"og:title\" content=\"Privacy Policy\" \/>\n<meta property=\"og:description\" content=\"Privacy Policy Last Updated: November\u00a02025 SCOPE OF THIS POLICY This Privacy Policy (\u201cPolicy\u201d) applies to: Jiujiang Qiugou International Trade Co.,\" \/>\n<meta property=\"og:url\" content=\"https:\/\/goocater.com\/es\/privacy-policy\/\" \/>\n<meta property=\"og:site_name\" content=\"Goocater\" \/>\n<meta property=\"article:modified_time\" content=\"2025-12-07T10:39:25+00:00\" \/>\n<meta name=\"twitter:card\" content=\"summary_large_image\" \/>\n<meta name=\"twitter:label1\" content=\"Tiempo de lectura\" \/>\n\t<meta name=\"twitter:data1\" content=\"2 minutos\" \/>\n<script type=\"application\/ld+json\" class=\"yoast-schema-graph\">{\"@context\":\"https:\/\/schema.org\",\"@graph\":[{\"@type\":\"WebPage\",\"@id\":\"https:\/\/goocater.com\/privacy-policy\/\",\"url\":\"https:\/\/goocater.com\/privacy-policy\/\",\"name\":\"Privacy Policy - Goocater\",\"isPartOf\":{\"@id\":\"https:\/\/goocater.com\/#website\"},\"datePublished\":\"2025-12-07T10:36:11+00:00\",\"dateModified\":\"2025-12-07T10:39:25+00:00\",\"breadcrumb\":{\"@id\":\"https:\/\/goocater.com\/privacy-policy\/#breadcrumb\"},\"inLanguage\":\"es\",\"potentialAction\":[{\"@type\":\"ReadAction\",\"target\":[\"https:\/\/goocater.com\/privacy-policy\/\"]}]},{\"@type\":\"BreadcrumbList\",\"@id\":\"https:\/\/goocater.com\/privacy-policy\/#breadcrumb\",\"itemListElement\":[{\"@type\":\"ListItem\",\"position\":1,\"name\":\"Home\",\"item\":\"https:\/\/goocater.com\/\"},{\"@type\":\"ListItem\",\"position\":2,\"name\":\"Privacy Policy\"}]},{\"@type\":\"WebSite\",\"@id\":\"https:\/\/goocater.com\/#website\",\"url\":\"https:\/\/goocater.com\/\",\"name\":\"Goocater\",\"description\":\"Global Catering Kitchenware Supply Chain - One stop Procurement Platform | Goocater\u200b\",\"potentialAction\":[{\"@type\":\"SearchAction\",\"target\":{\"@type\":\"EntryPoint\",\"urlTemplate\":\"https:\/\/goocater.com\/?s={search_term_string}\"},\"query-input\":{\"@type\":\"PropertyValueSpecification\",\"valueRequired\":true,\"valueName\":\"search_term_string\"}}],\"inLanguage\":\"es\"}]}<\/script>\n<!-- \/ Yoast SEO Premium plugin. -->","yoast_head_json":{"title":"Privacy Policy - Goocater","robots":{"index":"index","follow":"follow","max-snippet":"max-snippet:-1","max-image-preview":"max-image-preview:large","max-video-preview":"max-video-preview:-1"},"canonical":"https:\/\/goocater.com\/es\/privacy-policy\/","og_locale":"es_ES","og_type":"article","og_title":"Privacy Policy","og_description":"Privacy Policy Last Updated: November\u00a02025 SCOPE OF THIS POLICY This Privacy Policy (\u201cPolicy\u201d) applies to: Jiujiang Qiugou International Trade Co.,","og_url":"https:\/\/goocater.com\/es\/privacy-policy\/","og_site_name":"Goocater","article_modified_time":"2025-12-07T10:39:25+00:00","twitter_card":"summary_large_image","twitter_misc":{"Tiempo de lectura":"2 minutos"},"schema":{"@context":"https:\/\/schema.org","@graph":[{"@type":"WebPage","@id":"https:\/\/goocater.com\/privacy-policy\/","url":"https:\/\/goocater.com\/privacy-policy\/","name":"Privacy Policy - Goocater","isPartOf":{"@id":"https:\/\/goocater.com\/#website"},"datePublished":"2025-12-07T10:36:11+00:00","dateModified":"2025-12-07T10:39:25+00:00","breadcrumb":{"@id":"https:\/\/goocater.com\/privacy-policy\/#breadcrumb"},"inLanguage":"es","potentialAction":[{"@type":"ReadAction","target":["https:\/\/goocater.com\/privacy-policy\/"]}]},{"@type":"BreadcrumbList","@id":"https:\/\/goocater.com\/privacy-policy\/#breadcrumb","itemListElement":[{"@type":"ListItem","position":1,"name":"Home","item":"https:\/\/goocater.com\/"},{"@type":"ListItem","position":2,"name":"Privacy Policy"}]},{"@type":"WebSite","@id":"https:\/\/goocater.com\/#website","url":"https:\/\/goocater.com\/","name":"Goocater","description":"Global Catering Kitchenware Supply Chain - One stop Procurement Platform | Goocater\u200b","potentialAction":[{"@type":"SearchAction","target":{"@type":"EntryPoint","urlTemplate":"https:\/\/goocater.com\/?s={search_term_string}"},"query-input":{"@type":"PropertyValueSpecification","valueRequired":true,"valueName":"search_term_string"}}],"inLanguage":"es"}]}},"_links":{"self":[{"href":"https:\/\/goocater.com\/es\/wp-json\/wp\/v2\/pages\/1448","targetHints":{"allow":["GET"]}}],"collection":[{"href":"https:\/\/goocater.com\/es\/wp-json\/wp\/v2\/pages"}],"about":[{"href":"https:\/\/goocater.com\/es\/wp-json\/wp\/v2\/types\/page"}],"author":[{"embeddable":true,"href":"https:\/\/goocater.com\/es\/wp-json\/wp\/v2\/users\/1"}],"replies":[{"embeddable":true,"href":"https:\/\/goocater.com\/es\/wp-json\/wp\/v2\/comments?post=1448"}],"version-history":[{"count":8,"href":"https:\/\/goocater.com\/es\/wp-json\/wp\/v2\/pages\/1448\/revisions"}],"predecessor-version":[{"id":1456,"href":"https:\/\/goocater.com\/es\/wp-json\/wp\/v2\/pages\/1448\/revisions\/1456"}],"wp:attachment":[{"href":"https:\/\/goocater.com\/es\/wp-json\/wp\/v2\/media?parent=1448"}],"curies":[{"name":"wp","href":"https:\/\/api.w.org\/{rel}","templated":true}]}}